{"id":108,"date":"2021-12-15T08:33:24","date_gmt":"2021-12-15T07:33:24","guid":{"rendered":"https:\/\/ideopsy.fr\/?page_id=108"},"modified":"2023-01-20T08:13:50","modified_gmt":"2023-01-20T07:13:50","slug":"association-jeunesse-pour-demain","status":"publish","type":"page","link":"https:\/\/ideopsy.fr\/index.php\/association-jeunesse-pour-demain\/","title":{"rendered":"ASSOCIATION JEUNESSE POUR DEMAIN"},"content":{"rendered":"\n<div class=\"wp-block-image\"><figure class=\"aligncenter size-full is-resized\"><img loading=\"lazy\" decoding=\"async\" src=\"https:\/\/ideopsy.fr\/wp-content\/uploads\/2021\/12\/Logo-AJD-HD-2.jpg-2-2.jpg\" alt=\"\" class=\"wp-image-189\" width=\"222\" height=\"292\" srcset=\"https:\/\/ideopsy.fr\/wp-content\/uploads\/2021\/12\/Logo-AJD-HD-2.jpg-2-2.jpg 356w, https:\/\/ideopsy.fr\/wp-content\/uploads\/2021\/12\/Logo-AJD-HD-2.jpg-2-2-227x300.jpg 227w\" sizes=\"auto, (max-width: 222px) 100vw, 222px\" \/><\/figure><\/div>\n\n\n\n<p class=\"has-text-align-center has-text-color\" style=\"color:#228051\"><strong>#Adolescent #Educatif #Conflits #Conseils #Accompagnement #Parentalit\u00e9s #Ecoute #Souplesse #R\u00e9activit\u00e9 #LibreAdh\u00e9sion<\/strong><\/p>\n\n\n\n<p class=\"has-text-align-center\"><a href=\"http:\/\/ajd.asso.fr\/\">http:\/\/ajd.asso.fr\/<\/a><\/p>\n\n\n\n<p class=\"has-text-align-center has-black-color has-text-color\">L\u2019AJD est une association de Pr\u00e9vention Sp\u00e9cialis\u00e9e qui a pour but d\u2019accompagner l\u2019autonomie des jeunes et la construction de leur projet de vie dans le respect de leur identit\u00e9, tout en tenant compte de leur environnement.<\/p>\n\n\n\n<p class=\"has-text-align-center has-black-color has-text-color\">Rattach\u00e9e \u00e0 la protection de l\u2019enfance, l\u2019AJD s\u2019inscrit dans les principes de la Pr\u00e9vention Sp\u00e9cialis\u00e9e, \u00e0 savoir&nbsp;: absence de mandat, libre adh\u00e9sion des jeunes et des familles \u00e0 la relation \u00e9ducative, respect de l\u2019anonymat et non-institutionnalisation des actions.<\/p>\n\n\n\n<p class=\"has-text-align-center has-black-color has-text-color\">Les \u00e9ducateurs sp\u00e9cialis\u00e9s proposent, sur l\u2019ensemble du d\u00e9partement, d\u2019accompagner les jeunes pour les aider \u00e0 d\u00e9passer leurs difficult\u00e9s qu\u2019elles soient d\u2019ordre sociales, familiales, professionnelles, personnelles. Tout jeune qui en ressent le besoin peut contacter l\u2019\u00e9ducateur directement sur son portable pour faire part de ses difficult\u00e9s ou de ses questionnements. L\u2019\u00e9ducateur intervient sur simple demande, \u00e0 domicile ou dans tout autre lieu adapt\u00e9 \u00e0 la rencontre.<\/p>\n\n\n\n<p class=\"has-text-align-center has-black-color has-text-color\">Les \u00e9ducateurs sont \u00e9galement en mesure d\u2019impliquer les parents et de proposer un soutien renforc\u00e9 \u00e0 ceux rencontrant des difficult\u00e9s relationnelles ou \u00e9ducatives avec leur adolescent.<\/p>\n\n\n\n<p class=\"has-text-align-center has-black-color has-text-color\">Elle s\u2019adresse \u00e0 un public de 11 \u00e0 21 ans.<\/p>\n\n\n\n<div class=\"wp-block-columns is-layout-flex wp-container-core-columns-is-layout-9d6595d7 wp-block-columns-is-layout-flex\">\n<div class=\"wp-block-column is-layout-flow wp-block-column-is-layout-flow\">\n<figure class=\"wp-block-image size-large\"><img loading=\"lazy\" decoding=\"async\" width=\"1024\" height=\"576\" src=\"https:\/\/ideopsy.fr\/wp-content\/uploads\/2023\/01\/Diapositive1-12-1024x576.jpg\" alt=\"\" class=\"wp-image-870\" srcset=\"https:\/\/ideopsy.fr\/wp-content\/uploads\/2023\/01\/Diapositive1-12-1024x576.jpg 1024w, https:\/\/ideopsy.fr\/wp-content\/uploads\/2023\/01\/Diapositive1-12-300x169.jpg 300w, https:\/\/ideopsy.fr\/wp-content\/uploads\/2023\/01\/Diapositive1-12-768x432.jpg 768w, https:\/\/ideopsy.fr\/wp-content\/uploads\/2023\/01\/Diapositive1-12.jpg 1280w\" sizes=\"auto, (max-width: 1024px) 100vw, 1024px\" \/><\/figure>\n\n\n\n<figure class=\"wp-block-image size-large\"><img loading=\"lazy\" decoding=\"async\" width=\"1024\" height=\"576\" src=\"https:\/\/ideopsy.fr\/wp-content\/uploads\/2023\/01\/Diapositive3-8-1024x576.jpg\" alt=\"\" class=\"wp-image-872\" srcset=\"https:\/\/ideopsy.fr\/wp-content\/uploads\/2023\/01\/Diapositive3-8-1024x576.jpg 1024w, https:\/\/ideopsy.fr\/wp-content\/uploads\/2023\/01\/Diapositive3-8-300x169.jpg 300w, https:\/\/ideopsy.fr\/wp-content\/uploads\/2023\/01\/Diapositive3-8-768x432.jpg 768w, https:\/\/ideopsy.fr\/wp-content\/uploads\/2023\/01\/Diapositive3-8.jpg 1280w\" sizes=\"auto, (max-width: 1024px) 100vw, 1024px\" \/><\/figure>\n<\/div>\n\n\n\n<div class=\"wp-block-column is-layout-flow wp-block-column-is-layout-flow\">\n<figure class=\"wp-block-image size-large\"><img loading=\"lazy\" decoding=\"async\" width=\"1024\" height=\"576\" src=\"https:\/\/ideopsy.fr\/wp-content\/uploads\/2023\/01\/Diapositive2-12-1024x576.jpg\" alt=\"\" class=\"wp-image-871\" srcset=\"https:\/\/ideopsy.fr\/wp-content\/uploads\/2023\/01\/Diapositive2-12-1024x576.jpg 1024w, https:\/\/ideopsy.fr\/wp-content\/uploads\/2023\/01\/Diapositive2-12-300x169.jpg 300w, https:\/\/ideopsy.fr\/wp-content\/uploads\/2023\/01\/Diapositive2-12-768x432.jpg 768w, https:\/\/ideopsy.fr\/wp-content\/uploads\/2023\/01\/Diapositive2-12.jpg 1280w\" sizes=\"auto, (max-width: 1024px) 100vw, 1024px\" \/><\/figure>\n\n\n\n<figure class=\"wp-block-image size-large\"><img loading=\"lazy\" decoding=\"async\" width=\"1024\" height=\"576\" src=\"https:\/\/ideopsy.fr\/wp-content\/uploads\/2023\/01\/Diapositive4-8-1024x576.jpg\" alt=\"\" class=\"wp-image-874\" srcset=\"https:\/\/ideopsy.fr\/wp-content\/uploads\/2023\/01\/Diapositive4-8-1024x576.jpg 1024w, https:\/\/ideopsy.fr\/wp-content\/uploads\/2023\/01\/Diapositive4-8-300x169.jpg 300w, https:\/\/ideopsy.fr\/wp-content\/uploads\/2023\/01\/Diapositive4-8-768x432.jpg 768w, https:\/\/ideopsy.fr\/wp-content\/uploads\/2023\/01\/Diapositive4-8.jpg 1280w\" sizes=\"auto, (max-width: 1024px) 100vw, 1024px\" \/><\/figure>\n<\/div>\n<\/div>\n\n\n\n<figure class=\"wp-block-image size-large is-resized\"><img loading=\"lazy\" decoding=\"async\" src=\"https:\/\/ideopsy.fr\/wp-content\/uploads\/2022\/08\/coordonnees-AJD_page-0001-1024x470.jpg\" alt=\"\" class=\"wp-image-625\" width=\"907\" height=\"416\" srcset=\"https:\/\/ideopsy.fr\/wp-content\/uploads\/2022\/08\/coordonnees-AJD_page-0001-1024x470.jpg 1024w, https:\/\/ideopsy.fr\/wp-content\/uploads\/2022\/08\/coordonnees-AJD_page-0001-300x138.jpg 300w, https:\/\/ideopsy.fr\/wp-content\/uploads\/2022\/08\/coordonnees-AJD_page-0001-768x353.jpg 768w, https:\/\/ideopsy.fr\/wp-content\/uploads\/2022\/08\/coordonnees-AJD_page-0001.jpg 1525w\" sizes=\"auto, (max-width: 907px) 100vw, 907px\" \/><\/figure>\n\n\n\n<p><\/p>\n","protected":false},"excerpt":{"rendered":"<p>#Adolescent #Educatif #Conflits #Conseils #Accompagnement #Parentalit\u00e9s #Ecoute #Souplesse #R\u00e9activit\u00e9 #LibreAdh\u00e9sion http:\/\/ajd.asso.fr\/ L\u2019AJD est une association de Pr\u00e9vention Sp\u00e9cialis\u00e9e qui a pour but d\u2019accompagner l\u2019autonomie des jeunes et la construction de leur projet de vie dans le respect de leur identit\u00e9, tout en tenant compte de leur environnement. Rattach\u00e9e \u00e0 la [&hellip;]<\/p>\n","protected":false},"author":1,"featured_media":0,"parent":0,"menu_order":0,"comment_status":"closed","ping_status":"closed","template":"","meta":{"_monsterinsights_skip_tracking":false,"_monsterinsights_sitenote_active":false,"_monsterinsights_sitenote_note":"","_monsterinsights_sitenote_category":0,"_uf_show_specific_survey":0,"_uf_disable_surveys":false,"_themeisle_gutenberg_block_has_review":false,"footnotes":""},"class_list":["post-108","page","type-page","status-publish","hentry"],"yoast_head":"<!-- This site is optimized with the Yoast SEO plugin v24.7 - https:\/\/yoast.com\/wordpress\/plugins\/seo\/ -->\n<title>ASSOCIATION JEUNESSE POUR DEMAIN - IDEO<\/title>\n<meta name=\"robots\" content=\"index, follow, max-snippet:-1, max-image-preview:large, max-video-preview:-1\" \/>\n<link rel=\"canonical\" href=\"https:\/\/ideopsy.fr\/index.php\/association-jeunesse-pour-demain\/\" \/>\n<meta property=\"og:locale\" content=\"fr_FR\" \/>\n<meta property=\"og:type\" content=\"article\" \/>\n<meta property=\"og:title\" content=\"ASSOCIATION JEUNESSE POUR DEMAIN - IDEO\" \/>\n<meta property=\"og:description\" content=\"#Adolescent #Educatif #Conflits #Conseils #Accompagnement #Parentalit\u00e9s #Ecoute #Souplesse #R\u00e9activit\u00e9 #LibreAdh\u00e9sion http:\/\/ajd.asso.fr\/ L\u2019AJD est une association de Pr\u00e9vention Sp\u00e9cialis\u00e9e qui a pour but d\u2019accompagner l\u2019autonomie des jeunes et la construction de leur projet de vie dans le respect de leur identit\u00e9, tout en tenant compte de leur environnement. Rattach\u00e9e \u00e0 la [&hellip;]\" \/>\n<meta property=\"og:url\" content=\"https:\/\/ideopsy.fr\/index.php\/association-jeunesse-pour-demain\/\" \/>\n<meta property=\"og:site_name\" content=\"IDEO\" \/>\n<meta property=\"article:modified_time\" content=\"2023-01-20T07:13:50+00:00\" \/>\n<meta property=\"og:image\" content=\"https:\/\/ideopsy.fr\/wp-content\/uploads\/2021\/12\/Logo-AJD-HD-2.jpg-2-2.jpg\" \/>\n<meta name=\"twitter:card\" content=\"summary_large_image\" \/>\n<meta name=\"twitter:label1\" content=\"Dur\u00e9e de lecture estim\u00e9e\" \/>\n\t<meta name=\"twitter:data1\" content=\"3 minutes\" \/>\n<script type=\"application\/ld+json\" class=\"yoast-schema-graph\">{\"@context\":\"https:\/\/schema.org\",\"@graph\":[{\"@type\":\"WebPage\",\"@id\":\"https:\/\/ideopsy.fr\/index.php\/association-jeunesse-pour-demain\/\",\"url\":\"https:\/\/ideopsy.fr\/index.php\/association-jeunesse-pour-demain\/\",\"name\":\"ASSOCIATION JEUNESSE POUR DEMAIN - IDEO\",\"isPartOf\":{\"@id\":\"https:\/\/ideopsy.fr\/#website\"},\"primaryImageOfPage\":{\"@id\":\"https:\/\/ideopsy.fr\/index.php\/association-jeunesse-pour-demain\/#primaryimage\"},\"image\":{\"@id\":\"https:\/\/ideopsy.fr\/index.php\/association-jeunesse-pour-demain\/#primaryimage\"},\"thumbnailUrl\":\"https:\/\/ideopsy.fr\/wp-content\/uploads\/2021\/12\/Logo-AJD-HD-2.jpg-2-2.jpg\",\"datePublished\":\"2021-12-15T07:33:24+00:00\",\"dateModified\":\"2023-01-20T07:13:50+00:00\",\"breadcrumb\":{\"@id\":\"https:\/\/ideopsy.fr\/index.php\/association-jeunesse-pour-demain\/#breadcrumb\"},\"inLanguage\":\"fr-FR\",\"potentialAction\":[{\"@type\":\"ReadAction\",\"target\":[\"https:\/\/ideopsy.fr\/index.php\/association-jeunesse-pour-demain\/\"]}]},{\"@type\":\"ImageObject\",\"inLanguage\":\"fr-FR\",\"@id\":\"https:\/\/ideopsy.fr\/index.php\/association-jeunesse-pour-demain\/#primaryimage\",\"url\":\"https:\/\/ideopsy.fr\/wp-content\/uploads\/2021\/12\/Logo-AJD-HD-2.jpg-2-2.jpg\",\"contentUrl\":\"https:\/\/ideopsy.fr\/wp-content\/uploads\/2021\/12\/Logo-AJD-HD-2.jpg-2-2.jpg\",\"width\":356,\"height\":470},{\"@type\":\"BreadcrumbList\",\"@id\":\"https:\/\/ideopsy.fr\/index.php\/association-jeunesse-pour-demain\/#breadcrumb\",\"itemListElement\":[{\"@type\":\"ListItem\",\"position\":1,\"name\":\"Accueil\",\"item\":\"https:\/\/ideopsy.fr\/\"},{\"@type\":\"ListItem\",\"position\":2,\"name\":\"ASSOCIATION JEUNESSE POUR DEMAIN\"}]},{\"@type\":\"WebSite\",\"@id\":\"https:\/\/ideopsy.fr\/#website\",\"url\":\"https:\/\/ideopsy.fr\/\",\"name\":\"IDEO\",\"description\":\"sante mentale des jeunes adolescents\",\"publisher\":{\"@id\":\"https:\/\/ideopsy.fr\/#organization\"},\"potentialAction\":[{\"@type\":\"SearchAction\",\"target\":{\"@type\":\"EntryPoint\",\"urlTemplate\":\"https:\/\/ideopsy.fr\/?s={search_term_string}\"},\"query-input\":{\"@type\":\"PropertyValueSpecification\",\"valueRequired\":true,\"valueName\":\"search_term_string\"}}],\"inLanguage\":\"fr-FR\"},{\"@type\":\"Organization\",\"@id\":\"https:\/\/ideopsy.fr\/#organization\",\"name\":\"IDEO\",\"url\":\"https:\/\/ideopsy.fr\/\",\"logo\":{\"@type\":\"ImageObject\",\"inLanguage\":\"fr-FR\",\"@id\":\"https:\/\/ideopsy.fr\/#\/schema\/logo\/image\/\",\"url\":\"http:\/\/ideopsy.fr\/wp-content\/uploads\/2021\/12\/cropped-page-accueil-25-100-Logo-IDEO-officiel.jpg\",\"contentUrl\":\"http:\/\/ideopsy.fr\/wp-content\/uploads\/2021\/12\/cropped-page-accueil-25-100-Logo-IDEO-officiel.jpg\",\"width\":307,\"height\":177,\"caption\":\"IDEO\"},\"image\":{\"@id\":\"https:\/\/ideopsy.fr\/#\/schema\/logo\/image\/\"}}]}<\/script>\n<!-- \/ Yoast SEO plugin. -->","yoast_head_json":{"title":"ASSOCIATION JEUNESSE POUR DEMAIN - IDEO","robots":{"index":"index","follow":"follow","max-snippet":"max-snippet:-1","max-image-preview":"max-image-preview:large","max-video-preview":"max-video-preview:-1"},"canonical":"https:\/\/ideopsy.fr\/index.php\/association-jeunesse-pour-demain\/","og_locale":"fr_FR","og_type":"article","og_title":"ASSOCIATION JEUNESSE POUR DEMAIN - IDEO","og_description":"#Adolescent #Educatif #Conflits #Conseils #Accompagnement #Parentalit\u00e9s #Ecoute #Souplesse #R\u00e9activit\u00e9 #LibreAdh\u00e9sion http:\/\/ajd.asso.fr\/ L\u2019AJD est une association de Pr\u00e9vention Sp\u00e9cialis\u00e9e qui a pour but d\u2019accompagner l\u2019autonomie des jeunes et la construction de leur projet de vie dans le respect de leur identit\u00e9, tout en tenant compte de leur environnement. Rattach\u00e9e \u00e0 la [&hellip;]","og_url":"https:\/\/ideopsy.fr\/index.php\/association-jeunesse-pour-demain\/","og_site_name":"IDEO","article_modified_time":"2023-01-20T07:13:50+00:00","og_image":[{"url":"https:\/\/ideopsy.fr\/wp-content\/uploads\/2021\/12\/Logo-AJD-HD-2.jpg-2-2.jpg","type":"","width":"","height":""}],"twitter_card":"summary_large_image","twitter_misc":{"Dur\u00e9e de lecture estim\u00e9e":"3 minutes"},"schema":{"@context":"https:\/\/schema.org","@graph":[{"@type":"WebPage","@id":"https:\/\/ideopsy.fr\/index.php\/association-jeunesse-pour-demain\/","url":"https:\/\/ideopsy.fr\/index.php\/association-jeunesse-pour-demain\/","name":"ASSOCIATION JEUNESSE POUR DEMAIN - IDEO","isPartOf":{"@id":"https:\/\/ideopsy.fr\/#website"},"primaryImageOfPage":{"@id":"https:\/\/ideopsy.fr\/index.php\/association-jeunesse-pour-demain\/#primaryimage"},"image":{"@id":"https:\/\/ideopsy.fr\/index.php\/association-jeunesse-pour-demain\/#primaryimage"},"thumbnailUrl":"https:\/\/ideopsy.fr\/wp-content\/uploads\/2021\/12\/Logo-AJD-HD-2.jpg-2-2.jpg","datePublished":"2021-12-15T07:33:24+00:00","dateModified":"2023-01-20T07:13:50+00:00","breadcrumb":{"@id":"https:\/\/ideopsy.fr\/index.php\/association-jeunesse-pour-demain\/#breadcrumb"},"inLanguage":"fr-FR","potentialAction":[{"@type":"ReadAction","target":["https:\/\/ideopsy.fr\/index.php\/association-jeunesse-pour-demain\/"]}]},{"@type":"ImageObject","inLanguage":"fr-FR","@id":"https:\/\/ideopsy.fr\/index.php\/association-jeunesse-pour-demain\/#primaryimage","url":"https:\/\/ideopsy.fr\/wp-content\/uploads\/2021\/12\/Logo-AJD-HD-2.jpg-2-2.jpg","contentUrl":"https:\/\/ideopsy.fr\/wp-content\/uploads\/2021\/12\/Logo-AJD-HD-2.jpg-2-2.jpg","width":356,"height":470},{"@type":"BreadcrumbList","@id":"https:\/\/ideopsy.fr\/index.php\/association-jeunesse-pour-demain\/#breadcrumb","itemListElement":[{"@type":"ListItem","position":1,"name":"Accueil","item":"https:\/\/ideopsy.fr\/"},{"@type":"ListItem","position":2,"name":"ASSOCIATION JEUNESSE POUR DEMAIN"}]},{"@type":"WebSite","@id":"https:\/\/ideopsy.fr\/#website","url":"https:\/\/ideopsy.fr\/","name":"IDEO","description":"sante mentale des jeunes adolescents","publisher":{"@id":"https:\/\/ideopsy.fr\/#organization"},"potentialAction":[{"@type":"SearchAction","target":{"@type":"EntryPoint","urlTemplate":"https:\/\/ideopsy.fr\/?s={search_term_string}"},"query-input":{"@type":"PropertyValueSpecification","valueRequired":true,"valueName":"search_term_string"}}],"inLanguage":"fr-FR"},{"@type":"Organization","@id":"https:\/\/ideopsy.fr\/#organization","name":"IDEO","url":"https:\/\/ideopsy.fr\/","logo":{"@type":"ImageObject","inLanguage":"fr-FR","@id":"https:\/\/ideopsy.fr\/#\/schema\/logo\/image\/","url":"http:\/\/ideopsy.fr\/wp-content\/uploads\/2021\/12\/cropped-page-accueil-25-100-Logo-IDEO-officiel.jpg","contentUrl":"http:\/\/ideopsy.fr\/wp-content\/uploads\/2021\/12\/cropped-page-accueil-25-100-Logo-IDEO-officiel.jpg","width":307,"height":177,"caption":"IDEO"},"image":{"@id":"https:\/\/ideopsy.fr\/#\/schema\/logo\/image\/"}}]}},"_links":{"self":[{"href":"https:\/\/ideopsy.fr\/index.php\/wp-json\/wp\/v2\/pages\/108","targetHints":{"allow":["GET"]}}],"collection":[{"href":"https:\/\/ideopsy.fr\/index.php\/wp-json\/wp\/v2\/pages"}],"about":[{"href":"https:\/\/ideopsy.fr\/index.php\/wp-json\/wp\/v2\/types\/page"}],"author":[{"embeddable":true,"href":"https:\/\/ideopsy.fr\/index.php\/wp-json\/wp\/v2\/users\/1"}],"replies":[{"embeddable":true,"href":"https:\/\/ideopsy.fr\/index.php\/wp-json\/wp\/v2\/comments?post=108"}],"version-history":[{"count":10,"href":"https:\/\/ideopsy.fr\/index.php\/wp-json\/wp\/v2\/pages\/108\/revisions"}],"predecessor-version":[{"id":875,"href":"https:\/\/ideopsy.fr\/index.php\/wp-json\/wp\/v2\/pages\/108\/revisions\/875"}],"wp:attachment":[{"href":"https:\/\/ideopsy.fr\/index.php\/wp-json\/wp\/v2\/media?parent=108"}],"curies":[{"name":"wp","href":"https:\/\/api.w.org\/{rel}","templated":true}]}}