{"id":167,"date":"2021-12-15T14:24:33","date_gmt":"2021-12-15T13:24:33","guid":{"rendered":"https:\/\/ideopsy.fr\/?page_id=167"},"modified":"2023-01-20T08:47:56","modified_gmt":"2023-01-20T07:47:56","slug":"centre-de-planification-et-deducation-familiale","status":"publish","type":"page","link":"https:\/\/ideopsy.fr\/index.php\/centre-de-planification-et-deducation-familiale\/","title":{"rendered":"CENTRE DE SANTE SEXUELLE"},"content":{"rendered":"\n<p><\/p>\n\n\n\n<div class=\"wp-block-image\"><figure class=\"aligncenter size-full is-resized\"><img loading=\"lazy\" decoding=\"async\" src=\"http:\/\/ideopsy.fr\/wp-content\/uploads\/2021\/12\/DEPARTEMENT-AUBE-logotype-CMJN-ROUGE.jpg\" alt=\"\" class=\"wp-image-145\" width=\"410\" height=\"265\" srcset=\"https:\/\/ideopsy.fr\/wp-content\/uploads\/2021\/12\/DEPARTEMENT-AUBE-logotype-CMJN-ROUGE.jpg 601w, https:\/\/ideopsy.fr\/wp-content\/uploads\/2021\/12\/DEPARTEMENT-AUBE-logotype-CMJN-ROUGE-300x194.jpg 300w\" sizes=\"auto, (max-width: 410px) 100vw, 410px\" \/><\/figure><\/div>\n\n\n\n<p class=\"has-text-align-center has-text-color\" style=\"color:#228051\"><strong>#VieAmoureuse #Genre #Sexualit\u00e9 #Contraception #Premi\u00e8reFois #Avortement #Sant\u00e9Sexuelle #Homosexualit\u00e9 #Ecoute #Conseil<\/strong><\/p>\n\n\n\n<figure class=\"wp-block-image size-large is-resized\"><img loading=\"lazy\" decoding=\"async\" src=\"https:\/\/ideopsy.fr\/wp-content\/uploads\/2022\/08\/descriptif-CSS-CPEF_page-0001-1024x724.jpg\" alt=\"\" class=\"wp-image-603\" width=\"989\" height=\"698\" srcset=\"https:\/\/ideopsy.fr\/wp-content\/uploads\/2022\/08\/descriptif-CSS-CPEF_page-0001-1024x724.jpg 1024w, https:\/\/ideopsy.fr\/wp-content\/uploads\/2022\/08\/descriptif-CSS-CPEF_page-0001-300x212.jpg 300w, https:\/\/ideopsy.fr\/wp-content\/uploads\/2022\/08\/descriptif-CSS-CPEF_page-0001-768x543.jpg 768w, https:\/\/ideopsy.fr\/wp-content\/uploads\/2022\/08\/descriptif-CSS-CPEF_page-0001-1536x1086.jpg 1536w, https:\/\/ideopsy.fr\/wp-content\/uploads\/2022\/08\/descriptif-CSS-CPEF_page-0001.jpg 1755w\" sizes=\"auto, (max-width: 989px) 100vw, 989px\" \/><\/figure>\n\n\n\n<figure class=\"wp-block-image size-large is-resized\"><img loading=\"lazy\" decoding=\"async\" src=\"https:\/\/ideopsy.fr\/wp-content\/uploads\/2022\/08\/descriptif-CSS-CPEF_page-0002-1024x724.jpg\" alt=\"\" class=\"wp-image-604\" width=\"992\" height=\"700\" srcset=\"https:\/\/ideopsy.fr\/wp-content\/uploads\/2022\/08\/descriptif-CSS-CPEF_page-0002-1024x724.jpg 1024w, https:\/\/ideopsy.fr\/wp-content\/uploads\/2022\/08\/descriptif-CSS-CPEF_page-0002-300x212.jpg 300w, https:\/\/ideopsy.fr\/wp-content\/uploads\/2022\/08\/descriptif-CSS-CPEF_page-0002-768x543.jpg 768w, https:\/\/ideopsy.fr\/wp-content\/uploads\/2022\/08\/descriptif-CSS-CPEF_page-0002-1536x1086.jpg 1536w, https:\/\/ideopsy.fr\/wp-content\/uploads\/2022\/08\/descriptif-CSS-CPEF_page-0002.jpg 1755w\" sizes=\"auto, (max-width: 992px) 100vw, 992px\" \/><\/figure>\n\n\n\n<figure class=\"wp-block-image size-large is-resized\"><img loading=\"lazy\" decoding=\"async\" src=\"https:\/\/ideopsy.fr\/wp-content\/uploads\/2022\/08\/descriptif-CSS-CPEF_page-0003-1024x724.jpg\" alt=\"\" class=\"wp-image-605\" width=\"994\" height=\"702\" srcset=\"https:\/\/ideopsy.fr\/wp-content\/uploads\/2022\/08\/descriptif-CSS-CPEF_page-0003-1024x724.jpg 1024w, https:\/\/ideopsy.fr\/wp-content\/uploads\/2022\/08\/descriptif-CSS-CPEF_page-0003-300x212.jpg 300w, https:\/\/ideopsy.fr\/wp-content\/uploads\/2022\/08\/descriptif-CSS-CPEF_page-0003-768x543.jpg 768w, https:\/\/ideopsy.fr\/wp-content\/uploads\/2022\/08\/descriptif-CSS-CPEF_page-0003-1536x1086.jpg 1536w, https:\/\/ideopsy.fr\/wp-content\/uploads\/2022\/08\/descriptif-CSS-CPEF_page-0003.jpg 1755w\" sizes=\"auto, (max-width: 994px) 100vw, 994px\" \/><\/figure>\n\n\n\n<div class=\"wp-block-columns is-layout-flex wp-container-core-columns-is-layout-9d6595d7 wp-block-columns-is-layout-flex\">\n<div class=\"wp-block-column is-layout-flow wp-block-column-is-layout-flow\">\n<figure class=\"wp-block-image size-full\"><img loading=\"lazy\" decoding=\"async\" width=\"708\" height=\"698\" src=\"https:\/\/ideopsy.fr\/wp-content\/uploads\/2023\/01\/Diapositive1-14.jpg\" alt=\"\" class=\"wp-image-881\" srcset=\"https:\/\/ideopsy.fr\/wp-content\/uploads\/2023\/01\/Diapositive1-14.jpg 708w, https:\/\/ideopsy.fr\/wp-content\/uploads\/2023\/01\/Diapositive1-14-300x296.jpg 300w\" sizes=\"auto, (max-width: 708px) 100vw, 708px\" \/><\/figure>\n\n\n\n<figure class=\"wp-block-image size-full\"><img loading=\"lazy\" decoding=\"async\" width=\"706\" height=\"696\" src=\"https:\/\/ideopsy.fr\/wp-content\/uploads\/2023\/01\/Diapositive3-10.jpg\" alt=\"\" class=\"wp-image-884\" srcset=\"https:\/\/ideopsy.fr\/wp-content\/uploads\/2023\/01\/Diapositive3-10.jpg 706w, https:\/\/ideopsy.fr\/wp-content\/uploads\/2023\/01\/Diapositive3-10-300x296.jpg 300w\" sizes=\"auto, (max-width: 706px) 100vw, 706px\" \/><\/figure>\n<\/div>\n\n\n\n<div class=\"wp-block-column is-layout-flow wp-block-column-is-layout-flow\">\n<figure class=\"wp-block-image size-full\"><img loading=\"lazy\" decoding=\"async\" width=\"699\" height=\"690\" src=\"https:\/\/ideopsy.fr\/wp-content\/uploads\/2023\/01\/Diapositive2-14.jpg\" alt=\"\" class=\"wp-image-883\" srcset=\"https:\/\/ideopsy.fr\/wp-content\/uploads\/2023\/01\/Diapositive2-14.jpg 699w, https:\/\/ideopsy.fr\/wp-content\/uploads\/2023\/01\/Diapositive2-14-300x296.jpg 300w\" sizes=\"auto, (max-width: 699px) 100vw, 699px\" \/><\/figure>\n\n\n\n<figure class=\"wp-block-image size-full\"><img loading=\"lazy\" decoding=\"async\" width=\"713\" height=\"706\" src=\"https:\/\/ideopsy.fr\/wp-content\/uploads\/2023\/01\/Diapositive4-9.jpg\" alt=\"\" class=\"wp-image-885\" srcset=\"https:\/\/ideopsy.fr\/wp-content\/uploads\/2023\/01\/Diapositive4-9.jpg 713w, https:\/\/ideopsy.fr\/wp-content\/uploads\/2023\/01\/Diapositive4-9-300x297.jpg 300w, https:\/\/ideopsy.fr\/wp-content\/uploads\/2023\/01\/Diapositive4-9-150x150.jpg 150w\" sizes=\"auto, (max-width: 713px) 100vw, 713px\" \/><\/figure>\n<\/div>\n<\/div>\n\n\n\n<figure class=\"wp-block-image size-large is-resized\"><img loading=\"lazy\" decoding=\"async\" src=\"https:\/\/ideopsy.fr\/wp-content\/uploads\/2022\/08\/CSS-lieu-de-RDV_page-0001-1024x724.jpg\" alt=\"\" class=\"wp-image-632\" width=\"997\" height=\"705\" srcset=\"https:\/\/ideopsy.fr\/wp-content\/uploads\/2022\/08\/CSS-lieu-de-RDV_page-0001-1024x724.jpg 1024w, https:\/\/ideopsy.fr\/wp-content\/uploads\/2022\/08\/CSS-lieu-de-RDV_page-0001-300x212.jpg 300w, https:\/\/ideopsy.fr\/wp-content\/uploads\/2022\/08\/CSS-lieu-de-RDV_page-0001-768x543.jpg 768w, https:\/\/ideopsy.fr\/wp-content\/uploads\/2022\/08\/CSS-lieu-de-RDV_page-0001-1536x1086.jpg 1536w, https:\/\/ideopsy.fr\/wp-content\/uploads\/2022\/08\/CSS-lieu-de-RDV_page-0001.jpg 1755w\" sizes=\"auto, (max-width: 997px) 100vw, 997px\" \/><\/figure>\n\n\n\n<p class=\"has-text-align-center\"><strong>Le standard du Centre de Sant\u00e9 Sexuelle est ouvert: <\/strong><\/p>\n\n\n\n<p class=\"has-text-align-center\"><strong>du lundi au vendredi de 9h \u00e0 12h15 et de 13h45 \u00e0 18h<\/strong><\/p>\n\n\n\n<p class=\"has-text-align-center\"><strong>Mail : planification.troyes@aube.fr<\/strong><\/p>\n","protected":false},"excerpt":{"rendered":"<p>#VieAmoureuse #Genre #Sexualit\u00e9 #Contraception #Premi\u00e8reFois #Avortement #Sant\u00e9Sexuelle #Homosexualit\u00e9 #Ecoute #Conseil Le standard du Centre de Sant\u00e9 Sexuelle est ouvert: du lundi au vendredi de 9h \u00e0 12h15 et de 13h45 \u00e0 18h Mail : planification.troyes@aube.fr<\/p>\n","protected":false},"author":1,"featured_media":0,"parent":0,"menu_order":0,"comment_status":"closed","ping_status":"closed","template":"","meta":{"_monsterinsights_skip_tracking":false,"_monsterinsights_sitenote_active":false,"_monsterinsights_sitenote_note":"","_monsterinsights_sitenote_category":0,"_uf_show_specific_survey":0,"_uf_disable_surveys":false,"_themeisle_gutenberg_block_has_review":false,"footnotes":""},"class_list":["post-167","page","type-page","status-publish","hentry"],"yoast_head":"<!-- This site is optimized with the Yoast SEO plugin v24.7 - https:\/\/yoast.com\/wordpress\/plugins\/seo\/ -->\n<title>CENTRE DE SANTE SEXUELLE - IDEO<\/title>\n<meta name=\"robots\" content=\"index, follow, max-snippet:-1, max-image-preview:large, max-video-preview:-1\" \/>\n<link rel=\"canonical\" href=\"https:\/\/ideopsy.fr\/index.php\/centre-de-planification-et-deducation-familiale\/\" \/>\n<meta property=\"og:locale\" content=\"fr_FR\" \/>\n<meta property=\"og:type\" content=\"article\" \/>\n<meta property=\"og:title\" content=\"CENTRE DE SANTE SEXUELLE - IDEO\" \/>\n<meta property=\"og:description\" content=\"#VieAmoureuse #Genre #Sexualit\u00e9 #Contraception #Premi\u00e8reFois #Avortement #Sant\u00e9Sexuelle #Homosexualit\u00e9 #Ecoute #Conseil Le standard du Centre de Sant\u00e9 Sexuelle est ouvert: du lundi au vendredi de 9h \u00e0 12h15 et de 13h45 \u00e0 18h Mail : planification.troyes@aube.fr\" \/>\n<meta property=\"og:url\" content=\"https:\/\/ideopsy.fr\/index.php\/centre-de-planification-et-deducation-familiale\/\" \/>\n<meta property=\"og:site_name\" content=\"IDEO\" \/>\n<meta property=\"article:modified_time\" content=\"2023-01-20T07:47:56+00:00\" \/>\n<meta property=\"og:image\" content=\"http:\/\/ideopsy.fr\/wp-content\/uploads\/2021\/12\/DEPARTEMENT-AUBE-logotype-CMJN-ROUGE.jpg\" \/>\n<meta name=\"twitter:card\" content=\"summary_large_image\" \/>\n<meta name=\"twitter:label1\" content=\"Dur\u00e9e de lecture estim\u00e9e\" \/>\n\t<meta name=\"twitter:data1\" content=\"2 minutes\" \/>\n<script type=\"application\/ld+json\" class=\"yoast-schema-graph\">{\"@context\":\"https:\/\/schema.org\",\"@graph\":[{\"@type\":\"WebPage\",\"@id\":\"https:\/\/ideopsy.fr\/index.php\/centre-de-planification-et-deducation-familiale\/\",\"url\":\"https:\/\/ideopsy.fr\/index.php\/centre-de-planification-et-deducation-familiale\/\",\"name\":\"CENTRE DE SANTE SEXUELLE - IDEO\",\"isPartOf\":{\"@id\":\"https:\/\/ideopsy.fr\/#website\"},\"primaryImageOfPage\":{\"@id\":\"https:\/\/ideopsy.fr\/index.php\/centre-de-planification-et-deducation-familiale\/#primaryimage\"},\"image\":{\"@id\":\"https:\/\/ideopsy.fr\/index.php\/centre-de-planification-et-deducation-familiale\/#primaryimage\"},\"thumbnailUrl\":\"http:\/\/ideopsy.fr\/wp-content\/uploads\/2021\/12\/DEPARTEMENT-AUBE-logotype-CMJN-ROUGE.jpg\",\"datePublished\":\"2021-12-15T13:24:33+00:00\",\"dateModified\":\"2023-01-20T07:47:56+00:00\",\"breadcrumb\":{\"@id\":\"https:\/\/ideopsy.fr\/index.php\/centre-de-planification-et-deducation-familiale\/#breadcrumb\"},\"inLanguage\":\"fr-FR\",\"potentialAction\":[{\"@type\":\"ReadAction\",\"target\":[\"https:\/\/ideopsy.fr\/index.php\/centre-de-planification-et-deducation-familiale\/\"]}]},{\"@type\":\"ImageObject\",\"inLanguage\":\"fr-FR\",\"@id\":\"https:\/\/ideopsy.fr\/index.php\/centre-de-planification-et-deducation-familiale\/#primaryimage\",\"url\":\"https:\/\/ideopsy.fr\/wp-content\/uploads\/2021\/12\/DEPARTEMENT-AUBE-logotype-CMJN-ROUGE.jpg\",\"contentUrl\":\"https:\/\/ideopsy.fr\/wp-content\/uploads\/2021\/12\/DEPARTEMENT-AUBE-logotype-CMJN-ROUGE.jpg\",\"width\":601,\"height\":388},{\"@type\":\"BreadcrumbList\",\"@id\":\"https:\/\/ideopsy.fr\/index.php\/centre-de-planification-et-deducation-familiale\/#breadcrumb\",\"itemListElement\":[{\"@type\":\"ListItem\",\"position\":1,\"name\":\"Accueil\",\"item\":\"https:\/\/ideopsy.fr\/\"},{\"@type\":\"ListItem\",\"position\":2,\"name\":\"CENTRE DE SANTE SEXUELLE\"}]},{\"@type\":\"WebSite\",\"@id\":\"https:\/\/ideopsy.fr\/#website\",\"url\":\"https:\/\/ideopsy.fr\/\",\"name\":\"IDEO\",\"description\":\"sante mentale des jeunes adolescents\",\"publisher\":{\"@id\":\"https:\/\/ideopsy.fr\/#organization\"},\"potentialAction\":[{\"@type\":\"SearchAction\",\"target\":{\"@type\":\"EntryPoint\",\"urlTemplate\":\"https:\/\/ideopsy.fr\/?s={search_term_string}\"},\"query-input\":{\"@type\":\"PropertyValueSpecification\",\"valueRequired\":true,\"valueName\":\"search_term_string\"}}],\"inLanguage\":\"fr-FR\"},{\"@type\":\"Organization\",\"@id\":\"https:\/\/ideopsy.fr\/#organization\",\"name\":\"IDEO\",\"url\":\"https:\/\/ideopsy.fr\/\",\"logo\":{\"@type\":\"ImageObject\",\"inLanguage\":\"fr-FR\",\"@id\":\"https:\/\/ideopsy.fr\/#\/schema\/logo\/image\/\",\"url\":\"http:\/\/ideopsy.fr\/wp-content\/uploads\/2021\/12\/cropped-page-accueil-25-100-Logo-IDEO-officiel.jpg\",\"contentUrl\":\"http:\/\/ideopsy.fr\/wp-content\/uploads\/2021\/12\/cropped-page-accueil-25-100-Logo-IDEO-officiel.jpg\",\"width\":307,\"height\":177,\"caption\":\"IDEO\"},\"image\":{\"@id\":\"https:\/\/ideopsy.fr\/#\/schema\/logo\/image\/\"}}]}<\/script>\n<!-- \/ Yoast SEO plugin. -->","yoast_head_json":{"title":"CENTRE DE SANTE SEXUELLE - IDEO","robots":{"index":"index","follow":"follow","max-snippet":"max-snippet:-1","max-image-preview":"max-image-preview:large","max-video-preview":"max-video-preview:-1"},"canonical":"https:\/\/ideopsy.fr\/index.php\/centre-de-planification-et-deducation-familiale\/","og_locale":"fr_FR","og_type":"article","og_title":"CENTRE DE SANTE SEXUELLE - IDEO","og_description":"#VieAmoureuse #Genre #Sexualit\u00e9 #Contraception #Premi\u00e8reFois #Avortement #Sant\u00e9Sexuelle #Homosexualit\u00e9 #Ecoute #Conseil Le standard du Centre de Sant\u00e9 Sexuelle est ouvert: du lundi au vendredi de 9h \u00e0 12h15 et de 13h45 \u00e0 18h Mail : planification.troyes@aube.fr","og_url":"https:\/\/ideopsy.fr\/index.php\/centre-de-planification-et-deducation-familiale\/","og_site_name":"IDEO","article_modified_time":"2023-01-20T07:47:56+00:00","og_image":[{"url":"http:\/\/ideopsy.fr\/wp-content\/uploads\/2021\/12\/DEPARTEMENT-AUBE-logotype-CMJN-ROUGE.jpg","type":"","width":"","height":""}],"twitter_card":"summary_large_image","twitter_misc":{"Dur\u00e9e de lecture estim\u00e9e":"2 minutes"},"schema":{"@context":"https:\/\/schema.org","@graph":[{"@type":"WebPage","@id":"https:\/\/ideopsy.fr\/index.php\/centre-de-planification-et-deducation-familiale\/","url":"https:\/\/ideopsy.fr\/index.php\/centre-de-planification-et-deducation-familiale\/","name":"CENTRE DE SANTE SEXUELLE - IDEO","isPartOf":{"@id":"https:\/\/ideopsy.fr\/#website"},"primaryImageOfPage":{"@id":"https:\/\/ideopsy.fr\/index.php\/centre-de-planification-et-deducation-familiale\/#primaryimage"},"image":{"@id":"https:\/\/ideopsy.fr\/index.php\/centre-de-planification-et-deducation-familiale\/#primaryimage"},"thumbnailUrl":"http:\/\/ideopsy.fr\/wp-content\/uploads\/2021\/12\/DEPARTEMENT-AUBE-logotype-CMJN-ROUGE.jpg","datePublished":"2021-12-15T13:24:33+00:00","dateModified":"2023-01-20T07:47:56+00:00","breadcrumb":{"@id":"https:\/\/ideopsy.fr\/index.php\/centre-de-planification-et-deducation-familiale\/#breadcrumb"},"inLanguage":"fr-FR","potentialAction":[{"@type":"ReadAction","target":["https:\/\/ideopsy.fr\/index.php\/centre-de-planification-et-deducation-familiale\/"]}]},{"@type":"ImageObject","inLanguage":"fr-FR","@id":"https:\/\/ideopsy.fr\/index.php\/centre-de-planification-et-deducation-familiale\/#primaryimage","url":"https:\/\/ideopsy.fr\/wp-content\/uploads\/2021\/12\/DEPARTEMENT-AUBE-logotype-CMJN-ROUGE.jpg","contentUrl":"https:\/\/ideopsy.fr\/wp-content\/uploads\/2021\/12\/DEPARTEMENT-AUBE-logotype-CMJN-ROUGE.jpg","width":601,"height":388},{"@type":"BreadcrumbList","@id":"https:\/\/ideopsy.fr\/index.php\/centre-de-planification-et-deducation-familiale\/#breadcrumb","itemListElement":[{"@type":"ListItem","position":1,"name":"Accueil","item":"https:\/\/ideopsy.fr\/"},{"@type":"ListItem","position":2,"name":"CENTRE DE SANTE SEXUELLE"}]},{"@type":"WebSite","@id":"https:\/\/ideopsy.fr\/#website","url":"https:\/\/ideopsy.fr\/","name":"IDEO","description":"sante mentale des jeunes adolescents","publisher":{"@id":"https:\/\/ideopsy.fr\/#organization"},"potentialAction":[{"@type":"SearchAction","target":{"@type":"EntryPoint","urlTemplate":"https:\/\/ideopsy.fr\/?s={search_term_string}"},"query-input":{"@type":"PropertyValueSpecification","valueRequired":true,"valueName":"search_term_string"}}],"inLanguage":"fr-FR"},{"@type":"Organization","@id":"https:\/\/ideopsy.fr\/#organization","name":"IDEO","url":"https:\/\/ideopsy.fr\/","logo":{"@type":"ImageObject","inLanguage":"fr-FR","@id":"https:\/\/ideopsy.fr\/#\/schema\/logo\/image\/","url":"http:\/\/ideopsy.fr\/wp-content\/uploads\/2021\/12\/cropped-page-accueil-25-100-Logo-IDEO-officiel.jpg","contentUrl":"http:\/\/ideopsy.fr\/wp-content\/uploads\/2021\/12\/cropped-page-accueil-25-100-Logo-IDEO-officiel.jpg","width":307,"height":177,"caption":"IDEO"},"image":{"@id":"https:\/\/ideopsy.fr\/#\/schema\/logo\/image\/"}}]}},"_links":{"self":[{"href":"https:\/\/ideopsy.fr\/index.php\/wp-json\/wp\/v2\/pages\/167","targetHints":{"allow":["GET"]}}],"collection":[{"href":"https:\/\/ideopsy.fr\/index.php\/wp-json\/wp\/v2\/pages"}],"about":[{"href":"https:\/\/ideopsy.fr\/index.php\/wp-json\/wp\/v2\/types\/page"}],"author":[{"embeddable":true,"href":"https:\/\/ideopsy.fr\/index.php\/wp-json\/wp\/v2\/users\/1"}],"replies":[{"embeddable":true,"href":"https:\/\/ideopsy.fr\/index.php\/wp-json\/wp\/v2\/comments?post=167"}],"version-history":[{"count":12,"href":"https:\/\/ideopsy.fr\/index.php\/wp-json\/wp\/v2\/pages\/167\/revisions"}],"predecessor-version":[{"id":886,"href":"https:\/\/ideopsy.fr\/index.php\/wp-json\/wp\/v2\/pages\/167\/revisions\/886"}],"wp:attachment":[{"href":"https:\/\/ideopsy.fr\/index.php\/wp-json\/wp\/v2\/media?parent=167"}],"curies":[{"name":"wp","href":"https:\/\/api.w.org\/{rel}","templated":true}]}}