{"id":2054,"date":"2024-06-24T13:59:39","date_gmt":"2024-06-24T11:59:39","guid":{"rendered":"https:\/\/ideopsy.fr\/?page_id=2054"},"modified":"2024-06-24T15:02:05","modified_gmt":"2024-06-24T13:02:05","slug":"posters-2022-2023-2","status":"publish","type":"page","link":"https:\/\/ideopsy.fr\/index.php\/posters-2022-2023-2\/","title":{"rendered":"POSTERS 2022-2023"},"content":{"rendered":"\n<p class=\"has-text-align-center\"><strong>Vous trouverez dans les cat\u00e9gories ci-dessous tous les posters, ainsi que les slogans, cr\u00e9\u00e9s par les \u00e9l\u00e8ves de classe de seconde professionnelle, g\u00e9n\u00e9rale, technique et CAP, ayant b\u00e9n\u00e9fici\u00e9s de la sensibilisation IDEO<\/strong>\u00a0<strong>durant l\u2019ann\u00e9e scolaire 2022-2023.<\/strong><\/p>\n\n\n\n<figure class=\"wp-block-gallery has-nested-images columns-default is-cropped wp-block-gallery-1 is-layout-flex wp-block-gallery-is-layout-flex\">\n<figure class=\"wp-block-image size-large\"><a href=\"https:\/\/ideopsy.fr\/?page_id=2073\" target=\"_blank\" rel=\"noopener\"><img loading=\"lazy\" decoding=\"async\" width=\"1024\" height=\"576\" data-id=\"2066\" src=\"https:\/\/ideopsy.fr\/wp-content\/uploads\/2024\/06\/1-6-1024x576.png\" alt=\"\" class=\"wp-image-2066\" srcset=\"https:\/\/ideopsy.fr\/wp-content\/uploads\/2024\/06\/1-6-1024x576.png 1024w, https:\/\/ideopsy.fr\/wp-content\/uploads\/2024\/06\/1-6-300x169.png 300w, https:\/\/ideopsy.fr\/wp-content\/uploads\/2024\/06\/1-6-768x432.png 768w, https:\/\/ideopsy.fr\/wp-content\/uploads\/2024\/06\/1-6-1536x864.png 1536w, https:\/\/ideopsy.fr\/wp-content\/uploads\/2024\/06\/1-6-2048x1152.png 2048w\" sizes=\"auto, (max-width: 1024px) 100vw, 1024px\" \/><\/a><\/figure>\n\n\n\n<figure class=\"wp-block-image size-large\"><a href=\"https:\/\/ideopsy.fr\/?page_id=2113\" target=\"_blank\" rel=\"noopener\"><img loading=\"lazy\" decoding=\"async\" width=\"1024\" height=\"576\" data-id=\"2067\" src=\"https:\/\/ideopsy.fr\/wp-content\/uploads\/2024\/06\/2-4-1024x576.png\" alt=\"\" class=\"wp-image-2067\" srcset=\"https:\/\/ideopsy.fr\/wp-content\/uploads\/2024\/06\/2-4-1024x576.png 1024w, https:\/\/ideopsy.fr\/wp-content\/uploads\/2024\/06\/2-4-300x169.png 300w, https:\/\/ideopsy.fr\/wp-content\/uploads\/2024\/06\/2-4-768x432.png 768w, https:\/\/ideopsy.fr\/wp-content\/uploads\/2024\/06\/2-4-1536x864.png 1536w, https:\/\/ideopsy.fr\/wp-content\/uploads\/2024\/06\/2-4-2048x1152.png 2048w\" sizes=\"auto, (max-width: 1024px) 100vw, 1024px\" \/><\/a><\/figure>\n\n\n\n<figure class=\"wp-block-image size-large\"><a href=\"https:\/\/ideopsy.fr\/?page_id=2303\" target=\"_blank\" rel=\"noopener\"><img loading=\"lazy\" decoding=\"async\" width=\"1024\" height=\"576\" data-id=\"2068\" src=\"https:\/\/ideopsy.fr\/wp-content\/uploads\/2024\/06\/3-5-1024x576.png\" alt=\"\" class=\"wp-image-2068\" srcset=\"https:\/\/ideopsy.fr\/wp-content\/uploads\/2024\/06\/3-5-1024x576.png 1024w, https:\/\/ideopsy.fr\/wp-content\/uploads\/2024\/06\/3-5-300x169.png 300w, https:\/\/ideopsy.fr\/wp-content\/uploads\/2024\/06\/3-5-768x432.png 768w, https:\/\/ideopsy.fr\/wp-content\/uploads\/2024\/06\/3-5-1536x864.png 1536w, https:\/\/ideopsy.fr\/wp-content\/uploads\/2024\/06\/3-5-2048x1152.png 2048w\" sizes=\"auto, (max-width: 1024px) 100vw, 1024px\" \/><\/a><\/figure>\n\n\n\n<figure class=\"wp-block-image size-large\"><a href=\"https:\/\/ideopsy.fr\/?page_id=2330\" target=\"_blank\" rel=\"noopener\"><img loading=\"lazy\" decoding=\"async\" width=\"1024\" height=\"576\" data-id=\"2064\" src=\"https:\/\/ideopsy.fr\/wp-content\/uploads\/2024\/06\/4-4-1024x576.png\" alt=\"\" class=\"wp-image-2064\" srcset=\"https:\/\/ideopsy.fr\/wp-content\/uploads\/2024\/06\/4-4-1024x576.png 1024w, https:\/\/ideopsy.fr\/wp-content\/uploads\/2024\/06\/4-4-300x169.png 300w, https:\/\/ideopsy.fr\/wp-content\/uploads\/2024\/06\/4-4-768x432.png 768w, https:\/\/ideopsy.fr\/wp-content\/uploads\/2024\/06\/4-4-1536x864.png 1536w, https:\/\/ideopsy.fr\/wp-content\/uploads\/2024\/06\/4-4-2048x1152.png 2048w\" sizes=\"auto, (max-width: 1024px) 100vw, 1024px\" \/><\/a><\/figure>\n\n\n\n<figure class=\"wp-block-image size-large\"><a href=\"https:\/\/ideopsy.fr\/?page_id=2356\" target=\"_blank\" rel=\"noopener\"><img loading=\"lazy\" decoding=\"async\" width=\"1024\" height=\"576\" data-id=\"2069\" src=\"https:\/\/ideopsy.fr\/wp-content\/uploads\/2024\/06\/5-4-1024x576.png\" alt=\"\" class=\"wp-image-2069\" srcset=\"https:\/\/ideopsy.fr\/wp-content\/uploads\/2024\/06\/5-4-1024x576.png 1024w, https:\/\/ideopsy.fr\/wp-content\/uploads\/2024\/06\/5-4-300x169.png 300w, https:\/\/ideopsy.fr\/wp-content\/uploads\/2024\/06\/5-4-768x432.png 768w, https:\/\/ideopsy.fr\/wp-content\/uploads\/2024\/06\/5-4-1536x864.png 1536w, https:\/\/ideopsy.fr\/wp-content\/uploads\/2024\/06\/5-4-2048x1152.png 2048w\" sizes=\"auto, (max-width: 1024px) 100vw, 1024px\" \/><\/a><\/figure>\n\n\n\n<figure class=\"wp-block-image size-large\"><a href=\"https:\/\/ideopsy.fr\/?page_id=2366\" target=\"_blank\" rel=\"noopener\"><img loading=\"lazy\" decoding=\"async\" width=\"1024\" height=\"576\" data-id=\"2070\" src=\"https:\/\/ideopsy.fr\/wp-content\/uploads\/2024\/06\/6-5-1024x576.png\" alt=\"\" class=\"wp-image-2070\" srcset=\"https:\/\/ideopsy.fr\/wp-content\/uploads\/2024\/06\/6-5-1024x576.png 1024w, https:\/\/ideopsy.fr\/wp-content\/uploads\/2024\/06\/6-5-300x169.png 300w, https:\/\/ideopsy.fr\/wp-content\/uploads\/2024\/06\/6-5-768x432.png 768w, https:\/\/ideopsy.fr\/wp-content\/uploads\/2024\/06\/6-5-1536x864.png 1536w, https:\/\/ideopsy.fr\/wp-content\/uploads\/2024\/06\/6-5-2048x1152.png 2048w\" sizes=\"auto, (max-width: 1024px) 100vw, 1024px\" \/><\/a><\/figure>\n\n\n\n<figure class=\"wp-block-image size-large\"><a href=\"https:\/\/ideopsy.fr\/?page_id=2395\" target=\"_blank\" rel=\"noopener\"><img loading=\"lazy\" decoding=\"async\" width=\"1024\" height=\"576\" data-id=\"2071\" src=\"https:\/\/ideopsy.fr\/wp-content\/uploads\/2024\/06\/7-4-1024x576.png\" alt=\"\" class=\"wp-image-2071\" srcset=\"https:\/\/ideopsy.fr\/wp-content\/uploads\/2024\/06\/7-4-1024x576.png 1024w, https:\/\/ideopsy.fr\/wp-content\/uploads\/2024\/06\/7-4-300x169.png 300w, https:\/\/ideopsy.fr\/wp-content\/uploads\/2024\/06\/7-4-768x432.png 768w, https:\/\/ideopsy.fr\/wp-content\/uploads\/2024\/06\/7-4-1536x864.png 1536w, https:\/\/ideopsy.fr\/wp-content\/uploads\/2024\/06\/7-4-2048x1152.png 2048w\" sizes=\"auto, (max-width: 1024px) 100vw, 1024px\" \/><\/a><\/figure>\n\n\n\n<figure class=\"wp-block-image size-large\"><a href=\"https:\/\/ideopsy.fr\/?page_id=2417\" target=\"_blank\" rel=\"noopener\"><img loading=\"lazy\" decoding=\"async\" width=\"1024\" height=\"576\" data-id=\"2057\" src=\"https:\/\/ideopsy.fr\/wp-content\/uploads\/2024\/06\/8-4-1024x576.png\" alt=\"\" class=\"wp-image-2057\" srcset=\"https:\/\/ideopsy.fr\/wp-content\/uploads\/2024\/06\/8-4-1024x576.png 1024w, https:\/\/ideopsy.fr\/wp-content\/uploads\/2024\/06\/8-4-300x169.png 300w, https:\/\/ideopsy.fr\/wp-content\/uploads\/2024\/06\/8-4-768x432.png 768w, https:\/\/ideopsy.fr\/wp-content\/uploads\/2024\/06\/8-4-1536x864.png 1536w, https:\/\/ideopsy.fr\/wp-content\/uploads\/2024\/06\/8-4-2048x1152.png 2048w\" sizes=\"auto, (max-width: 1024px) 100vw, 1024px\" \/><\/a><\/figure>\n\n\n\n<figure class=\"wp-block-image size-large\"><img loading=\"lazy\" decoding=\"async\" width=\"1024\" height=\"576\" data-id=\"2059\" src=\"https:\/\/ideopsy.fr\/wp-content\/uploads\/2024\/06\/9-3-1024x576.png\" alt=\"\" class=\"wp-image-2059\" srcset=\"https:\/\/ideopsy.fr\/wp-content\/uploads\/2024\/06\/9-3-1024x576.png 1024w, https:\/\/ideopsy.fr\/wp-content\/uploads\/2024\/06\/9-3-300x169.png 300w, https:\/\/ideopsy.fr\/wp-content\/uploads\/2024\/06\/9-3-768x432.png 768w, https:\/\/ideopsy.fr\/wp-content\/uploads\/2024\/06\/9-3-1536x864.png 1536w, https:\/\/ideopsy.fr\/wp-content\/uploads\/2024\/06\/9-3-2048x1152.png 2048w\" sizes=\"auto, (max-width: 1024px) 100vw, 1024px\" \/><\/figure>\n\n\n\n<figure class=\"wp-block-image size-large\"><img loading=\"lazy\" decoding=\"async\" width=\"1024\" height=\"576\" data-id=\"2434\" src=\"https:\/\/ideopsy.fr\/wp-content\/uploads\/2024\/06\/bouton-vide-7-1024x576.png\" alt=\"\" class=\"wp-image-2434\" srcset=\"https:\/\/ideopsy.fr\/wp-content\/uploads\/2024\/06\/bouton-vide-7-1024x576.png 1024w, https:\/\/ideopsy.fr\/wp-content\/uploads\/2024\/06\/bouton-vide-7-300x169.png 300w, https:\/\/ideopsy.fr\/wp-content\/uploads\/2024\/06\/bouton-vide-7-768x432.png 768w, https:\/\/ideopsy.fr\/wp-content\/uploads\/2024\/06\/bouton-vide-7-1536x864.png 1536w, https:\/\/ideopsy.fr\/wp-content\/uploads\/2024\/06\/bouton-vide-7-2048x1152.png 2048w\" sizes=\"auto, (max-width: 1024px) 100vw, 1024px\" \/><\/figure>\n<\/figure>\n\n\n\n<p class=\"has-text-align-center\"><\/p>\n\n\n\n<p><\/p>\n","protected":false},"excerpt":{"rendered":"<p>Vous trouverez dans les cat\u00e9gories ci-dessous tous les posters, ainsi que les slogans, cr\u00e9\u00e9s par les \u00e9l\u00e8ves de classe de seconde professionnelle, g\u00e9n\u00e9rale, technique et CAP, ayant b\u00e9n\u00e9fici\u00e9s de la sensibilisation IDEO\u00a0durant l\u2019ann\u00e9e scolaire 2022-2023.<\/p>\n","protected":false},"author":1,"featured_media":0,"parent":0,"menu_order":0,"comment_status":"closed","ping_status":"closed","template":"","meta":{"_monsterinsights_skip_tracking":false,"_monsterinsights_sitenote_active":false,"_monsterinsights_sitenote_note":"","_monsterinsights_sitenote_category":0,"_uf_show_specific_survey":0,"_uf_disable_surveys":false,"_themeisle_gutenberg_block_has_review":false,"footnotes":""},"class_list":["post-2054","page","type-page","status-publish","hentry"],"yoast_head":"<!-- This site is optimized with the Yoast SEO plugin v24.7 - https:\/\/yoast.com\/wordpress\/plugins\/seo\/ -->\n<title>POSTERS 2022-2023 - IDEO<\/title>\n<meta name=\"robots\" content=\"index, follow, max-snippet:-1, max-image-preview:large, max-video-preview:-1\" \/>\n<link rel=\"canonical\" href=\"https:\/\/ideopsy.fr\/index.php\/posters-2022-2023-2\/\" \/>\n<meta property=\"og:locale\" content=\"fr_FR\" \/>\n<meta property=\"og:type\" content=\"article\" \/>\n<meta property=\"og:title\" content=\"POSTERS 2022-2023 - IDEO\" \/>\n<meta property=\"og:description\" content=\"Vous trouverez dans les cat\u00e9gories ci-dessous tous les posters, ainsi que les slogans, cr\u00e9\u00e9s par les \u00e9l\u00e8ves de classe de seconde professionnelle, g\u00e9n\u00e9rale, technique et CAP, ayant b\u00e9n\u00e9fici\u00e9s de la sensibilisation IDEO\u00a0durant l\u2019ann\u00e9e scolaire 2022-2023.\" \/>\n<meta property=\"og:url\" content=\"https:\/\/ideopsy.fr\/index.php\/posters-2022-2023-2\/\" \/>\n<meta property=\"og:site_name\" content=\"IDEO\" \/>\n<meta property=\"article:modified_time\" content=\"2024-06-24T13:02:05+00:00\" \/>\n<meta property=\"og:image\" content=\"https:\/\/ideopsy.fr\/wp-content\/uploads\/2024\/06\/1-6-1024x576.png\" \/>\n<meta name=\"twitter:card\" content=\"summary_large_image\" \/>\n<meta name=\"twitter:label1\" content=\"Dur\u00e9e de lecture estim\u00e9e\" \/>\n\t<meta name=\"twitter:data1\" content=\"3 minutes\" \/>\n<script type=\"application\/ld+json\" class=\"yoast-schema-graph\">{\"@context\":\"https:\/\/schema.org\",\"@graph\":[{\"@type\":\"WebPage\",\"@id\":\"https:\/\/ideopsy.fr\/index.php\/posters-2022-2023-2\/\",\"url\":\"https:\/\/ideopsy.fr\/index.php\/posters-2022-2023-2\/\",\"name\":\"POSTERS 2022-2023 - IDEO\",\"isPartOf\":{\"@id\":\"https:\/\/ideopsy.fr\/#website\"},\"primaryImageOfPage\":{\"@id\":\"https:\/\/ideopsy.fr\/index.php\/posters-2022-2023-2\/#primaryimage\"},\"image\":{\"@id\":\"https:\/\/ideopsy.fr\/index.php\/posters-2022-2023-2\/#primaryimage\"},\"thumbnailUrl\":\"https:\/\/ideopsy.fr\/wp-content\/uploads\/2024\/06\/1-6-1024x576.png\",\"datePublished\":\"2024-06-24T11:59:39+00:00\",\"dateModified\":\"2024-06-24T13:02:05+00:00\",\"breadcrumb\":{\"@id\":\"https:\/\/ideopsy.fr\/index.php\/posters-2022-2023-2\/#breadcrumb\"},\"inLanguage\":\"fr-FR\",\"potentialAction\":[{\"@type\":\"ReadAction\",\"target\":[\"https:\/\/ideopsy.fr\/index.php\/posters-2022-2023-2\/\"]}]},{\"@type\":\"ImageObject\",\"inLanguage\":\"fr-FR\",\"@id\":\"https:\/\/ideopsy.fr\/index.php\/posters-2022-2023-2\/#primaryimage\",\"url\":\"https:\/\/ideopsy.fr\/wp-content\/uploads\/2024\/06\/1-6.png\",\"contentUrl\":\"https:\/\/ideopsy.fr\/wp-content\/uploads\/2024\/06\/1-6.png\",\"width\":4000,\"height\":2250},{\"@type\":\"BreadcrumbList\",\"@id\":\"https:\/\/ideopsy.fr\/index.php\/posters-2022-2023-2\/#breadcrumb\",\"itemListElement\":[{\"@type\":\"ListItem\",\"position\":1,\"name\":\"Accueil\",\"item\":\"https:\/\/ideopsy.fr\/\"},{\"@type\":\"ListItem\",\"position\":2,\"name\":\"POSTERS 2022-2023\"}]},{\"@type\":\"WebSite\",\"@id\":\"https:\/\/ideopsy.fr\/#website\",\"url\":\"https:\/\/ideopsy.fr\/\",\"name\":\"IDEO\",\"description\":\"sante mentale des jeunes adolescents\",\"publisher\":{\"@id\":\"https:\/\/ideopsy.fr\/#organization\"},\"potentialAction\":[{\"@type\":\"SearchAction\",\"target\":{\"@type\":\"EntryPoint\",\"urlTemplate\":\"https:\/\/ideopsy.fr\/?s={search_term_string}\"},\"query-input\":{\"@type\":\"PropertyValueSpecification\",\"valueRequired\":true,\"valueName\":\"search_term_string\"}}],\"inLanguage\":\"fr-FR\"},{\"@type\":\"Organization\",\"@id\":\"https:\/\/ideopsy.fr\/#organization\",\"name\":\"IDEO\",\"url\":\"https:\/\/ideopsy.fr\/\",\"logo\":{\"@type\":\"ImageObject\",\"inLanguage\":\"fr-FR\",\"@id\":\"https:\/\/ideopsy.fr\/#\/schema\/logo\/image\/\",\"url\":\"http:\/\/ideopsy.fr\/wp-content\/uploads\/2021\/12\/cropped-page-accueil-25-100-Logo-IDEO-officiel.jpg\",\"contentUrl\":\"http:\/\/ideopsy.fr\/wp-content\/uploads\/2021\/12\/cropped-page-accueil-25-100-Logo-IDEO-officiel.jpg\",\"width\":307,\"height\":177,\"caption\":\"IDEO\"},\"image\":{\"@id\":\"https:\/\/ideopsy.fr\/#\/schema\/logo\/image\/\"}}]}<\/script>\n<!-- \/ Yoast SEO plugin. -->","yoast_head_json":{"title":"POSTERS 2022-2023 - IDEO","robots":{"index":"index","follow":"follow","max-snippet":"max-snippet:-1","max-image-preview":"max-image-preview:large","max-video-preview":"max-video-preview:-1"},"canonical":"https:\/\/ideopsy.fr\/index.php\/posters-2022-2023-2\/","og_locale":"fr_FR","og_type":"article","og_title":"POSTERS 2022-2023 - IDEO","og_description":"Vous trouverez dans les cat\u00e9gories ci-dessous tous les posters, ainsi que les slogans, cr\u00e9\u00e9s par les \u00e9l\u00e8ves de classe de seconde professionnelle, g\u00e9n\u00e9rale, technique et CAP, ayant b\u00e9n\u00e9fici\u00e9s de la sensibilisation IDEO\u00a0durant l\u2019ann\u00e9e scolaire 2022-2023.","og_url":"https:\/\/ideopsy.fr\/index.php\/posters-2022-2023-2\/","og_site_name":"IDEO","article_modified_time":"2024-06-24T13:02:05+00:00","og_image":[{"url":"https:\/\/ideopsy.fr\/wp-content\/uploads\/2024\/06\/1-6-1024x576.png","type":"","width":"","height":""}],"twitter_card":"summary_large_image","twitter_misc":{"Dur\u00e9e de lecture estim\u00e9e":"3 minutes"},"schema":{"@context":"https:\/\/schema.org","@graph":[{"@type":"WebPage","@id":"https:\/\/ideopsy.fr\/index.php\/posters-2022-2023-2\/","url":"https:\/\/ideopsy.fr\/index.php\/posters-2022-2023-2\/","name":"POSTERS 2022-2023 - IDEO","isPartOf":{"@id":"https:\/\/ideopsy.fr\/#website"},"primaryImageOfPage":{"@id":"https:\/\/ideopsy.fr\/index.php\/posters-2022-2023-2\/#primaryimage"},"image":{"@id":"https:\/\/ideopsy.fr\/index.php\/posters-2022-2023-2\/#primaryimage"},"thumbnailUrl":"https:\/\/ideopsy.fr\/wp-content\/uploads\/2024\/06\/1-6-1024x576.png","datePublished":"2024-06-24T11:59:39+00:00","dateModified":"2024-06-24T13:02:05+00:00","breadcrumb":{"@id":"https:\/\/ideopsy.fr\/index.php\/posters-2022-2023-2\/#breadcrumb"},"inLanguage":"fr-FR","potentialAction":[{"@type":"ReadAction","target":["https:\/\/ideopsy.fr\/index.php\/posters-2022-2023-2\/"]}]},{"@type":"ImageObject","inLanguage":"fr-FR","@id":"https:\/\/ideopsy.fr\/index.php\/posters-2022-2023-2\/#primaryimage","url":"https:\/\/ideopsy.fr\/wp-content\/uploads\/2024\/06\/1-6.png","contentUrl":"https:\/\/ideopsy.fr\/wp-content\/uploads\/2024\/06\/1-6.png","width":4000,"height":2250},{"@type":"BreadcrumbList","@id":"https:\/\/ideopsy.fr\/index.php\/posters-2022-2023-2\/#breadcrumb","itemListElement":[{"@type":"ListItem","position":1,"name":"Accueil","item":"https:\/\/ideopsy.fr\/"},{"@type":"ListItem","position":2,"name":"POSTERS 2022-2023"}]},{"@type":"WebSite","@id":"https:\/\/ideopsy.fr\/#website","url":"https:\/\/ideopsy.fr\/","name":"IDEO","description":"sante mentale des jeunes adolescents","publisher":{"@id":"https:\/\/ideopsy.fr\/#organization"},"potentialAction":[{"@type":"SearchAction","target":{"@type":"EntryPoint","urlTemplate":"https:\/\/ideopsy.fr\/?s={search_term_string}"},"query-input":{"@type":"PropertyValueSpecification","valueRequired":true,"valueName":"search_term_string"}}],"inLanguage":"fr-FR"},{"@type":"Organization","@id":"https:\/\/ideopsy.fr\/#organization","name":"IDEO","url":"https:\/\/ideopsy.fr\/","logo":{"@type":"ImageObject","inLanguage":"fr-FR","@id":"https:\/\/ideopsy.fr\/#\/schema\/logo\/image\/","url":"http:\/\/ideopsy.fr\/wp-content\/uploads\/2021\/12\/cropped-page-accueil-25-100-Logo-IDEO-officiel.jpg","contentUrl":"http:\/\/ideopsy.fr\/wp-content\/uploads\/2021\/12\/cropped-page-accueil-25-100-Logo-IDEO-officiel.jpg","width":307,"height":177,"caption":"IDEO"},"image":{"@id":"https:\/\/ideopsy.fr\/#\/schema\/logo\/image\/"}}]}},"_links":{"self":[{"href":"https:\/\/ideopsy.fr\/index.php\/wp-json\/wp\/v2\/pages\/2054","targetHints":{"allow":["GET"]}}],"collection":[{"href":"https:\/\/ideopsy.fr\/index.php\/wp-json\/wp\/v2\/pages"}],"about":[{"href":"https:\/\/ideopsy.fr\/index.php\/wp-json\/wp\/v2\/types\/page"}],"author":[{"embeddable":true,"href":"https:\/\/ideopsy.fr\/index.php\/wp-json\/wp\/v2\/users\/1"}],"replies":[{"embeddable":true,"href":"https:\/\/ideopsy.fr\/index.php\/wp-json\/wp\/v2\/comments?post=2054"}],"version-history":[{"count":13,"href":"https:\/\/ideopsy.fr\/index.php\/wp-json\/wp\/v2\/pages\/2054\/revisions"}],"predecessor-version":[{"id":2435,"href":"https:\/\/ideopsy.fr\/index.php\/wp-json\/wp\/v2\/pages\/2054\/revisions\/2435"}],"wp:attachment":[{"href":"https:\/\/ideopsy.fr\/index.php\/wp-json\/wp\/v2\/media?parent=2054"}],"curies":[{"name":"wp","href":"https:\/\/api.w.org\/{rel}","templated":true}]}}