{"id":2436,"date":"2024-06-24T16:10:26","date_gmt":"2024-06-24T14:10:26","guid":{"rendered":"https:\/\/ideopsy.fr\/?page_id=2436"},"modified":"2024-06-25T09:39:41","modified_gmt":"2024-06-25T07:39:41","slug":"posters-2021-2022","status":"publish","type":"page","link":"https:\/\/ideopsy.fr\/index.php\/posters-2021-2022\/","title":{"rendered":"POSTERS 2021-2022"},"content":{"rendered":"\n<p class=\"has-text-align-center\"><strong>Vous trouverez dans les cat\u00e9gories ci-dessous tous les posters, ainsi que les slogans, cr\u00e9\u00e9s par les \u00e9l\u00e8ves de classe de seconde professionnelle, g\u00e9n\u00e9rale, technique et CAP, ayant b\u00e9n\u00e9fici\u00e9s de la sensibilisation IDEO<\/strong>&nbsp;<strong>durant l\u2019ann\u00e9e scolaire 2021-2022.<\/strong><\/p>\n\n\n\n<figure class=\"wp-block-gallery has-nested-images columns-default is-cropped wp-block-gallery-1 is-layout-flex wp-block-gallery-is-layout-flex\">\n<figure class=\"wp-block-image size-large\"><a href=\"https:\/\/ideopsy.fr\/?page_id=2457\" target=\"_blank\" rel=\"noopener\"><img loading=\"lazy\" decoding=\"async\" width=\"1024\" height=\"576\" data-id=\"2448\" src=\"https:\/\/ideopsy.fr\/wp-content\/uploads\/2024\/06\/1-9-1024x576.png\" alt=\"\" class=\"wp-image-2448\" srcset=\"https:\/\/ideopsy.fr\/wp-content\/uploads\/2024\/06\/1-9-1024x576.png 1024w, https:\/\/ideopsy.fr\/wp-content\/uploads\/2024\/06\/1-9-300x169.png 300w, https:\/\/ideopsy.fr\/wp-content\/uploads\/2024\/06\/1-9-768x432.png 768w, https:\/\/ideopsy.fr\/wp-content\/uploads\/2024\/06\/1-9-1536x864.png 1536w, https:\/\/ideopsy.fr\/wp-content\/uploads\/2024\/06\/1-9-2048x1152.png 2048w\" sizes=\"auto, (max-width: 1024px) 100vw, 1024px\" \/><\/a><\/figure>\n\n\n\n<figure class=\"wp-block-image size-large\"><a href=\"https:\/\/ideopsy.fr\/?page_id=2493\" target=\"_blank\" rel=\"noopener\"><img loading=\"lazy\" decoding=\"async\" width=\"1024\" height=\"576\" data-id=\"2445\" src=\"https:\/\/ideopsy.fr\/wp-content\/uploads\/2024\/06\/2-7-1024x576.png\" alt=\"\" class=\"wp-image-2445\" srcset=\"https:\/\/ideopsy.fr\/wp-content\/uploads\/2024\/06\/2-7-1024x576.png 1024w, https:\/\/ideopsy.fr\/wp-content\/uploads\/2024\/06\/2-7-300x169.png 300w, https:\/\/ideopsy.fr\/wp-content\/uploads\/2024\/06\/2-7-768x432.png 768w, https:\/\/ideopsy.fr\/wp-content\/uploads\/2024\/06\/2-7-1536x864.png 1536w, https:\/\/ideopsy.fr\/wp-content\/uploads\/2024\/06\/2-7-2048x1152.png 2048w\" sizes=\"auto, (max-width: 1024px) 100vw, 1024px\" \/><\/a><\/figure>\n\n\n\n<figure class=\"wp-block-image size-large\"><a href=\"https:\/\/ideopsy.fr\/?page_id=2577\" target=\"_blank\" rel=\"noopener\"><img loading=\"lazy\" decoding=\"async\" width=\"1024\" height=\"576\" data-id=\"2449\" src=\"https:\/\/ideopsy.fr\/wp-content\/uploads\/2024\/06\/3-8-1024x576.png\" alt=\"\" class=\"wp-image-2449\" srcset=\"https:\/\/ideopsy.fr\/wp-content\/uploads\/2024\/06\/3-8-1024x576.png 1024w, https:\/\/ideopsy.fr\/wp-content\/uploads\/2024\/06\/3-8-300x169.png 300w, https:\/\/ideopsy.fr\/wp-content\/uploads\/2024\/06\/3-8-768x432.png 768w, https:\/\/ideopsy.fr\/wp-content\/uploads\/2024\/06\/3-8-1536x864.png 1536w, https:\/\/ideopsy.fr\/wp-content\/uploads\/2024\/06\/3-8-2048x1152.png 2048w\" sizes=\"auto, (max-width: 1024px) 100vw, 1024px\" \/><\/a><\/figure>\n\n\n\n<figure class=\"wp-block-image size-large\"><a href=\"https:\/\/ideopsy.fr\/?page_id=2587\" target=\"_blank\" rel=\"noopener\"><img loading=\"lazy\" decoding=\"async\" width=\"1024\" height=\"576\" data-id=\"2443\" src=\"https:\/\/ideopsy.fr\/wp-content\/uploads\/2024\/06\/4-6-1024x576.png\" alt=\"\" class=\"wp-image-2443\" srcset=\"https:\/\/ideopsy.fr\/wp-content\/uploads\/2024\/06\/4-6-1024x576.png 1024w, https:\/\/ideopsy.fr\/wp-content\/uploads\/2024\/06\/4-6-300x169.png 300w, https:\/\/ideopsy.fr\/wp-content\/uploads\/2024\/06\/4-6-768x432.png 768w, https:\/\/ideopsy.fr\/wp-content\/uploads\/2024\/06\/4-6-1536x864.png 1536w, https:\/\/ideopsy.fr\/wp-content\/uploads\/2024\/06\/4-6-2048x1152.png 2048w\" sizes=\"auto, (max-width: 1024px) 100vw, 1024px\" \/><\/a><\/figure>\n\n\n\n<figure class=\"wp-block-image size-large\"><img loading=\"lazy\" decoding=\"async\" width=\"1024\" height=\"576\" data-id=\"2450\" src=\"https:\/\/ideopsy.fr\/wp-content\/uploads\/2024\/06\/5-7-1024x576.png\" alt=\"\" class=\"wp-image-2450\" srcset=\"https:\/\/ideopsy.fr\/wp-content\/uploads\/2024\/06\/5-7-1024x576.png 1024w, https:\/\/ideopsy.fr\/wp-content\/uploads\/2024\/06\/5-7-300x169.png 300w, https:\/\/ideopsy.fr\/wp-content\/uploads\/2024\/06\/5-7-768x432.png 768w, https:\/\/ideopsy.fr\/wp-content\/uploads\/2024\/06\/5-7-1536x864.png 1536w, https:\/\/ideopsy.fr\/wp-content\/uploads\/2024\/06\/5-7-2048x1152.png 2048w\" sizes=\"auto, (max-width: 1024px) 100vw, 1024px\" \/><\/figure>\n\n\n\n<figure class=\"wp-block-image size-large\"><a href=\"https:\/\/ideopsy.fr\/?page_id=2606\" target=\"_blank\" rel=\"noopener\"><img loading=\"lazy\" decoding=\"async\" width=\"1024\" height=\"576\" data-id=\"2451\" src=\"https:\/\/ideopsy.fr\/wp-content\/uploads\/2024\/06\/6-8-1024x576.png\" alt=\"\" class=\"wp-image-2451\" srcset=\"https:\/\/ideopsy.fr\/wp-content\/uploads\/2024\/06\/6-8-1024x576.png 1024w, https:\/\/ideopsy.fr\/wp-content\/uploads\/2024\/06\/6-8-300x169.png 300w, https:\/\/ideopsy.fr\/wp-content\/uploads\/2024\/06\/6-8-768x432.png 768w, https:\/\/ideopsy.fr\/wp-content\/uploads\/2024\/06\/6-8-1536x864.png 1536w, https:\/\/ideopsy.fr\/wp-content\/uploads\/2024\/06\/6-8-2048x1152.png 2048w\" sizes=\"auto, (max-width: 1024px) 100vw, 1024px\" \/><\/a><\/figure>\n\n\n\n<figure class=\"wp-block-image size-large\"><a href=\"https:\/\/ideopsy.fr\/?page_id=2617\" target=\"_blank\" rel=\"noopener\"><img loading=\"lazy\" decoding=\"async\" width=\"1024\" height=\"576\" data-id=\"2446\" src=\"https:\/\/ideopsy.fr\/wp-content\/uploads\/2024\/06\/7-6-1024x576.png\" alt=\"\" class=\"wp-image-2446\" srcset=\"https:\/\/ideopsy.fr\/wp-content\/uploads\/2024\/06\/7-6-1024x576.png 1024w, https:\/\/ideopsy.fr\/wp-content\/uploads\/2024\/06\/7-6-300x169.png 300w, https:\/\/ideopsy.fr\/wp-content\/uploads\/2024\/06\/7-6-768x432.png 768w, https:\/\/ideopsy.fr\/wp-content\/uploads\/2024\/06\/7-6-1536x864.png 1536w, https:\/\/ideopsy.fr\/wp-content\/uploads\/2024\/06\/7-6-2048x1152.png 2048w\" sizes=\"auto, (max-width: 1024px) 100vw, 1024px\" \/><\/a><\/figure>\n\n\n\n<figure class=\"wp-block-image size-large\"><a href=\"https:\/\/ideopsy.fr\/?page_id=2624\" target=\"_blank\" rel=\"noopener\"><img loading=\"lazy\" decoding=\"async\" width=\"1024\" height=\"576\" data-id=\"2452\" src=\"https:\/\/ideopsy.fr\/wp-content\/uploads\/2024\/06\/8-7-1024x576.png\" alt=\"\" class=\"wp-image-2452\" srcset=\"https:\/\/ideopsy.fr\/wp-content\/uploads\/2024\/06\/8-7-1024x576.png 1024w, https:\/\/ideopsy.fr\/wp-content\/uploads\/2024\/06\/8-7-300x169.png 300w, https:\/\/ideopsy.fr\/wp-content\/uploads\/2024\/06\/8-7-768x432.png 768w, https:\/\/ideopsy.fr\/wp-content\/uploads\/2024\/06\/8-7-1536x864.png 1536w, https:\/\/ideopsy.fr\/wp-content\/uploads\/2024\/06\/8-7-2048x1152.png 2048w\" sizes=\"auto, (max-width: 1024px) 100vw, 1024px\" \/><\/a><\/figure>\n\n\n\n<figure class=\"wp-block-image size-large\"><img loading=\"lazy\" decoding=\"async\" width=\"1024\" height=\"576\" data-id=\"2453\" src=\"https:\/\/ideopsy.fr\/wp-content\/uploads\/2024\/06\/9-5-1024x576.png\" alt=\"\" class=\"wp-image-2453\" srcset=\"https:\/\/ideopsy.fr\/wp-content\/uploads\/2024\/06\/9-5-1024x576.png 1024w, https:\/\/ideopsy.fr\/wp-content\/uploads\/2024\/06\/9-5-300x169.png 300w, https:\/\/ideopsy.fr\/wp-content\/uploads\/2024\/06\/9-5-768x432.png 768w, https:\/\/ideopsy.fr\/wp-content\/uploads\/2024\/06\/9-5-1536x864.png 1536w, https:\/\/ideopsy.fr\/wp-content\/uploads\/2024\/06\/9-5-2048x1152.png 2048w\" sizes=\"auto, (max-width: 1024px) 100vw, 1024px\" \/><\/figure>\n\n\n\n<figure class=\"wp-block-image size-large\"><img loading=\"lazy\" decoding=\"async\" width=\"1024\" height=\"576\" data-id=\"2454\" src=\"https:\/\/ideopsy.fr\/wp-content\/uploads\/2024\/06\/bouton-vide-9-1024x576.png\" alt=\"\" class=\"wp-image-2454\" srcset=\"https:\/\/ideopsy.fr\/wp-content\/uploads\/2024\/06\/bouton-vide-9-1024x576.png 1024w, https:\/\/ideopsy.fr\/wp-content\/uploads\/2024\/06\/bouton-vide-9-300x169.png 300w, https:\/\/ideopsy.fr\/wp-content\/uploads\/2024\/06\/bouton-vide-9-768x432.png 768w, https:\/\/ideopsy.fr\/wp-content\/uploads\/2024\/06\/bouton-vide-9-1536x864.png 1536w, https:\/\/ideopsy.fr\/wp-content\/uploads\/2024\/06\/bouton-vide-9-2048x1152.png 2048w\" sizes=\"auto, (max-width: 1024px) 100vw, 1024px\" \/><\/figure>\n<\/figure>\n","protected":false},"excerpt":{"rendered":"<p>Vous trouverez dans les cat\u00e9gories ci-dessous tous les posters, ainsi que les slogans, cr\u00e9\u00e9s par les \u00e9l\u00e8ves de classe de seconde professionnelle, g\u00e9n\u00e9rale, technique et CAP, ayant b\u00e9n\u00e9fici\u00e9s de la sensibilisation IDEO&nbsp;durant l\u2019ann\u00e9e scolaire 2021-2022.<\/p>\n","protected":false},"author":1,"featured_media":0,"parent":0,"menu_order":0,"comment_status":"closed","ping_status":"closed","template":"","meta":{"_monsterinsights_skip_tracking":false,"_monsterinsights_sitenote_active":false,"_monsterinsights_sitenote_note":"","_monsterinsights_sitenote_category":0,"_uf_show_specific_survey":0,"_uf_disable_surveys":false,"_themeisle_gutenberg_block_has_review":false,"footnotes":""},"class_list":["post-2436","page","type-page","status-publish","hentry"],"yoast_head":"<!-- This site is optimized with the Yoast SEO plugin v24.7 - https:\/\/yoast.com\/wordpress\/plugins\/seo\/ -->\n<title>POSTERS 2021-2022 - IDEO<\/title>\n<meta name=\"robots\" content=\"index, follow, max-snippet:-1, max-image-preview:large, max-video-preview:-1\" \/>\n<link rel=\"canonical\" href=\"https:\/\/ideopsy.fr\/index.php\/posters-2021-2022\/\" \/>\n<meta property=\"og:locale\" content=\"fr_FR\" \/>\n<meta property=\"og:type\" content=\"article\" \/>\n<meta property=\"og:title\" content=\"POSTERS 2021-2022 - IDEO\" \/>\n<meta property=\"og:description\" content=\"Vous trouverez dans les cat\u00e9gories ci-dessous tous les posters, ainsi que les slogans, cr\u00e9\u00e9s par les \u00e9l\u00e8ves de classe de seconde professionnelle, g\u00e9n\u00e9rale, technique et CAP, ayant b\u00e9n\u00e9fici\u00e9s de la sensibilisation IDEO&nbsp;durant l\u2019ann\u00e9e scolaire 2021-2022.\" \/>\n<meta property=\"og:url\" content=\"https:\/\/ideopsy.fr\/index.php\/posters-2021-2022\/\" \/>\n<meta property=\"og:site_name\" content=\"IDEO\" \/>\n<meta property=\"article:modified_time\" content=\"2024-06-25T07:39:41+00:00\" \/>\n<meta property=\"og:image\" content=\"https:\/\/ideopsy.fr\/wp-content\/uploads\/2024\/06\/1-9-1024x576.png\" \/>\n<meta name=\"twitter:card\" content=\"summary_large_image\" \/>\n<meta name=\"twitter:label1\" content=\"Dur\u00e9e de lecture estim\u00e9e\" \/>\n\t<meta name=\"twitter:data1\" content=\"3 minutes\" \/>\n<script type=\"application\/ld+json\" class=\"yoast-schema-graph\">{\"@context\":\"https:\/\/schema.org\",\"@graph\":[{\"@type\":\"WebPage\",\"@id\":\"https:\/\/ideopsy.fr\/index.php\/posters-2021-2022\/\",\"url\":\"https:\/\/ideopsy.fr\/index.php\/posters-2021-2022\/\",\"name\":\"POSTERS 2021-2022 - IDEO\",\"isPartOf\":{\"@id\":\"https:\/\/ideopsy.fr\/#website\"},\"primaryImageOfPage\":{\"@id\":\"https:\/\/ideopsy.fr\/index.php\/posters-2021-2022\/#primaryimage\"},\"image\":{\"@id\":\"https:\/\/ideopsy.fr\/index.php\/posters-2021-2022\/#primaryimage\"},\"thumbnailUrl\":\"https:\/\/ideopsy.fr\/wp-content\/uploads\/2024\/06\/1-9-1024x576.png\",\"datePublished\":\"2024-06-24T14:10:26+00:00\",\"dateModified\":\"2024-06-25T07:39:41+00:00\",\"breadcrumb\":{\"@id\":\"https:\/\/ideopsy.fr\/index.php\/posters-2021-2022\/#breadcrumb\"},\"inLanguage\":\"fr-FR\",\"potentialAction\":[{\"@type\":\"ReadAction\",\"target\":[\"https:\/\/ideopsy.fr\/index.php\/posters-2021-2022\/\"]}]},{\"@type\":\"ImageObject\",\"inLanguage\":\"fr-FR\",\"@id\":\"https:\/\/ideopsy.fr\/index.php\/posters-2021-2022\/#primaryimage\",\"url\":\"https:\/\/ideopsy.fr\/wp-content\/uploads\/2024\/06\/1-9.png\",\"contentUrl\":\"https:\/\/ideopsy.fr\/wp-content\/uploads\/2024\/06\/1-9.png\",\"width\":4000,\"height\":2250},{\"@type\":\"BreadcrumbList\",\"@id\":\"https:\/\/ideopsy.fr\/index.php\/posters-2021-2022\/#breadcrumb\",\"itemListElement\":[{\"@type\":\"ListItem\",\"position\":1,\"name\":\"Accueil\",\"item\":\"https:\/\/ideopsy.fr\/\"},{\"@type\":\"ListItem\",\"position\":2,\"name\":\"POSTERS 2021-2022\"}]},{\"@type\":\"WebSite\",\"@id\":\"https:\/\/ideopsy.fr\/#website\",\"url\":\"https:\/\/ideopsy.fr\/\",\"name\":\"IDEO\",\"description\":\"sante mentale des jeunes adolescents\",\"publisher\":{\"@id\":\"https:\/\/ideopsy.fr\/#organization\"},\"potentialAction\":[{\"@type\":\"SearchAction\",\"target\":{\"@type\":\"EntryPoint\",\"urlTemplate\":\"https:\/\/ideopsy.fr\/?s={search_term_string}\"},\"query-input\":{\"@type\":\"PropertyValueSpecification\",\"valueRequired\":true,\"valueName\":\"search_term_string\"}}],\"inLanguage\":\"fr-FR\"},{\"@type\":\"Organization\",\"@id\":\"https:\/\/ideopsy.fr\/#organization\",\"name\":\"IDEO\",\"url\":\"https:\/\/ideopsy.fr\/\",\"logo\":{\"@type\":\"ImageObject\",\"inLanguage\":\"fr-FR\",\"@id\":\"https:\/\/ideopsy.fr\/#\/schema\/logo\/image\/\",\"url\":\"http:\/\/ideopsy.fr\/wp-content\/uploads\/2021\/12\/cropped-page-accueil-25-100-Logo-IDEO-officiel.jpg\",\"contentUrl\":\"http:\/\/ideopsy.fr\/wp-content\/uploads\/2021\/12\/cropped-page-accueil-25-100-Logo-IDEO-officiel.jpg\",\"width\":307,\"height\":177,\"caption\":\"IDEO\"},\"image\":{\"@id\":\"https:\/\/ideopsy.fr\/#\/schema\/logo\/image\/\"}}]}<\/script>\n<!-- \/ Yoast SEO plugin. -->","yoast_head_json":{"title":"POSTERS 2021-2022 - IDEO","robots":{"index":"index","follow":"follow","max-snippet":"max-snippet:-1","max-image-preview":"max-image-preview:large","max-video-preview":"max-video-preview:-1"},"canonical":"https:\/\/ideopsy.fr\/index.php\/posters-2021-2022\/","og_locale":"fr_FR","og_type":"article","og_title":"POSTERS 2021-2022 - IDEO","og_description":"Vous trouverez dans les cat\u00e9gories ci-dessous tous les posters, ainsi que les slogans, cr\u00e9\u00e9s par les \u00e9l\u00e8ves de classe de seconde professionnelle, g\u00e9n\u00e9rale, technique et CAP, ayant b\u00e9n\u00e9fici\u00e9s de la sensibilisation IDEO&nbsp;durant l\u2019ann\u00e9e scolaire 2021-2022.","og_url":"https:\/\/ideopsy.fr\/index.php\/posters-2021-2022\/","og_site_name":"IDEO","article_modified_time":"2024-06-25T07:39:41+00:00","og_image":[{"url":"https:\/\/ideopsy.fr\/wp-content\/uploads\/2024\/06\/1-9-1024x576.png","type":"","width":"","height":""}],"twitter_card":"summary_large_image","twitter_misc":{"Dur\u00e9e de lecture estim\u00e9e":"3 minutes"},"schema":{"@context":"https:\/\/schema.org","@graph":[{"@type":"WebPage","@id":"https:\/\/ideopsy.fr\/index.php\/posters-2021-2022\/","url":"https:\/\/ideopsy.fr\/index.php\/posters-2021-2022\/","name":"POSTERS 2021-2022 - IDEO","isPartOf":{"@id":"https:\/\/ideopsy.fr\/#website"},"primaryImageOfPage":{"@id":"https:\/\/ideopsy.fr\/index.php\/posters-2021-2022\/#primaryimage"},"image":{"@id":"https:\/\/ideopsy.fr\/index.php\/posters-2021-2022\/#primaryimage"},"thumbnailUrl":"https:\/\/ideopsy.fr\/wp-content\/uploads\/2024\/06\/1-9-1024x576.png","datePublished":"2024-06-24T14:10:26+00:00","dateModified":"2024-06-25T07:39:41+00:00","breadcrumb":{"@id":"https:\/\/ideopsy.fr\/index.php\/posters-2021-2022\/#breadcrumb"},"inLanguage":"fr-FR","potentialAction":[{"@type":"ReadAction","target":["https:\/\/ideopsy.fr\/index.php\/posters-2021-2022\/"]}]},{"@type":"ImageObject","inLanguage":"fr-FR","@id":"https:\/\/ideopsy.fr\/index.php\/posters-2021-2022\/#primaryimage","url":"https:\/\/ideopsy.fr\/wp-content\/uploads\/2024\/06\/1-9.png","contentUrl":"https:\/\/ideopsy.fr\/wp-content\/uploads\/2024\/06\/1-9.png","width":4000,"height":2250},{"@type":"BreadcrumbList","@id":"https:\/\/ideopsy.fr\/index.php\/posters-2021-2022\/#breadcrumb","itemListElement":[{"@type":"ListItem","position":1,"name":"Accueil","item":"https:\/\/ideopsy.fr\/"},{"@type":"ListItem","position":2,"name":"POSTERS 2021-2022"}]},{"@type":"WebSite","@id":"https:\/\/ideopsy.fr\/#website","url":"https:\/\/ideopsy.fr\/","name":"IDEO","description":"sante mentale des jeunes adolescents","publisher":{"@id":"https:\/\/ideopsy.fr\/#organization"},"potentialAction":[{"@type":"SearchAction","target":{"@type":"EntryPoint","urlTemplate":"https:\/\/ideopsy.fr\/?s={search_term_string}"},"query-input":{"@type":"PropertyValueSpecification","valueRequired":true,"valueName":"search_term_string"}}],"inLanguage":"fr-FR"},{"@type":"Organization","@id":"https:\/\/ideopsy.fr\/#organization","name":"IDEO","url":"https:\/\/ideopsy.fr\/","logo":{"@type":"ImageObject","inLanguage":"fr-FR","@id":"https:\/\/ideopsy.fr\/#\/schema\/logo\/image\/","url":"http:\/\/ideopsy.fr\/wp-content\/uploads\/2021\/12\/cropped-page-accueil-25-100-Logo-IDEO-officiel.jpg","contentUrl":"http:\/\/ideopsy.fr\/wp-content\/uploads\/2021\/12\/cropped-page-accueil-25-100-Logo-IDEO-officiel.jpg","width":307,"height":177,"caption":"IDEO"},"image":{"@id":"https:\/\/ideopsy.fr\/#\/schema\/logo\/image\/"}}]}},"_links":{"self":[{"href":"https:\/\/ideopsy.fr\/index.php\/wp-json\/wp\/v2\/pages\/2436","targetHints":{"allow":["GET"]}}],"collection":[{"href":"https:\/\/ideopsy.fr\/index.php\/wp-json\/wp\/v2\/pages"}],"about":[{"href":"https:\/\/ideopsy.fr\/index.php\/wp-json\/wp\/v2\/types\/page"}],"author":[{"embeddable":true,"href":"https:\/\/ideopsy.fr\/index.php\/wp-json\/wp\/v2\/users\/1"}],"replies":[{"embeddable":true,"href":"https:\/\/ideopsy.fr\/index.php\/wp-json\/wp\/v2\/comments?post=2436"}],"version-history":[{"count":6,"href":"https:\/\/ideopsy.fr\/index.php\/wp-json\/wp\/v2\/pages\/2436\/revisions"}],"predecessor-version":[{"id":2632,"href":"https:\/\/ideopsy.fr\/index.php\/wp-json\/wp\/v2\/pages\/2436\/revisions\/2632"}],"wp:attachment":[{"href":"https:\/\/ideopsy.fr\/index.php\/wp-json\/wp\/v2\/media?parent=2436"}],"curies":[{"name":"wp","href":"https:\/\/api.w.org\/{rel}","templated":true}]}}