{"id":2753,"date":"2024-07-04T14:40:14","date_gmt":"2024-07-04T12:40:14","guid":{"rendered":"https:\/\/ideopsy.fr\/?page_id=2753"},"modified":"2024-09-05T11:32:45","modified_gmt":"2024-09-05T09:32:45","slug":"ressources","status":"publish","type":"page","link":"https:\/\/ideopsy.fr\/index.php\/ressources\/","title":{"rendered":"RESSOURCES"},"content":{"rendered":"\n<figure class=\"wp-block-image size-large\"><img loading=\"lazy\" decoding=\"async\" width=\"1024\" height=\"213\" src=\"https:\/\/ideopsy.fr\/wp-content\/uploads\/2024\/07\/Banniere-page-ressources-rose-1024x213.png\" alt=\"\" class=\"wp-image-2754\" srcset=\"https:\/\/ideopsy.fr\/wp-content\/uploads\/2024\/07\/Banniere-page-ressources-rose-1024x213.png 1024w, https:\/\/ideopsy.fr\/wp-content\/uploads\/2024\/07\/Banniere-page-ressources-rose-300x63.png 300w, https:\/\/ideopsy.fr\/wp-content\/uploads\/2024\/07\/Banniere-page-ressources-rose-768x160.png 768w, https:\/\/ideopsy.fr\/wp-content\/uploads\/2024\/07\/Banniere-page-ressources-rose-1536x320.png 1536w, https:\/\/ideopsy.fr\/wp-content\/uploads\/2024\/07\/Banniere-page-ressources-rose-2048x427.png 2048w\" sizes=\"auto, (max-width: 1024px) 100vw, 1024px\" \/><\/figure>\n\n\n\n<p class=\"has-text-align-center\"><strong>Cette section est d\u00e9di\u00e9e \u00e0 vous offrir un acc\u00e8s facile et rapide aux ressources essentielles pour soutenir votre sant\u00e9 mentale&nbsp;: une cartographie des structures pr\u00e9sentes dans votre secteur pour trouver de l\u2019aide et un accompagnement personnalis\u00e9 et gratuit, les derni\u00e8res actualit\u00e9s sur la sant\u00e9 mentale des jeunes ou encore la cr\u00e9ation de posters r\u00e9alis\u00e9s par les \u00e9l\u00e8ves ayant particip\u00e9 aux s\u00e9ances d\u2019IDEO dans tous les lyc\u00e9es de l\u2019Aube.<\/strong><\/p>\n\n\n\n<h2 class=\"wp-block-heading has-text-align-center\">Acc\u00e8s rapide aux ressources<\/h2>\n\n\n\n<figure class=\"wp-block-gallery has-nested-images columns-2 is-cropped wp-block-gallery-1 is-layout-flex wp-block-gallery-is-layout-flex\">\n<figure class=\"wp-block-image size-large\"><a href=\"https:\/\/ideopsy.fr\/index.php\/trouver-de-laide\/\"><img loading=\"lazy\" decoding=\"async\" width=\"1024\" height=\"576\" data-id=\"3051\" src=\"http:\/\/ideopsy.fr\/wp-content\/uploads\/2024\/07\/Bouton-trouver-de-laide-presentation-et-cartographie-structures-1024x576.png\" alt=\"\" class=\"wp-image-3051\" srcset=\"https:\/\/ideopsy.fr\/wp-content\/uploads\/2024\/07\/Bouton-trouver-de-laide-presentation-et-cartographie-structures-1024x576.png 1024w, https:\/\/ideopsy.fr\/wp-content\/uploads\/2024\/07\/Bouton-trouver-de-laide-presentation-et-cartographie-structures-300x169.png 300w, https:\/\/ideopsy.fr\/wp-content\/uploads\/2024\/07\/Bouton-trouver-de-laide-presentation-et-cartographie-structures-768x432.png 768w, https:\/\/ideopsy.fr\/wp-content\/uploads\/2024\/07\/Bouton-trouver-de-laide-presentation-et-cartographie-structures-1536x864.png 1536w, https:\/\/ideopsy.fr\/wp-content\/uploads\/2024\/07\/Bouton-trouver-de-laide-presentation-et-cartographie-structures-2048x1152.png 2048w\" sizes=\"auto, (max-width: 1024px) 100vw, 1024px\" \/><\/a><\/figure>\n\n\n\n<figure class=\"wp-block-image size-large\"><a href=\"https:\/\/ideopsy.fr\/index.php\/depliants-des-structures-a-telecharger-2\/\" target=\"_blank\" rel=\"noreferrer noopener\"><img loading=\"lazy\" decoding=\"async\" width=\"1024\" height=\"576\" data-id=\"3057\" src=\"https:\/\/ideopsy.fr\/wp-content\/uploads\/2024\/07\/bouton-depliants-1024x576.png\" alt=\"\" class=\"wp-image-3057\" srcset=\"https:\/\/ideopsy.fr\/wp-content\/uploads\/2024\/07\/bouton-depliants-1024x576.png 1024w, https:\/\/ideopsy.fr\/wp-content\/uploads\/2024\/07\/bouton-depliants-300x169.png 300w, https:\/\/ideopsy.fr\/wp-content\/uploads\/2024\/07\/bouton-depliants-768x432.png 768w, https:\/\/ideopsy.fr\/wp-content\/uploads\/2024\/07\/bouton-depliants-1536x864.png 1536w, https:\/\/ideopsy.fr\/wp-content\/uploads\/2024\/07\/bouton-depliants-2048x1152.png 2048w\" sizes=\"auto, (max-width: 1024px) 100vw, 1024px\" \/><\/a><\/figure>\n\n\n\n<figure class=\"wp-block-image size-large\"><a href=\"https:\/\/ideopsy.fr\/index.php\/affiches-slogans\/\"><img loading=\"lazy\" decoding=\"async\" width=\"1024\" height=\"576\" data-id=\"2709\" src=\"https:\/\/ideopsy.fr\/wp-content\/uploads\/2024\/07\/12-2-1024x576.png\" alt=\"\" class=\"wp-image-2709\" srcset=\"https:\/\/ideopsy.fr\/wp-content\/uploads\/2024\/07\/12-2-1024x576.png 1024w, https:\/\/ideopsy.fr\/wp-content\/uploads\/2024\/07\/12-2-300x169.png 300w, https:\/\/ideopsy.fr\/wp-content\/uploads\/2024\/07\/12-2-768x432.png 768w, https:\/\/ideopsy.fr\/wp-content\/uploads\/2024\/07\/12-2-1536x864.png 1536w, https:\/\/ideopsy.fr\/wp-content\/uploads\/2024\/07\/12-2-2048x1152.png 2048w\" sizes=\"auto, (max-width: 1024px) 100vw, 1024px\" \/><\/a><\/figure>\n\n\n\n<figure class=\"wp-block-image size-large\"><a href=\"https:\/\/ideopsy.fr\/?page_id=2851\"><img loading=\"lazy\" decoding=\"async\" width=\"1024\" height=\"576\" data-id=\"2757\" src=\"http:\/\/ideopsy.fr\/wp-content\/uploads\/2024\/07\/FAQ-1-1024x576.png\" alt=\"\" class=\"wp-image-2757\" srcset=\"https:\/\/ideopsy.fr\/wp-content\/uploads\/2024\/07\/FAQ-1-1024x576.png 1024w, https:\/\/ideopsy.fr\/wp-content\/uploads\/2024\/07\/FAQ-1-300x169.png 300w, https:\/\/ideopsy.fr\/wp-content\/uploads\/2024\/07\/FAQ-1-768x432.png 768w, https:\/\/ideopsy.fr\/wp-content\/uploads\/2024\/07\/FAQ-1-1536x864.png 1536w, https:\/\/ideopsy.fr\/wp-content\/uploads\/2024\/07\/FAQ-1-2048x1152.png 2048w\" sizes=\"auto, (max-width: 1024px) 100vw, 1024px\" \/><\/a><\/figure>\n<\/figure>\n\n\n\n<h2 class=\"wp-block-heading\"><\/h2>\n\n\n\n<h2 class=\"wp-block-heading\"><\/h2>\n","protected":false},"excerpt":{"rendered":"<p>Cette section est d\u00e9di\u00e9e \u00e0 vous offrir un acc\u00e8s facile et rapide aux ressources essentielles pour soutenir votre sant\u00e9 mentale&nbsp;: une cartographie des structures pr\u00e9sentes dans votre secteur pour trouver de l\u2019aide et un accompagnement personnalis\u00e9 et gratuit, les derni\u00e8res actualit\u00e9s sur la sant\u00e9 mentale des jeunes ou encore la [&hellip;]<\/p>\n","protected":false},"author":1,"featured_media":0,"parent":0,"menu_order":0,"comment_status":"closed","ping_status":"closed","template":"","meta":{"_monsterinsights_skip_tracking":false,"_monsterinsights_sitenote_active":false,"_monsterinsights_sitenote_note":"","_monsterinsights_sitenote_category":0,"_uf_show_specific_survey":0,"_uf_disable_surveys":false,"_themeisle_gutenberg_block_has_review":false,"footnotes":""},"class_list":["post-2753","page","type-page","status-publish","hentry"],"yoast_head":"<!-- This site is optimized with the Yoast SEO plugin v24.7 - https:\/\/yoast.com\/wordpress\/plugins\/seo\/ -->\n<title>RESSOURCES - IDEO<\/title>\n<meta name=\"robots\" content=\"index, follow, max-snippet:-1, max-image-preview:large, max-video-preview:-1\" \/>\n<link rel=\"canonical\" href=\"https:\/\/ideopsy.fr\/index.php\/ressources\/\" \/>\n<meta property=\"og:locale\" content=\"fr_FR\" \/>\n<meta property=\"og:type\" content=\"article\" \/>\n<meta property=\"og:title\" content=\"RESSOURCES - IDEO\" \/>\n<meta property=\"og:description\" content=\"Cette section est d\u00e9di\u00e9e \u00e0 vous offrir un acc\u00e8s facile et rapide aux ressources essentielles pour soutenir votre sant\u00e9 mentale&nbsp;: une cartographie des structures pr\u00e9sentes dans votre secteur pour trouver de l\u2019aide et un accompagnement personnalis\u00e9 et gratuit, les derni\u00e8res actualit\u00e9s sur la sant\u00e9 mentale des jeunes ou encore la [&hellip;]\" \/>\n<meta property=\"og:url\" content=\"https:\/\/ideopsy.fr\/index.php\/ressources\/\" \/>\n<meta property=\"og:site_name\" content=\"IDEO\" \/>\n<meta property=\"article:modified_time\" content=\"2024-09-05T09:32:45+00:00\" \/>\n<meta property=\"og:image\" content=\"https:\/\/ideopsy.fr\/wp-content\/uploads\/2024\/07\/Banniere-page-ressources-rose-1024x213.png\" \/>\n<meta name=\"twitter:card\" content=\"summary_large_image\" \/>\n<meta name=\"twitter:label1\" content=\"Dur\u00e9e de lecture estim\u00e9e\" \/>\n\t<meta name=\"twitter:data1\" content=\"3 minutes\" \/>\n<script type=\"application\/ld+json\" class=\"yoast-schema-graph\">{\"@context\":\"https:\/\/schema.org\",\"@graph\":[{\"@type\":\"WebPage\",\"@id\":\"https:\/\/ideopsy.fr\/index.php\/ressources\/\",\"url\":\"https:\/\/ideopsy.fr\/index.php\/ressources\/\",\"name\":\"RESSOURCES - IDEO\",\"isPartOf\":{\"@id\":\"https:\/\/ideopsy.fr\/#website\"},\"primaryImageOfPage\":{\"@id\":\"https:\/\/ideopsy.fr\/index.php\/ressources\/#primaryimage\"},\"image\":{\"@id\":\"https:\/\/ideopsy.fr\/index.php\/ressources\/#primaryimage\"},\"thumbnailUrl\":\"https:\/\/ideopsy.fr\/wp-content\/uploads\/2024\/07\/Banniere-page-ressources-rose-1024x213.png\",\"datePublished\":\"2024-07-04T12:40:14+00:00\",\"dateModified\":\"2024-09-05T09:32:45+00:00\",\"breadcrumb\":{\"@id\":\"https:\/\/ideopsy.fr\/index.php\/ressources\/#breadcrumb\"},\"inLanguage\":\"fr-FR\",\"potentialAction\":[{\"@type\":\"ReadAction\",\"target\":[\"https:\/\/ideopsy.fr\/index.php\/ressources\/\"]}]},{\"@type\":\"ImageObject\",\"inLanguage\":\"fr-FR\",\"@id\":\"https:\/\/ideopsy.fr\/index.php\/ressources\/#primaryimage\",\"url\":\"https:\/\/ideopsy.fr\/wp-content\/uploads\/2024\/07\/Banniere-page-ressources-rose.png\",\"contentUrl\":\"https:\/\/ideopsy.fr\/wp-content\/uploads\/2024\/07\/Banniere-page-ressources-rose.png\",\"width\":6000,\"height\":1250},{\"@type\":\"BreadcrumbList\",\"@id\":\"https:\/\/ideopsy.fr\/index.php\/ressources\/#breadcrumb\",\"itemListElement\":[{\"@type\":\"ListItem\",\"position\":1,\"name\":\"Accueil\",\"item\":\"https:\/\/ideopsy.fr\/\"},{\"@type\":\"ListItem\",\"position\":2,\"name\":\"RESSOURCES\"}]},{\"@type\":\"WebSite\",\"@id\":\"https:\/\/ideopsy.fr\/#website\",\"url\":\"https:\/\/ideopsy.fr\/\",\"name\":\"IDEO\",\"description\":\"sante mentale des jeunes adolescents\",\"publisher\":{\"@id\":\"https:\/\/ideopsy.fr\/#organization\"},\"potentialAction\":[{\"@type\":\"SearchAction\",\"target\":{\"@type\":\"EntryPoint\",\"urlTemplate\":\"https:\/\/ideopsy.fr\/?s={search_term_string}\"},\"query-input\":{\"@type\":\"PropertyValueSpecification\",\"valueRequired\":true,\"valueName\":\"search_term_string\"}}],\"inLanguage\":\"fr-FR\"},{\"@type\":\"Organization\",\"@id\":\"https:\/\/ideopsy.fr\/#organization\",\"name\":\"IDEO\",\"url\":\"https:\/\/ideopsy.fr\/\",\"logo\":{\"@type\":\"ImageObject\",\"inLanguage\":\"fr-FR\",\"@id\":\"https:\/\/ideopsy.fr\/#\/schema\/logo\/image\/\",\"url\":\"http:\/\/ideopsy.fr\/wp-content\/uploads\/2021\/12\/cropped-page-accueil-25-100-Logo-IDEO-officiel.jpg\",\"contentUrl\":\"http:\/\/ideopsy.fr\/wp-content\/uploads\/2021\/12\/cropped-page-accueil-25-100-Logo-IDEO-officiel.jpg\",\"width\":307,\"height\":177,\"caption\":\"IDEO\"},\"image\":{\"@id\":\"https:\/\/ideopsy.fr\/#\/schema\/logo\/image\/\"}}]}<\/script>\n<!-- \/ Yoast SEO plugin. -->","yoast_head_json":{"title":"RESSOURCES - IDEO","robots":{"index":"index","follow":"follow","max-snippet":"max-snippet:-1","max-image-preview":"max-image-preview:large","max-video-preview":"max-video-preview:-1"},"canonical":"https:\/\/ideopsy.fr\/index.php\/ressources\/","og_locale":"fr_FR","og_type":"article","og_title":"RESSOURCES - IDEO","og_description":"Cette section est d\u00e9di\u00e9e \u00e0 vous offrir un acc\u00e8s facile et rapide aux ressources essentielles pour soutenir votre sant\u00e9 mentale&nbsp;: une cartographie des structures pr\u00e9sentes dans votre secteur pour trouver de l\u2019aide et un accompagnement personnalis\u00e9 et gratuit, les derni\u00e8res actualit\u00e9s sur la sant\u00e9 mentale des jeunes ou encore la [&hellip;]","og_url":"https:\/\/ideopsy.fr\/index.php\/ressources\/","og_site_name":"IDEO","article_modified_time":"2024-09-05T09:32:45+00:00","og_image":[{"url":"https:\/\/ideopsy.fr\/wp-content\/uploads\/2024\/07\/Banniere-page-ressources-rose-1024x213.png","type":"","width":"","height":""}],"twitter_card":"summary_large_image","twitter_misc":{"Dur\u00e9e de lecture estim\u00e9e":"3 minutes"},"schema":{"@context":"https:\/\/schema.org","@graph":[{"@type":"WebPage","@id":"https:\/\/ideopsy.fr\/index.php\/ressources\/","url":"https:\/\/ideopsy.fr\/index.php\/ressources\/","name":"RESSOURCES - IDEO","isPartOf":{"@id":"https:\/\/ideopsy.fr\/#website"},"primaryImageOfPage":{"@id":"https:\/\/ideopsy.fr\/index.php\/ressources\/#primaryimage"},"image":{"@id":"https:\/\/ideopsy.fr\/index.php\/ressources\/#primaryimage"},"thumbnailUrl":"https:\/\/ideopsy.fr\/wp-content\/uploads\/2024\/07\/Banniere-page-ressources-rose-1024x213.png","datePublished":"2024-07-04T12:40:14+00:00","dateModified":"2024-09-05T09:32:45+00:00","breadcrumb":{"@id":"https:\/\/ideopsy.fr\/index.php\/ressources\/#breadcrumb"},"inLanguage":"fr-FR","potentialAction":[{"@type":"ReadAction","target":["https:\/\/ideopsy.fr\/index.php\/ressources\/"]}]},{"@type":"ImageObject","inLanguage":"fr-FR","@id":"https:\/\/ideopsy.fr\/index.php\/ressources\/#primaryimage","url":"https:\/\/ideopsy.fr\/wp-content\/uploads\/2024\/07\/Banniere-page-ressources-rose.png","contentUrl":"https:\/\/ideopsy.fr\/wp-content\/uploads\/2024\/07\/Banniere-page-ressources-rose.png","width":6000,"height":1250},{"@type":"BreadcrumbList","@id":"https:\/\/ideopsy.fr\/index.php\/ressources\/#breadcrumb","itemListElement":[{"@type":"ListItem","position":1,"name":"Accueil","item":"https:\/\/ideopsy.fr\/"},{"@type":"ListItem","position":2,"name":"RESSOURCES"}]},{"@type":"WebSite","@id":"https:\/\/ideopsy.fr\/#website","url":"https:\/\/ideopsy.fr\/","name":"IDEO","description":"sante mentale des jeunes adolescents","publisher":{"@id":"https:\/\/ideopsy.fr\/#organization"},"potentialAction":[{"@type":"SearchAction","target":{"@type":"EntryPoint","urlTemplate":"https:\/\/ideopsy.fr\/?s={search_term_string}"},"query-input":{"@type":"PropertyValueSpecification","valueRequired":true,"valueName":"search_term_string"}}],"inLanguage":"fr-FR"},{"@type":"Organization","@id":"https:\/\/ideopsy.fr\/#organization","name":"IDEO","url":"https:\/\/ideopsy.fr\/","logo":{"@type":"ImageObject","inLanguage":"fr-FR","@id":"https:\/\/ideopsy.fr\/#\/schema\/logo\/image\/","url":"http:\/\/ideopsy.fr\/wp-content\/uploads\/2021\/12\/cropped-page-accueil-25-100-Logo-IDEO-officiel.jpg","contentUrl":"http:\/\/ideopsy.fr\/wp-content\/uploads\/2021\/12\/cropped-page-accueil-25-100-Logo-IDEO-officiel.jpg","width":307,"height":177,"caption":"IDEO"},"image":{"@id":"https:\/\/ideopsy.fr\/#\/schema\/logo\/image\/"}}]}},"_links":{"self":[{"href":"https:\/\/ideopsy.fr\/index.php\/wp-json\/wp\/v2\/pages\/2753","targetHints":{"allow":["GET"]}}],"collection":[{"href":"https:\/\/ideopsy.fr\/index.php\/wp-json\/wp\/v2\/pages"}],"about":[{"href":"https:\/\/ideopsy.fr\/index.php\/wp-json\/wp\/v2\/types\/page"}],"author":[{"embeddable":true,"href":"https:\/\/ideopsy.fr\/index.php\/wp-json\/wp\/v2\/users\/1"}],"replies":[{"embeddable":true,"href":"https:\/\/ideopsy.fr\/index.php\/wp-json\/wp\/v2\/comments?post=2753"}],"version-history":[{"count":14,"href":"https:\/\/ideopsy.fr\/index.php\/wp-json\/wp\/v2\/pages\/2753\/revisions"}],"predecessor-version":[{"id":3641,"href":"https:\/\/ideopsy.fr\/index.php\/wp-json\/wp\/v2\/pages\/2753\/revisions\/3641"}],"wp:attachment":[{"href":"https:\/\/ideopsy.fr\/index.php\/wp-json\/wp\/v2\/media?parent=2753"}],"curies":[{"name":"wp","href":"https:\/\/api.w.org\/{rel}","templated":true}]}}