{"id":2794,"date":"2024-07-05T10:28:31","date_gmt":"2024-07-05T08:28:31","guid":{"rendered":"https:\/\/ideopsy.fr\/?page_id=2794"},"modified":"2025-08-01T10:27:44","modified_gmt":"2025-08-01T08:27:44","slug":"affiches-slogans","status":"publish","type":"page","link":"https:\/\/ideopsy.fr\/index.php\/affiches-slogans\/","title":{"rendered":"AFFICHES &amp; SLOGANS"},"content":{"rendered":"\n<figure class=\"wp-block-image size-large\"><img loading=\"lazy\" decoding=\"async\" width=\"1024\" height=\"213\" src=\"https:\/\/ideopsy.fr\/wp-content\/uploads\/2024\/07\/Banniere-page-affiches-et-slogans-1024x213.png\" alt=\"\" class=\"wp-image-2795\" srcset=\"https:\/\/ideopsy.fr\/wp-content\/uploads\/2024\/07\/Banniere-page-affiches-et-slogans-1024x213.png 1024w, https:\/\/ideopsy.fr\/wp-content\/uploads\/2024\/07\/Banniere-page-affiches-et-slogans-300x63.png 300w, https:\/\/ideopsy.fr\/wp-content\/uploads\/2024\/07\/Banniere-page-affiches-et-slogans-768x160.png 768w, https:\/\/ideopsy.fr\/wp-content\/uploads\/2024\/07\/Banniere-page-affiches-et-slogans-1536x320.png 1536w, https:\/\/ideopsy.fr\/wp-content\/uploads\/2024\/07\/Banniere-page-affiches-et-slogans-2048x427.png 2048w\" sizes=\"auto, (max-width: 1024px) 100vw, 1024px\" \/><\/figure>\n\n\n\n<p class=\"has-text-align-center\"><strong style=\"font-weight: bold;\">D\u00e9couvrez dans cette section les affiches, ainsi que les slogans, cr\u00e9\u00e9s par les \u00e9l\u00e8ves de classe de seconde professionnelle, g\u00e9n\u00e9rale, technique et CAP, ayant b\u00e9n\u00e9fici\u00e9s de la sensibilisation IDEO.<\/strong><\/p>\n\n\n\n<h2 class=\"wp-block-heading has-text-align-center\">Le talent des jeunes au fil des ann\u00e9es !<\/h2>\n\n\n\n<figure class=\"wp-block-gallery has-nested-images columns-2 is-cropped wp-block-gallery-1 is-layout-flex wp-block-gallery-is-layout-flex\">\n<figure class=\"wp-block-image size-large\"><a href=\"https:\/\/ideopsy.fr\/index.php\/posters-2021-2022\/\" target=\"_blank\" rel=\"noreferrer noopener\"><img loading=\"lazy\" decoding=\"async\" width=\"1024\" height=\"576\" data-id=\"2797\" src=\"https:\/\/ideopsy.fr\/wp-content\/uploads\/2024\/07\/boutons-posters-2021-2022-1024x576.png\" alt=\"\" class=\"wp-image-2797\" srcset=\"https:\/\/ideopsy.fr\/wp-content\/uploads\/2024\/07\/boutons-posters-2021-2022-1024x576.png 1024w, https:\/\/ideopsy.fr\/wp-content\/uploads\/2024\/07\/boutons-posters-2021-2022-300x169.png 300w, https:\/\/ideopsy.fr\/wp-content\/uploads\/2024\/07\/boutons-posters-2021-2022-768x432.png 768w, https:\/\/ideopsy.fr\/wp-content\/uploads\/2024\/07\/boutons-posters-2021-2022-1536x864.png 1536w, https:\/\/ideopsy.fr\/wp-content\/uploads\/2024\/07\/boutons-posters-2021-2022-2048x1152.png 2048w\" sizes=\"auto, (max-width: 1024px) 100vw, 1024px\" \/><\/a><\/figure>\n\n\n\n<figure class=\"wp-block-image size-large\"><a href=\"https:\/\/ideopsy.fr\/index.php\/posters-2022-2023-2\/\" target=\"_blank\" rel=\"noreferrer noopener\"><img loading=\"lazy\" decoding=\"async\" width=\"1024\" height=\"576\" data-id=\"2798\" src=\"https:\/\/ideopsy.fr\/wp-content\/uploads\/2024\/07\/boutons-posters-2022-2023-1024x576.png\" alt=\"\" class=\"wp-image-2798\" srcset=\"https:\/\/ideopsy.fr\/wp-content\/uploads\/2024\/07\/boutons-posters-2022-2023-1024x576.png 1024w, https:\/\/ideopsy.fr\/wp-content\/uploads\/2024\/07\/boutons-posters-2022-2023-300x169.png 300w, https:\/\/ideopsy.fr\/wp-content\/uploads\/2024\/07\/boutons-posters-2022-2023-768x432.png 768w, https:\/\/ideopsy.fr\/wp-content\/uploads\/2024\/07\/boutons-posters-2022-2023-1536x864.png 1536w, https:\/\/ideopsy.fr\/wp-content\/uploads\/2024\/07\/boutons-posters-2022-2023-2048x1152.png 2048w\" sizes=\"auto, (max-width: 1024px) 100vw, 1024px\" \/><\/a><\/figure>\n\n\n\n<figure class=\"wp-block-image size-large is-style-default\"><a href=\"https:\/\/ideopsy.fr\/index.php\/posters-2023-2024\/\" target=\"_blank\" rel=\"noreferrer noopener\"><img loading=\"lazy\" decoding=\"async\" width=\"1024\" height=\"576\" data-id=\"2799\" src=\"https:\/\/ideopsy.fr\/wp-content\/uploads\/2024\/07\/boutons-posters-2023-2024-1024x576.png\" alt=\"\" class=\"wp-image-2799\" srcset=\"https:\/\/ideopsy.fr\/wp-content\/uploads\/2024\/07\/boutons-posters-2023-2024-1024x576.png 1024w, https:\/\/ideopsy.fr\/wp-content\/uploads\/2024\/07\/boutons-posters-2023-2024-300x169.png 300w, https:\/\/ideopsy.fr\/wp-content\/uploads\/2024\/07\/boutons-posters-2023-2024-768x432.png 768w, https:\/\/ideopsy.fr\/wp-content\/uploads\/2024\/07\/boutons-posters-2023-2024-1536x864.png 1536w, https:\/\/ideopsy.fr\/wp-content\/uploads\/2024\/07\/boutons-posters-2023-2024-2048x1152.png 2048w\" sizes=\"auto, (max-width: 1024px) 100vw, 1024px\" \/><\/a><\/figure>\n\n\n\n<figure class=\"wp-block-image size-large\"><a href=\"https:\/\/ideopsy.fr\/index.php\/posters-2024-2025\/\" target=\"_blank\" rel=\" noreferrer noopener\"><img loading=\"lazy\" decoding=\"async\" width=\"1024\" height=\"576\" data-id=\"4585\" src=\"https:\/\/ideopsy.fr\/wp-content\/uploads\/2025\/08\/banniere-2024-2025-affiches-1024x576.png\" alt=\"\" class=\"wp-image-4585\" srcset=\"https:\/\/ideopsy.fr\/wp-content\/uploads\/2025\/08\/banniere-2024-2025-affiches-1024x576.png 1024w, https:\/\/ideopsy.fr\/wp-content\/uploads\/2025\/08\/banniere-2024-2025-affiches-300x169.png 300w, https:\/\/ideopsy.fr\/wp-content\/uploads\/2025\/08\/banniere-2024-2025-affiches-768x432.png 768w, https:\/\/ideopsy.fr\/wp-content\/uploads\/2025\/08\/banniere-2024-2025-affiches-1536x864.png 1536w, https:\/\/ideopsy.fr\/wp-content\/uploads\/2025\/08\/banniere-2024-2025-affiches-2048x1152.png 2048w\" sizes=\"auto, (max-width: 1024px) 100vw, 1024px\" \/><\/a><\/figure>\n<\/figure>\n\n\n\n<h2 class=\"wp-block-heading\"><\/h2>\n","protected":false},"excerpt":{"rendered":"<p>D\u00e9couvrez dans cette section les affiches, ainsi que les slogans, cr\u00e9\u00e9s par les \u00e9l\u00e8ves de classe de seconde professionnelle, g\u00e9n\u00e9rale, technique et CAP, ayant b\u00e9n\u00e9fici\u00e9s de la sensibilisation IDEO. Le talent des jeunes au fil des ann\u00e9es !<\/p>\n","protected":false},"author":1,"featured_media":0,"parent":0,"menu_order":0,"comment_status":"closed","ping_status":"closed","template":"","meta":{"_monsterinsights_skip_tracking":false,"_monsterinsights_sitenote_active":false,"_monsterinsights_sitenote_note":"","_monsterinsights_sitenote_category":0,"_uf_show_specific_survey":0,"_uf_disable_surveys":false,"_themeisle_gutenberg_block_has_review":false,"footnotes":""},"class_list":["post-2794","page","type-page","status-publish","hentry"],"yoast_head":"<!-- This site is optimized with the Yoast SEO plugin v24.7 - https:\/\/yoast.com\/wordpress\/plugins\/seo\/ -->\n<title>AFFICHES &amp; SLOGANS - IDEO<\/title>\n<meta name=\"robots\" content=\"index, follow, max-snippet:-1, max-image-preview:large, max-video-preview:-1\" \/>\n<link rel=\"canonical\" href=\"https:\/\/ideopsy.fr\/index.php\/affiches-slogans\/\" \/>\n<meta property=\"og:locale\" content=\"fr_FR\" \/>\n<meta property=\"og:type\" content=\"article\" \/>\n<meta property=\"og:title\" content=\"AFFICHES &amp; SLOGANS - IDEO\" \/>\n<meta property=\"og:description\" content=\"D\u00e9couvrez dans cette section les affiches, ainsi que les slogans, cr\u00e9\u00e9s par les \u00e9l\u00e8ves de classe de seconde professionnelle, g\u00e9n\u00e9rale, technique et CAP, ayant b\u00e9n\u00e9fici\u00e9s de la sensibilisation IDEO. Le talent des jeunes au fil des ann\u00e9es !\" \/>\n<meta property=\"og:url\" content=\"https:\/\/ideopsy.fr\/index.php\/affiches-slogans\/\" \/>\n<meta property=\"og:site_name\" content=\"IDEO\" \/>\n<meta property=\"article:modified_time\" content=\"2025-08-01T08:27:44+00:00\" \/>\n<meta property=\"og:image\" content=\"https:\/\/ideopsy.fr\/wp-content\/uploads\/2024\/07\/Banniere-page-affiches-et-slogans-1024x213.png\" \/>\n<meta name=\"twitter:card\" content=\"summary_large_image\" \/>\n<meta name=\"twitter:label1\" content=\"Dur\u00e9e de lecture estim\u00e9e\" \/>\n\t<meta name=\"twitter:data1\" content=\"2 minutes\" \/>\n<script type=\"application\/ld+json\" class=\"yoast-schema-graph\">{\"@context\":\"https:\/\/schema.org\",\"@graph\":[{\"@type\":\"WebPage\",\"@id\":\"https:\/\/ideopsy.fr\/index.php\/affiches-slogans\/\",\"url\":\"https:\/\/ideopsy.fr\/index.php\/affiches-slogans\/\",\"name\":\"AFFICHES &amp; SLOGANS - IDEO\",\"isPartOf\":{\"@id\":\"https:\/\/ideopsy.fr\/#website\"},\"primaryImageOfPage\":{\"@id\":\"https:\/\/ideopsy.fr\/index.php\/affiches-slogans\/#primaryimage\"},\"image\":{\"@id\":\"https:\/\/ideopsy.fr\/index.php\/affiches-slogans\/#primaryimage\"},\"thumbnailUrl\":\"https:\/\/ideopsy.fr\/wp-content\/uploads\/2024\/07\/Banniere-page-affiches-et-slogans-1024x213.png\",\"datePublished\":\"2024-07-05T08:28:31+00:00\",\"dateModified\":\"2025-08-01T08:27:44+00:00\",\"breadcrumb\":{\"@id\":\"https:\/\/ideopsy.fr\/index.php\/affiches-slogans\/#breadcrumb\"},\"inLanguage\":\"fr-FR\",\"potentialAction\":[{\"@type\":\"ReadAction\",\"target\":[\"https:\/\/ideopsy.fr\/index.php\/affiches-slogans\/\"]}]},{\"@type\":\"ImageObject\",\"inLanguage\":\"fr-FR\",\"@id\":\"https:\/\/ideopsy.fr\/index.php\/affiches-slogans\/#primaryimage\",\"url\":\"https:\/\/ideopsy.fr\/wp-content\/uploads\/2024\/07\/Banniere-page-affiches-et-slogans.png\",\"contentUrl\":\"https:\/\/ideopsy.fr\/wp-content\/uploads\/2024\/07\/Banniere-page-affiches-et-slogans.png\",\"width\":6000,\"height\":1250},{\"@type\":\"BreadcrumbList\",\"@id\":\"https:\/\/ideopsy.fr\/index.php\/affiches-slogans\/#breadcrumb\",\"itemListElement\":[{\"@type\":\"ListItem\",\"position\":1,\"name\":\"Accueil\",\"item\":\"https:\/\/ideopsy.fr\/\"},{\"@type\":\"ListItem\",\"position\":2,\"name\":\"AFFICHES &amp; SLOGANS\"}]},{\"@type\":\"WebSite\",\"@id\":\"https:\/\/ideopsy.fr\/#website\",\"url\":\"https:\/\/ideopsy.fr\/\",\"name\":\"IDEO\",\"description\":\"sante mentale des jeunes adolescents\",\"publisher\":{\"@id\":\"https:\/\/ideopsy.fr\/#organization\"},\"potentialAction\":[{\"@type\":\"SearchAction\",\"target\":{\"@type\":\"EntryPoint\",\"urlTemplate\":\"https:\/\/ideopsy.fr\/?s={search_term_string}\"},\"query-input\":{\"@type\":\"PropertyValueSpecification\",\"valueRequired\":true,\"valueName\":\"search_term_string\"}}],\"inLanguage\":\"fr-FR\"},{\"@type\":\"Organization\",\"@id\":\"https:\/\/ideopsy.fr\/#organization\",\"name\":\"IDEO\",\"url\":\"https:\/\/ideopsy.fr\/\",\"logo\":{\"@type\":\"ImageObject\",\"inLanguage\":\"fr-FR\",\"@id\":\"https:\/\/ideopsy.fr\/#\/schema\/logo\/image\/\",\"url\":\"http:\/\/ideopsy.fr\/wp-content\/uploads\/2021\/12\/cropped-page-accueil-25-100-Logo-IDEO-officiel.jpg\",\"contentUrl\":\"http:\/\/ideopsy.fr\/wp-content\/uploads\/2021\/12\/cropped-page-accueil-25-100-Logo-IDEO-officiel.jpg\",\"width\":307,\"height\":177,\"caption\":\"IDEO\"},\"image\":{\"@id\":\"https:\/\/ideopsy.fr\/#\/schema\/logo\/image\/\"}}]}<\/script>\n<!-- \/ Yoast SEO plugin. -->","yoast_head_json":{"title":"AFFICHES &amp; SLOGANS - IDEO","robots":{"index":"index","follow":"follow","max-snippet":"max-snippet:-1","max-image-preview":"max-image-preview:large","max-video-preview":"max-video-preview:-1"},"canonical":"https:\/\/ideopsy.fr\/index.php\/affiches-slogans\/","og_locale":"fr_FR","og_type":"article","og_title":"AFFICHES &amp; SLOGANS - IDEO","og_description":"D\u00e9couvrez dans cette section les affiches, ainsi que les slogans, cr\u00e9\u00e9s par les \u00e9l\u00e8ves de classe de seconde professionnelle, g\u00e9n\u00e9rale, technique et CAP, ayant b\u00e9n\u00e9fici\u00e9s de la sensibilisation IDEO. Le talent des jeunes au fil des ann\u00e9es !","og_url":"https:\/\/ideopsy.fr\/index.php\/affiches-slogans\/","og_site_name":"IDEO","article_modified_time":"2025-08-01T08:27:44+00:00","og_image":[{"url":"https:\/\/ideopsy.fr\/wp-content\/uploads\/2024\/07\/Banniere-page-affiches-et-slogans-1024x213.png","type":"","width":"","height":""}],"twitter_card":"summary_large_image","twitter_misc":{"Dur\u00e9e de lecture estim\u00e9e":"2 minutes"},"schema":{"@context":"https:\/\/schema.org","@graph":[{"@type":"WebPage","@id":"https:\/\/ideopsy.fr\/index.php\/affiches-slogans\/","url":"https:\/\/ideopsy.fr\/index.php\/affiches-slogans\/","name":"AFFICHES &amp; SLOGANS - IDEO","isPartOf":{"@id":"https:\/\/ideopsy.fr\/#website"},"primaryImageOfPage":{"@id":"https:\/\/ideopsy.fr\/index.php\/affiches-slogans\/#primaryimage"},"image":{"@id":"https:\/\/ideopsy.fr\/index.php\/affiches-slogans\/#primaryimage"},"thumbnailUrl":"https:\/\/ideopsy.fr\/wp-content\/uploads\/2024\/07\/Banniere-page-affiches-et-slogans-1024x213.png","datePublished":"2024-07-05T08:28:31+00:00","dateModified":"2025-08-01T08:27:44+00:00","breadcrumb":{"@id":"https:\/\/ideopsy.fr\/index.php\/affiches-slogans\/#breadcrumb"},"inLanguage":"fr-FR","potentialAction":[{"@type":"ReadAction","target":["https:\/\/ideopsy.fr\/index.php\/affiches-slogans\/"]}]},{"@type":"ImageObject","inLanguage":"fr-FR","@id":"https:\/\/ideopsy.fr\/index.php\/affiches-slogans\/#primaryimage","url":"https:\/\/ideopsy.fr\/wp-content\/uploads\/2024\/07\/Banniere-page-affiches-et-slogans.png","contentUrl":"https:\/\/ideopsy.fr\/wp-content\/uploads\/2024\/07\/Banniere-page-affiches-et-slogans.png","width":6000,"height":1250},{"@type":"BreadcrumbList","@id":"https:\/\/ideopsy.fr\/index.php\/affiches-slogans\/#breadcrumb","itemListElement":[{"@type":"ListItem","position":1,"name":"Accueil","item":"https:\/\/ideopsy.fr\/"},{"@type":"ListItem","position":2,"name":"AFFICHES &amp; SLOGANS"}]},{"@type":"WebSite","@id":"https:\/\/ideopsy.fr\/#website","url":"https:\/\/ideopsy.fr\/","name":"IDEO","description":"sante mentale des jeunes adolescents","publisher":{"@id":"https:\/\/ideopsy.fr\/#organization"},"potentialAction":[{"@type":"SearchAction","target":{"@type":"EntryPoint","urlTemplate":"https:\/\/ideopsy.fr\/?s={search_term_string}"},"query-input":{"@type":"PropertyValueSpecification","valueRequired":true,"valueName":"search_term_string"}}],"inLanguage":"fr-FR"},{"@type":"Organization","@id":"https:\/\/ideopsy.fr\/#organization","name":"IDEO","url":"https:\/\/ideopsy.fr\/","logo":{"@type":"ImageObject","inLanguage":"fr-FR","@id":"https:\/\/ideopsy.fr\/#\/schema\/logo\/image\/","url":"http:\/\/ideopsy.fr\/wp-content\/uploads\/2021\/12\/cropped-page-accueil-25-100-Logo-IDEO-officiel.jpg","contentUrl":"http:\/\/ideopsy.fr\/wp-content\/uploads\/2021\/12\/cropped-page-accueil-25-100-Logo-IDEO-officiel.jpg","width":307,"height":177,"caption":"IDEO"},"image":{"@id":"https:\/\/ideopsy.fr\/#\/schema\/logo\/image\/"}}]}},"_links":{"self":[{"href":"https:\/\/ideopsy.fr\/index.php\/wp-json\/wp\/v2\/pages\/2794","targetHints":{"allow":["GET"]}}],"collection":[{"href":"https:\/\/ideopsy.fr\/index.php\/wp-json\/wp\/v2\/pages"}],"about":[{"href":"https:\/\/ideopsy.fr\/index.php\/wp-json\/wp\/v2\/types\/page"}],"author":[{"embeddable":true,"href":"https:\/\/ideopsy.fr\/index.php\/wp-json\/wp\/v2\/users\/1"}],"replies":[{"embeddable":true,"href":"https:\/\/ideopsy.fr\/index.php\/wp-json\/wp\/v2\/comments?post=2794"}],"version-history":[{"count":6,"href":"https:\/\/ideopsy.fr\/index.php\/wp-json\/wp\/v2\/pages\/2794\/revisions"}],"predecessor-version":[{"id":4589,"href":"https:\/\/ideopsy.fr\/index.php\/wp-json\/wp\/v2\/pages\/2794\/revisions\/4589"}],"wp:attachment":[{"href":"https:\/\/ideopsy.fr\/index.php\/wp-json\/wp\/v2\/media?parent=2794"}],"curies":[{"name":"wp","href":"https:\/\/api.w.org\/{rel}","templated":true}]}}