{"id":2813,"date":"2024-07-05T15:14:20","date_gmt":"2024-07-05T13:14:20","guid":{"rendered":"https:\/\/ideopsy.fr\/?page_id=2813"},"modified":"2024-09-05T12:09:11","modified_gmt":"2024-09-05T10:09:11","slug":"presentation-des-structures","status":"publish","type":"page","link":"https:\/\/ideopsy.fr\/index.php\/presentation-des-structures\/","title":{"rendered":"PR\u00c9SENTATION DES STRUCTURES"},"content":{"rendered":"\n<figure class=\"wp-block-image size-large\"><img loading=\"lazy\" decoding=\"async\" width=\"1024\" height=\"213\" src=\"https:\/\/ideopsy.fr\/wp-content\/uploads\/2024\/07\/Banniere-page-trouver-de-laide-option-1-1024x213.png\" alt=\"\" class=\"wp-image-2814\" srcset=\"https:\/\/ideopsy.fr\/wp-content\/uploads\/2024\/07\/Banniere-page-trouver-de-laide-option-1-1024x213.png 1024w, https:\/\/ideopsy.fr\/wp-content\/uploads\/2024\/07\/Banniere-page-trouver-de-laide-option-1-300x63.png 300w, https:\/\/ideopsy.fr\/wp-content\/uploads\/2024\/07\/Banniere-page-trouver-de-laide-option-1-768x160.png 768w, https:\/\/ideopsy.fr\/wp-content\/uploads\/2024\/07\/Banniere-page-trouver-de-laide-option-1-1536x320.png 1536w, https:\/\/ideopsy.fr\/wp-content\/uploads\/2024\/07\/Banniere-page-trouver-de-laide-option-1-2048x427.png 2048w\" sizes=\"auto, (max-width: 1024px) 100vw, 1024px\" \/><\/figure>\n\n\n\n<p class=\"has-text-align-center\"><strong style=\"font-weight: bold;\">Vous trouverez dans cette section, les structures \u00e0 votre disposition en fonction de vos besoins. Le mal-\u00eatre des jeunes n&rsquo;est pas une fatalit\u00e9 ! Pour les accompagner, le dispositif IDEO propose une cartographie des associations ou institutions en lien avec la sant\u00e9 mentale des jeunes. Toutes ces structures sont gratuites et accessibles aux jeunes, avec ou sans repr\u00e9sentants l\u00e9gaux.<\/strong><\/p>\n\n\n\n<p><\/p>\n\n\n\n<h2 class=\"wp-block-heading has-text-align-center\">On vous \u00e9coute !<\/h2>\n\n\n\n<figure class=\"wp-block-gallery has-nested-images columns-2 is-cropped wp-block-gallery-1 is-layout-flex wp-block-gallery-is-layout-flex\">\n<figure class=\"wp-block-image size-large\"><a href=\"https:\/\/ideopsy.fr\/index.php\/fil-sante-jeunes\/\"><img loading=\"lazy\" decoding=\"async\" width=\"1024\" height=\"576\" data-id=\"2960\" src=\"https:\/\/ideopsy.fr\/wp-content\/uploads\/2024\/07\/Fil-Sante-Jeunes-1-1024x576.png\" alt=\"\" class=\"wp-image-2960\" srcset=\"https:\/\/ideopsy.fr\/wp-content\/uploads\/2024\/07\/Fil-Sante-Jeunes-1-1024x576.png 1024w, https:\/\/ideopsy.fr\/wp-content\/uploads\/2024\/07\/Fil-Sante-Jeunes-1-300x169.png 300w, https:\/\/ideopsy.fr\/wp-content\/uploads\/2024\/07\/Fil-Sante-Jeunes-1-768x432.png 768w, https:\/\/ideopsy.fr\/wp-content\/uploads\/2024\/07\/Fil-Sante-Jeunes-1-1536x864.png 1536w, https:\/\/ideopsy.fr\/wp-content\/uploads\/2024\/07\/Fil-Sante-Jeunes-1-2048x1152.png 2048w\" sizes=\"auto, (max-width: 1024px) 100vw, 1024px\" \/><\/a><\/figure>\n\n\n\n<figure class=\"wp-block-image size-large\"><a href=\"https:\/\/ideopsy.fr\/index.php\/maison-de-ladolescence-de-laube\/\"><img loading=\"lazy\" decoding=\"async\" width=\"1024\" height=\"576\" data-id=\"2825\" src=\"https:\/\/ideopsy.fr\/wp-content\/uploads\/2024\/07\/38-1024x576.png\" alt=\"\" class=\"wp-image-2825\" srcset=\"https:\/\/ideopsy.fr\/wp-content\/uploads\/2024\/07\/38-1024x576.png 1024w, https:\/\/ideopsy.fr\/wp-content\/uploads\/2024\/07\/38-300x169.png 300w, https:\/\/ideopsy.fr\/wp-content\/uploads\/2024\/07\/38-768x432.png 768w, https:\/\/ideopsy.fr\/wp-content\/uploads\/2024\/07\/38-1536x864.png 1536w, https:\/\/ideopsy.fr\/wp-content\/uploads\/2024\/07\/38-2048x1152.png 2048w\" sizes=\"auto, (max-width: 1024px) 100vw, 1024px\" \/><\/a><\/figure>\n\n\n\n<figure class=\"wp-block-image size-large\"><a href=\"https:\/\/ideopsy.fr\/index.php\/association-jeunesse-pour-demain\/\"><img loading=\"lazy\" decoding=\"async\" width=\"1024\" height=\"576\" data-id=\"2827\" src=\"https:\/\/ideopsy.fr\/wp-content\/uploads\/2024\/07\/39-1-1024x576.png\" alt=\"\" class=\"wp-image-2827\" srcset=\"https:\/\/ideopsy.fr\/wp-content\/uploads\/2024\/07\/39-1-1024x576.png 1024w, https:\/\/ideopsy.fr\/wp-content\/uploads\/2024\/07\/39-1-300x169.png 300w, https:\/\/ideopsy.fr\/wp-content\/uploads\/2024\/07\/39-1-768x432.png 768w, https:\/\/ideopsy.fr\/wp-content\/uploads\/2024\/07\/39-1-1536x864.png 1536w, https:\/\/ideopsy.fr\/wp-content\/uploads\/2024\/07\/39-1-2048x1152.png 2048w\" sizes=\"auto, (max-width: 1024px) 100vw, 1024px\" \/><\/a><\/figure>\n\n\n\n<figure class=\"wp-block-image size-large\"><a href=\"https:\/\/ideopsy.fr\/index.php\/centre-medico-psychologique\/\"><img loading=\"lazy\" decoding=\"async\" width=\"1024\" height=\"576\" data-id=\"2828\" src=\"https:\/\/ideopsy.fr\/wp-content\/uploads\/2024\/07\/40-1-1024x576.png\" alt=\"\" class=\"wp-image-2828\" srcset=\"https:\/\/ideopsy.fr\/wp-content\/uploads\/2024\/07\/40-1-1024x576.png 1024w, https:\/\/ideopsy.fr\/wp-content\/uploads\/2024\/07\/40-1-300x169.png 300w, https:\/\/ideopsy.fr\/wp-content\/uploads\/2024\/07\/40-1-768x432.png 768w, https:\/\/ideopsy.fr\/wp-content\/uploads\/2024\/07\/40-1-1536x864.png 1536w, https:\/\/ideopsy.fr\/wp-content\/uploads\/2024\/07\/40-1-2048x1152.png 2048w\" sizes=\"auto, (max-width: 1024px) 100vw, 1024px\" \/><\/a><\/figure>\n\n\n\n<figure class=\"wp-block-image size-large\"><a href=\"https:\/\/ideopsy.fr\/index.php\/centre-medico-psycho-pedagogique\/\"><img loading=\"lazy\" decoding=\"async\" width=\"1024\" height=\"576\" data-id=\"2829\" src=\"https:\/\/ideopsy.fr\/wp-content\/uploads\/2024\/07\/41-1-1024x576.png\" alt=\"\" class=\"wp-image-2829\" srcset=\"https:\/\/ideopsy.fr\/wp-content\/uploads\/2024\/07\/41-1-1024x576.png 1024w, https:\/\/ideopsy.fr\/wp-content\/uploads\/2024\/07\/41-1-300x169.png 300w, https:\/\/ideopsy.fr\/wp-content\/uploads\/2024\/07\/41-1-768x432.png 768w, https:\/\/ideopsy.fr\/wp-content\/uploads\/2024\/07\/41-1-1536x864.png 1536w, https:\/\/ideopsy.fr\/wp-content\/uploads\/2024\/07\/41-1-2048x1152.png 2048w\" sizes=\"auto, (max-width: 1024px) 100vw, 1024px\" \/><\/a><\/figure>\n\n\n\n<figure class=\"wp-block-image size-large\"><a href=\"https:\/\/ideopsy.fr\/index.php\/centre-de-planification-et-deducation-familiale\/\"><img loading=\"lazy\" decoding=\"async\" width=\"1024\" height=\"576\" data-id=\"2822\" src=\"https:\/\/ideopsy.fr\/wp-content\/uploads\/2024\/07\/42-1024x576.png\" alt=\"\" class=\"wp-image-2822\" srcset=\"https:\/\/ideopsy.fr\/wp-content\/uploads\/2024\/07\/42-1024x576.png 1024w, https:\/\/ideopsy.fr\/wp-content\/uploads\/2024\/07\/42-300x169.png 300w, https:\/\/ideopsy.fr\/wp-content\/uploads\/2024\/07\/42-768x432.png 768w, https:\/\/ideopsy.fr\/wp-content\/uploads\/2024\/07\/42-1536x864.png 1536w, https:\/\/ideopsy.fr\/wp-content\/uploads\/2024\/07\/42-2048x1152.png 2048w\" sizes=\"auto, (max-width: 1024px) 100vw, 1024px\" \/><\/a><\/figure>\n\n\n\n<figure class=\"wp-block-image size-large\"><a href=\"https:\/\/ideopsy.fr\/index.php\/consultations-jeunes-consommateurs\/\"><img loading=\"lazy\" decoding=\"async\" width=\"1024\" height=\"576\" data-id=\"2830\" src=\"https:\/\/ideopsy.fr\/wp-content\/uploads\/2024\/07\/43-1-1024x576.png\" alt=\"\" class=\"wp-image-2830\" srcset=\"https:\/\/ideopsy.fr\/wp-content\/uploads\/2024\/07\/43-1-1024x576.png 1024w, https:\/\/ideopsy.fr\/wp-content\/uploads\/2024\/07\/43-1-300x169.png 300w, https:\/\/ideopsy.fr\/wp-content\/uploads\/2024\/07\/43-1-768x432.png 768w, https:\/\/ideopsy.fr\/wp-content\/uploads\/2024\/07\/43-1-1536x864.png 1536w, https:\/\/ideopsy.fr\/wp-content\/uploads\/2024\/07\/43-1-2048x1152.png 2048w\" sizes=\"auto, (max-width: 1024px) 100vw, 1024px\" \/><\/a><\/figure>\n\n\n\n<figure class=\"wp-block-image size-large\"><a href=\"https:\/\/ideopsy.fr\/index.php\/aide-aux-victimes-dinfraction-mediation-et-reinsertion-sociale-france-victimes-10\/\"><img loading=\"lazy\" decoding=\"async\" width=\"1024\" height=\"576\" data-id=\"2831\" src=\"https:\/\/ideopsy.fr\/wp-content\/uploads\/2024\/07\/44-1-1024x576.png\" alt=\"\" class=\"wp-image-2831\" srcset=\"https:\/\/ideopsy.fr\/wp-content\/uploads\/2024\/07\/44-1-1024x576.png 1024w, https:\/\/ideopsy.fr\/wp-content\/uploads\/2024\/07\/44-1-300x169.png 300w, https:\/\/ideopsy.fr\/wp-content\/uploads\/2024\/07\/44-1-768x432.png 768w, https:\/\/ideopsy.fr\/wp-content\/uploads\/2024\/07\/44-1-1536x864.png 1536w, https:\/\/ideopsy.fr\/wp-content\/uploads\/2024\/07\/44-1-2048x1152.png 2048w\" sizes=\"auto, (max-width: 1024px) 100vw, 1024px\" \/><\/a><\/figure>\n\n\n\n<figure class=\"wp-block-image size-large\"><a href=\"https:\/\/ideopsy.fr\/index.php\/intervenante-sociale\/\"><img loading=\"lazy\" decoding=\"async\" width=\"1024\" height=\"576\" data-id=\"2832\" src=\"https:\/\/ideopsy.fr\/wp-content\/uploads\/2024\/07\/45-1-1024x576.png\" alt=\"\" class=\"wp-image-2832\" srcset=\"https:\/\/ideopsy.fr\/wp-content\/uploads\/2024\/07\/45-1-1024x576.png 1024w, https:\/\/ideopsy.fr\/wp-content\/uploads\/2024\/07\/45-1-300x169.png 300w, https:\/\/ideopsy.fr\/wp-content\/uploads\/2024\/07\/45-1-768x432.png 768w, https:\/\/ideopsy.fr\/wp-content\/uploads\/2024\/07\/45-1-1536x864.png 1536w, https:\/\/ideopsy.fr\/wp-content\/uploads\/2024\/07\/45-1-2048x1152.png 2048w\" sizes=\"auto, (max-width: 1024px) 100vw, 1024px\" \/><\/a><\/figure>\n\n\n\n<figure class=\"wp-block-image size-large\"><a href=\"https:\/\/ideopsy.fr\/index.php\/3114-numero-national-de-prevention-du-suicide\/\"><img loading=\"lazy\" decoding=\"async\" width=\"1024\" height=\"576\" data-id=\"2816\" src=\"https:\/\/ideopsy.fr\/wp-content\/uploads\/2024\/07\/46-1024x576.png\" alt=\"\" class=\"wp-image-2816\" srcset=\"https:\/\/ideopsy.fr\/wp-content\/uploads\/2024\/07\/46-1024x576.png 1024w, https:\/\/ideopsy.fr\/wp-content\/uploads\/2024\/07\/46-300x169.png 300w, https:\/\/ideopsy.fr\/wp-content\/uploads\/2024\/07\/46-768x432.png 768w, https:\/\/ideopsy.fr\/wp-content\/uploads\/2024\/07\/46-1536x864.png 1536w, https:\/\/ideopsy.fr\/wp-content\/uploads\/2024\/07\/46-2048x1152.png 2048w\" sizes=\"auto, (max-width: 1024px) 100vw, 1024px\" \/><\/a><\/figure>\n<\/figure>\n\n\n\n<h2 class=\"wp-block-heading\"><\/h2>\n\n\n\n<hr class=\"wp-block-separator has-alpha-channel-opacity is-style-wide\"\/>\n\n\n\n<h2 class=\"wp-block-heading\"><\/h2>\n\n\n\n<h2 class=\"wp-block-heading\"><\/h2>\n\n\n<div class=\"wp-block-image\">\n<figure class=\"aligncenter size-large\"><img loading=\"lazy\" decoding=\"async\" width=\"1024\" height=\"213\" src=\"http:\/\/ideopsy.fr\/wp-content\/uploads\/2024\/07\/Banniere-page-depliants-1024x213.png\" alt=\"\" class=\"wp-image-3060\" srcset=\"https:\/\/ideopsy.fr\/wp-content\/uploads\/2024\/07\/Banniere-page-depliants-1024x213.png 1024w, https:\/\/ideopsy.fr\/wp-content\/uploads\/2024\/07\/Banniere-page-depliants-300x63.png 300w, https:\/\/ideopsy.fr\/wp-content\/uploads\/2024\/07\/Banniere-page-depliants-768x160.png 768w, https:\/\/ideopsy.fr\/wp-content\/uploads\/2024\/07\/Banniere-page-depliants-1536x320.png 1536w, https:\/\/ideopsy.fr\/wp-content\/uploads\/2024\/07\/Banniere-page-depliants-2048x427.png 2048w\" sizes=\"auto, (max-width: 1024px) 100vw, 1024px\" \/><\/figure>\n<\/div>\n\n\n<h2 class=\"wp-block-heading\"><\/h2>\n\n\n\n<div class=\"wp-block-file\"><a id=\"wp-block-file--media-9f1e2c84-ed87-47af-8983-31ea5e89152f\" href=\"https:\/\/ideopsy.fr\/wp-content\/uploads\/2024\/08\/IDEO-PosterA3-cartographie-1.pdf\" target=\"_blank\" rel=\"noreferrer noopener\">Poster A3 Cartographie des structures de l&rsquo;Aube<\/a><\/div>\n\n\n\n<div class=\"wp-block-file\"><a id=\"wp-block-file--media-220856c2-ccf2-4344-85b3-feeee6b8d2c8\" href=\"https:\/\/ideopsy.fr\/wp-content\/uploads\/2024\/08\/Depliant-secteur-TROYES-3.pdf\" target=\"_blank\" rel=\"noreferrer noopener\">D\u00e9pliant secteur TROYES<\/a><\/div>\n\n\n\n<div class=\"wp-block-file\"><a id=\"wp-block-file--media-b6670eb5-5386-428e-9b19-cebb5952c5ff\" href=\"https:\/\/ideopsy.fr\/wp-content\/uploads\/2024\/08\/Depliant-secteur-CHAOURCE-1.pdf\" target=\"_blank\" rel=\"noreferrer noopener\">D\u00e9pliant secteur CHAOURCE<\/a><\/div>\n\n\n\n<div class=\"wp-block-file\"><a id=\"wp-block-file--media-1a82afe5-f016-409f-b01f-d5e4fae2132e\" href=\"https:\/\/ideopsy.fr\/wp-content\/uploads\/2024\/08\/Depliant-secteur-ROMILLY-SUR-SEINE-1.pdf\" target=\"_blank\" rel=\"noreferrer noopener\">D\u00e9pliant secteur ROMILLY-SUR-SEINE<\/a><\/div>\n\n\n\n<div class=\"wp-block-file\"><a id=\"wp-block-file--media-2f64b9c8-cbd6-49d3-a5e1-6adffcb0a74f\" href=\"https:\/\/ideopsy.fr\/wp-content\/uploads\/2024\/08\/Depliant-secteur-BAR-SUR-AUBE-1.pdf\" target=\"_blank\" rel=\"noreferrer noopener\">D\u00e9pliant secteur BAR-SUR-AUBE<\/a><\/div>\n\n\n\n<div class=\"wp-block-file\"><a id=\"wp-block-file--media-599d70f5-2a57-4bf0-8733-df8e116c6a22\" href=\"https:\/\/ideopsy.fr\/wp-content\/uploads\/2024\/08\/Depliant-secteur-BAR-SUR-SEINE.pdf\" target=\"_blank\" rel=\"noreferrer noopener\">D\u00e9pliant secteur BAR-SUR-SEINE<\/a><\/div>\n\n\n\n<div class=\"wp-block-file\"><a id=\"wp-block-file--media-6497036b-e4cf-4bbc-83e4-f5e5f91badf3\" href=\"https:\/\/ideopsy.fr\/wp-content\/uploads\/2024\/08\/Depliant-secteur-ARCIS-SUR-AUBE-3.pdf\" target=\"_blank\" rel=\"noreferrer noopener\">D\u00e9pliant secteur ARCIS-SUR-AUBE<\/a><\/div>\n\n\n\n<h2 class=\"wp-block-heading\"><\/h2>\n","protected":false},"excerpt":{"rendered":"<p>Vous trouverez dans cette section, les structures \u00e0 votre disposition en fonction de vos besoins. Le mal-\u00eatre des jeunes n&rsquo;est pas une fatalit\u00e9 ! Pour les accompagner, le dispositif IDEO propose une cartographie des associations ou institutions en lien avec la sant\u00e9 mentale des jeunes. Toutes ces structures sont gratuites [&hellip;]<\/p>\n","protected":false},"author":1,"featured_media":0,"parent":0,"menu_order":0,"comment_status":"closed","ping_status":"closed","template":"","meta":{"_monsterinsights_skip_tracking":false,"_monsterinsights_sitenote_active":false,"_monsterinsights_sitenote_note":"","_monsterinsights_sitenote_category":0,"_uf_show_specific_survey":0,"_uf_disable_surveys":false,"_themeisle_gutenberg_block_has_review":false,"footnotes":""},"class_list":["post-2813","page","type-page","status-publish","hentry"],"yoast_head":"<!-- This site is optimized with the Yoast SEO plugin v24.7 - https:\/\/yoast.com\/wordpress\/plugins\/seo\/ -->\n<title>PR\u00c9SENTATION DES STRUCTURES - IDEO<\/title>\n<meta name=\"robots\" content=\"index, follow, max-snippet:-1, max-image-preview:large, max-video-preview:-1\" \/>\n<link rel=\"canonical\" href=\"https:\/\/ideopsy.fr\/index.php\/presentation-des-structures\/\" \/>\n<meta property=\"og:locale\" content=\"fr_FR\" \/>\n<meta property=\"og:type\" content=\"article\" \/>\n<meta property=\"og:title\" content=\"PR\u00c9SENTATION DES STRUCTURES - IDEO\" \/>\n<meta property=\"og:description\" content=\"Vous trouverez dans cette section, les structures \u00e0 votre disposition en fonction de vos besoins. Le mal-\u00eatre des jeunes n&rsquo;est pas une fatalit\u00e9 ! Pour les accompagner, le dispositif IDEO propose une cartographie des associations ou institutions en lien avec la sant\u00e9 mentale des jeunes. Toutes ces structures sont gratuites [&hellip;]\" \/>\n<meta property=\"og:url\" content=\"https:\/\/ideopsy.fr\/index.php\/presentation-des-structures\/\" \/>\n<meta property=\"og:site_name\" content=\"IDEO\" \/>\n<meta property=\"article:modified_time\" content=\"2024-09-05T10:09:11+00:00\" \/>\n<meta property=\"og:image\" content=\"https:\/\/ideopsy.fr\/wp-content\/uploads\/2024\/07\/Banniere-page-trouver-de-laide-option-1-1024x213.png\" \/>\n<meta name=\"twitter:card\" content=\"summary_large_image\" \/>\n<meta name=\"twitter:label1\" content=\"Dur\u00e9e de lecture estim\u00e9e\" \/>\n\t<meta name=\"twitter:data1\" content=\"3 minutes\" \/>\n<script type=\"application\/ld+json\" class=\"yoast-schema-graph\">{\"@context\":\"https:\/\/schema.org\",\"@graph\":[{\"@type\":\"WebPage\",\"@id\":\"https:\/\/ideopsy.fr\/index.php\/presentation-des-structures\/\",\"url\":\"https:\/\/ideopsy.fr\/index.php\/presentation-des-structures\/\",\"name\":\"PR\u00c9SENTATION DES STRUCTURES - IDEO\",\"isPartOf\":{\"@id\":\"https:\/\/ideopsy.fr\/#website\"},\"primaryImageOfPage\":{\"@id\":\"https:\/\/ideopsy.fr\/index.php\/presentation-des-structures\/#primaryimage\"},\"image\":{\"@id\":\"https:\/\/ideopsy.fr\/index.php\/presentation-des-structures\/#primaryimage\"},\"thumbnailUrl\":\"https:\/\/ideopsy.fr\/wp-content\/uploads\/2024\/07\/Banniere-page-trouver-de-laide-option-1-1024x213.png\",\"datePublished\":\"2024-07-05T13:14:20+00:00\",\"dateModified\":\"2024-09-05T10:09:11+00:00\",\"breadcrumb\":{\"@id\":\"https:\/\/ideopsy.fr\/index.php\/presentation-des-structures\/#breadcrumb\"},\"inLanguage\":\"fr-FR\",\"potentialAction\":[{\"@type\":\"ReadAction\",\"target\":[\"https:\/\/ideopsy.fr\/index.php\/presentation-des-structures\/\"]}]},{\"@type\":\"ImageObject\",\"inLanguage\":\"fr-FR\",\"@id\":\"https:\/\/ideopsy.fr\/index.php\/presentation-des-structures\/#primaryimage\",\"url\":\"https:\/\/ideopsy.fr\/wp-content\/uploads\/2024\/07\/Banniere-page-trouver-de-laide-option-1.png\",\"contentUrl\":\"https:\/\/ideopsy.fr\/wp-content\/uploads\/2024\/07\/Banniere-page-trouver-de-laide-option-1.png\",\"width\":6000,\"height\":1250},{\"@type\":\"BreadcrumbList\",\"@id\":\"https:\/\/ideopsy.fr\/index.php\/presentation-des-structures\/#breadcrumb\",\"itemListElement\":[{\"@type\":\"ListItem\",\"position\":1,\"name\":\"Accueil\",\"item\":\"https:\/\/ideopsy.fr\/\"},{\"@type\":\"ListItem\",\"position\":2,\"name\":\"PR\u00c9SENTATION DES STRUCTURES\"}]},{\"@type\":\"WebSite\",\"@id\":\"https:\/\/ideopsy.fr\/#website\",\"url\":\"https:\/\/ideopsy.fr\/\",\"name\":\"IDEO\",\"description\":\"sante mentale des jeunes adolescents\",\"publisher\":{\"@id\":\"https:\/\/ideopsy.fr\/#organization\"},\"potentialAction\":[{\"@type\":\"SearchAction\",\"target\":{\"@type\":\"EntryPoint\",\"urlTemplate\":\"https:\/\/ideopsy.fr\/?s={search_term_string}\"},\"query-input\":{\"@type\":\"PropertyValueSpecification\",\"valueRequired\":true,\"valueName\":\"search_term_string\"}}],\"inLanguage\":\"fr-FR\"},{\"@type\":\"Organization\",\"@id\":\"https:\/\/ideopsy.fr\/#organization\",\"name\":\"IDEO\",\"url\":\"https:\/\/ideopsy.fr\/\",\"logo\":{\"@type\":\"ImageObject\",\"inLanguage\":\"fr-FR\",\"@id\":\"https:\/\/ideopsy.fr\/#\/schema\/logo\/image\/\",\"url\":\"http:\/\/ideopsy.fr\/wp-content\/uploads\/2021\/12\/cropped-page-accueil-25-100-Logo-IDEO-officiel.jpg\",\"contentUrl\":\"http:\/\/ideopsy.fr\/wp-content\/uploads\/2021\/12\/cropped-page-accueil-25-100-Logo-IDEO-officiel.jpg\",\"width\":307,\"height\":177,\"caption\":\"IDEO\"},\"image\":{\"@id\":\"https:\/\/ideopsy.fr\/#\/schema\/logo\/image\/\"}}]}<\/script>\n<!-- \/ Yoast SEO plugin. -->","yoast_head_json":{"title":"PR\u00c9SENTATION DES STRUCTURES - IDEO","robots":{"index":"index","follow":"follow","max-snippet":"max-snippet:-1","max-image-preview":"max-image-preview:large","max-video-preview":"max-video-preview:-1"},"canonical":"https:\/\/ideopsy.fr\/index.php\/presentation-des-structures\/","og_locale":"fr_FR","og_type":"article","og_title":"PR\u00c9SENTATION DES STRUCTURES - IDEO","og_description":"Vous trouverez dans cette section, les structures \u00e0 votre disposition en fonction de vos besoins. Le mal-\u00eatre des jeunes n&rsquo;est pas une fatalit\u00e9 ! Pour les accompagner, le dispositif IDEO propose une cartographie des associations ou institutions en lien avec la sant\u00e9 mentale des jeunes. Toutes ces structures sont gratuites [&hellip;]","og_url":"https:\/\/ideopsy.fr\/index.php\/presentation-des-structures\/","og_site_name":"IDEO","article_modified_time":"2024-09-05T10:09:11+00:00","og_image":[{"url":"https:\/\/ideopsy.fr\/wp-content\/uploads\/2024\/07\/Banniere-page-trouver-de-laide-option-1-1024x213.png","type":"","width":"","height":""}],"twitter_card":"summary_large_image","twitter_misc":{"Dur\u00e9e de lecture estim\u00e9e":"3 minutes"},"schema":{"@context":"https:\/\/schema.org","@graph":[{"@type":"WebPage","@id":"https:\/\/ideopsy.fr\/index.php\/presentation-des-structures\/","url":"https:\/\/ideopsy.fr\/index.php\/presentation-des-structures\/","name":"PR\u00c9SENTATION DES STRUCTURES - IDEO","isPartOf":{"@id":"https:\/\/ideopsy.fr\/#website"},"primaryImageOfPage":{"@id":"https:\/\/ideopsy.fr\/index.php\/presentation-des-structures\/#primaryimage"},"image":{"@id":"https:\/\/ideopsy.fr\/index.php\/presentation-des-structures\/#primaryimage"},"thumbnailUrl":"https:\/\/ideopsy.fr\/wp-content\/uploads\/2024\/07\/Banniere-page-trouver-de-laide-option-1-1024x213.png","datePublished":"2024-07-05T13:14:20+00:00","dateModified":"2024-09-05T10:09:11+00:00","breadcrumb":{"@id":"https:\/\/ideopsy.fr\/index.php\/presentation-des-structures\/#breadcrumb"},"inLanguage":"fr-FR","potentialAction":[{"@type":"ReadAction","target":["https:\/\/ideopsy.fr\/index.php\/presentation-des-structures\/"]}]},{"@type":"ImageObject","inLanguage":"fr-FR","@id":"https:\/\/ideopsy.fr\/index.php\/presentation-des-structures\/#primaryimage","url":"https:\/\/ideopsy.fr\/wp-content\/uploads\/2024\/07\/Banniere-page-trouver-de-laide-option-1.png","contentUrl":"https:\/\/ideopsy.fr\/wp-content\/uploads\/2024\/07\/Banniere-page-trouver-de-laide-option-1.png","width":6000,"height":1250},{"@type":"BreadcrumbList","@id":"https:\/\/ideopsy.fr\/index.php\/presentation-des-structures\/#breadcrumb","itemListElement":[{"@type":"ListItem","position":1,"name":"Accueil","item":"https:\/\/ideopsy.fr\/"},{"@type":"ListItem","position":2,"name":"PR\u00c9SENTATION DES STRUCTURES"}]},{"@type":"WebSite","@id":"https:\/\/ideopsy.fr\/#website","url":"https:\/\/ideopsy.fr\/","name":"IDEO","description":"sante mentale des jeunes adolescents","publisher":{"@id":"https:\/\/ideopsy.fr\/#organization"},"potentialAction":[{"@type":"SearchAction","target":{"@type":"EntryPoint","urlTemplate":"https:\/\/ideopsy.fr\/?s={search_term_string}"},"query-input":{"@type":"PropertyValueSpecification","valueRequired":true,"valueName":"search_term_string"}}],"inLanguage":"fr-FR"},{"@type":"Organization","@id":"https:\/\/ideopsy.fr\/#organization","name":"IDEO","url":"https:\/\/ideopsy.fr\/","logo":{"@type":"ImageObject","inLanguage":"fr-FR","@id":"https:\/\/ideopsy.fr\/#\/schema\/logo\/image\/","url":"http:\/\/ideopsy.fr\/wp-content\/uploads\/2021\/12\/cropped-page-accueil-25-100-Logo-IDEO-officiel.jpg","contentUrl":"http:\/\/ideopsy.fr\/wp-content\/uploads\/2021\/12\/cropped-page-accueil-25-100-Logo-IDEO-officiel.jpg","width":307,"height":177,"caption":"IDEO"},"image":{"@id":"https:\/\/ideopsy.fr\/#\/schema\/logo\/image\/"}}]}},"_links":{"self":[{"href":"https:\/\/ideopsy.fr\/index.php\/wp-json\/wp\/v2\/pages\/2813","targetHints":{"allow":["GET"]}}],"collection":[{"href":"https:\/\/ideopsy.fr\/index.php\/wp-json\/wp\/v2\/pages"}],"about":[{"href":"https:\/\/ideopsy.fr\/index.php\/wp-json\/wp\/v2\/types\/page"}],"author":[{"embeddable":true,"href":"https:\/\/ideopsy.fr\/index.php\/wp-json\/wp\/v2\/users\/1"}],"replies":[{"embeddable":true,"href":"https:\/\/ideopsy.fr\/index.php\/wp-json\/wp\/v2\/comments?post=2813"}],"version-history":[{"count":7,"href":"https:\/\/ideopsy.fr\/index.php\/wp-json\/wp\/v2\/pages\/2813\/revisions"}],"predecessor-version":[{"id":3646,"href":"https:\/\/ideopsy.fr\/index.php\/wp-json\/wp\/v2\/pages\/2813\/revisions\/3646"}],"wp:attachment":[{"href":"https:\/\/ideopsy.fr\/index.php\/wp-json\/wp\/v2\/media?parent=2813"}],"curies":[{"name":"wp","href":"https:\/\/api.w.org\/{rel}","templated":true}]}}