{"id":3038,"date":"2024-07-19T14:30:38","date_gmt":"2024-07-19T12:30:38","guid":{"rendered":"https:\/\/ideopsy.fr\/?page_id=3038"},"modified":"2025-04-11T10:55:40","modified_gmt":"2025-04-11T08:55:40","slug":"trouver-de-laide","status":"publish","type":"page","link":"https:\/\/ideopsy.fr\/index.php\/trouver-de-laide\/","title":{"rendered":"TROUVER DE L&rsquo;AIDE"},"content":{"rendered":"\n<figure class=\"wp-block-image size-large\"><img loading=\"lazy\" decoding=\"async\" width=\"1024\" height=\"213\" src=\"https:\/\/ideopsy.fr\/wp-content\/uploads\/2024\/07\/Banniere-page-trouver-de-laide-generale-2-1024x213.png\" alt=\"\" class=\"wp-image-3040\" srcset=\"https:\/\/ideopsy.fr\/wp-content\/uploads\/2024\/07\/Banniere-page-trouver-de-laide-generale-2-1024x213.png 1024w, https:\/\/ideopsy.fr\/wp-content\/uploads\/2024\/07\/Banniere-page-trouver-de-laide-generale-2-300x63.png 300w, https:\/\/ideopsy.fr\/wp-content\/uploads\/2024\/07\/Banniere-page-trouver-de-laide-generale-2-768x160.png 768w, https:\/\/ideopsy.fr\/wp-content\/uploads\/2024\/07\/Banniere-page-trouver-de-laide-generale-2-1536x320.png 1536w, https:\/\/ideopsy.fr\/wp-content\/uploads\/2024\/07\/Banniere-page-trouver-de-laide-generale-2-2048x427.png 2048w\" sizes=\"auto, (max-width: 1024px) 100vw, 1024px\" \/><\/figure>\n\n\n\n<p class=\"has-text-align-center\"><strong><strong>Vous trouverez dans cette section, les structures \u00e0 votre disposition en fonction de vos besoins. Le mal-\u00eatre des jeunes n\u2019est pas une fatalit\u00e9 ! Pour les accompagner, le dispositif IDEO propose une CARTOGRAPHIE des associations ou institutions en lien avec la sant\u00e9 mentale des jeunes ainsi qu&rsquo;une page d\u00e9di\u00e9e \u00e0 la PR\u00c9SENTATION de chacune d&rsquo;entre elles dans le d\u00e9tail. Toutes ces structures sont gratuites et accessibles aux jeunes, avec ou sans repr\u00e9sentants l\u00e9gaux.<\/strong><\/strong><\/p>\n\n\n\n<h2 class=\"wp-block-heading has-text-align-center\">D\u00e9couvrir les structures et s&rsquo;y rendre !<\/h2>\n\n\n\n<figure class=\"wp-block-gallery has-nested-images columns-2 is-cropped wp-block-gallery-1 is-layout-flex wp-block-gallery-is-layout-flex\">\n<figure class=\"wp-block-image size-large\"><a href=\"https:\/\/ideopsy.fr\/index.php\/cartographie-des-structures\/\" target=\"_blank\" rel=\"noreferrer noopener\"><img loading=\"lazy\" decoding=\"async\" width=\"1024\" height=\"576\" data-id=\"3041\" src=\"https:\/\/ideopsy.fr\/wp-content\/uploads\/2024\/07\/bouton-presentation-des-structures-2-1024x576.png\" alt=\"\" class=\"wp-image-3041\" srcset=\"https:\/\/ideopsy.fr\/wp-content\/uploads\/2024\/07\/bouton-presentation-des-structures-2-1024x576.png 1024w, https:\/\/ideopsy.fr\/wp-content\/uploads\/2024\/07\/bouton-presentation-des-structures-2-300x169.png 300w, https:\/\/ideopsy.fr\/wp-content\/uploads\/2024\/07\/bouton-presentation-des-structures-2-768x432.png 768w, https:\/\/ideopsy.fr\/wp-content\/uploads\/2024\/07\/bouton-presentation-des-structures-2-1536x864.png 1536w, https:\/\/ideopsy.fr\/wp-content\/uploads\/2024\/07\/bouton-presentation-des-structures-2-2048x1152.png 2048w\" sizes=\"auto, (max-width: 1024px) 100vw, 1024px\" \/><\/a><\/figure>\n\n\n\n<figure class=\"wp-block-image size-large\"><a href=\"https:\/\/ideopsy.fr\/index.php\/presentation-des-structures\/\" target=\"_blank\" rel=\"noreferrer noopener\"><img loading=\"lazy\" decoding=\"async\" width=\"1024\" height=\"576\" data-id=\"3042\" src=\"https:\/\/ideopsy.fr\/wp-content\/uploads\/2024\/07\/bouton-presentation-des-structures-1-1024x576.png\" alt=\"\" class=\"wp-image-3042\" srcset=\"https:\/\/ideopsy.fr\/wp-content\/uploads\/2024\/07\/bouton-presentation-des-structures-1-1024x576.png 1024w, https:\/\/ideopsy.fr\/wp-content\/uploads\/2024\/07\/bouton-presentation-des-structures-1-300x169.png 300w, https:\/\/ideopsy.fr\/wp-content\/uploads\/2024\/07\/bouton-presentation-des-structures-1-768x432.png 768w, https:\/\/ideopsy.fr\/wp-content\/uploads\/2024\/07\/bouton-presentation-des-structures-1-1536x864.png 1536w, https:\/\/ideopsy.fr\/wp-content\/uploads\/2024\/07\/bouton-presentation-des-structures-1-2048x1152.png 2048w\" sizes=\"auto, (max-width: 1024px) 100vw, 1024px\" \/><\/a><\/figure>\n\n\n\n<figure class=\"wp-block-image size-large\"><a href=\"https:\/\/ideopsy.fr\/index.php\/ressources-complementaires\/\" target=\"_blank\" rel=\" noreferrer noopener\"><img loading=\"lazy\" decoding=\"async\" width=\"1024\" height=\"576\" data-id=\"3868\" src=\"https:\/\/ideopsy.fr\/wp-content\/uploads\/2025\/04\/Ajouter-un-titre-Vignette-YouTube-1-1024x576.png\" alt=\"\" class=\"wp-image-3868\" srcset=\"https:\/\/ideopsy.fr\/wp-content\/uploads\/2025\/04\/Ajouter-un-titre-Vignette-YouTube-1-1024x576.png 1024w, https:\/\/ideopsy.fr\/wp-content\/uploads\/2025\/04\/Ajouter-un-titre-Vignette-YouTube-1-300x169.png 300w, https:\/\/ideopsy.fr\/wp-content\/uploads\/2025\/04\/Ajouter-un-titre-Vignette-YouTube-1-768x432.png 768w, https:\/\/ideopsy.fr\/wp-content\/uploads\/2025\/04\/Ajouter-un-titre-Vignette-YouTube-1-1536x864.png 1536w, https:\/\/ideopsy.fr\/wp-content\/uploads\/2025\/04\/Ajouter-un-titre-Vignette-YouTube-1-2048x1152.png 2048w\" sizes=\"auto, (max-width: 1024px) 100vw, 1024px\" \/><\/a><\/figure>\n\n\n\n<figure class=\"wp-block-image size-large\"><img loading=\"lazy\" decoding=\"async\" width=\"1024\" height=\"576\" data-id=\"3870\" src=\"https:\/\/ideopsy.fr\/wp-content\/uploads\/2025\/04\/blank-1024x576.png\" alt=\"\" class=\"wp-image-3870\" srcset=\"https:\/\/ideopsy.fr\/wp-content\/uploads\/2025\/04\/blank-1024x576.png 1024w, https:\/\/ideopsy.fr\/wp-content\/uploads\/2025\/04\/blank-300x169.png 300w, https:\/\/ideopsy.fr\/wp-content\/uploads\/2025\/04\/blank-768x432.png 768w, https:\/\/ideopsy.fr\/wp-content\/uploads\/2025\/04\/blank-1536x864.png 1536w, https:\/\/ideopsy.fr\/wp-content\/uploads\/2025\/04\/blank-2048x1152.png 2048w\" sizes=\"auto, (max-width: 1024px) 100vw, 1024px\" \/><\/figure>\n<\/figure>\n\n\n\n<h2 class=\"wp-block-heading\"><\/h2>\n\n\n\n<p><\/p>\n","protected":false},"excerpt":{"rendered":"<p>Vous trouverez dans cette section, les structures \u00e0 votre disposition en fonction de vos besoins. Le mal-\u00eatre des jeunes n\u2019est pas une fatalit\u00e9 ! Pour les accompagner, le dispositif IDEO propose une CARTOGRAPHIE des associations ou institutions en lien avec la sant\u00e9 mentale des jeunes ainsi qu&rsquo;une page d\u00e9di\u00e9e \u00e0 [&hellip;]<\/p>\n","protected":false},"author":1,"featured_media":0,"parent":0,"menu_order":0,"comment_status":"closed","ping_status":"closed","template":"","meta":{"_monsterinsights_skip_tracking":false,"_monsterinsights_sitenote_active":false,"_monsterinsights_sitenote_note":"","_monsterinsights_sitenote_category":0,"_uf_show_specific_survey":0,"_uf_disable_surveys":false,"_themeisle_gutenberg_block_has_review":false,"footnotes":""},"class_list":["post-3038","page","type-page","status-publish","hentry"],"yoast_head":"<!-- This site is optimized with the Yoast SEO plugin v24.7 - https:\/\/yoast.com\/wordpress\/plugins\/seo\/ -->\n<title>TROUVER DE L&#039;AIDE - IDEO<\/title>\n<meta name=\"robots\" content=\"index, follow, max-snippet:-1, max-image-preview:large, max-video-preview:-1\" \/>\n<link rel=\"canonical\" href=\"https:\/\/ideopsy.fr\/index.php\/trouver-de-laide\/\" \/>\n<meta property=\"og:locale\" content=\"fr_FR\" \/>\n<meta property=\"og:type\" content=\"article\" \/>\n<meta property=\"og:title\" content=\"TROUVER DE L&#039;AIDE - IDEO\" \/>\n<meta property=\"og:description\" content=\"Vous trouverez dans cette section, les structures \u00e0 votre disposition en fonction de vos besoins. Le mal-\u00eatre des jeunes n\u2019est pas une fatalit\u00e9 ! Pour les accompagner, le dispositif IDEO propose une CARTOGRAPHIE des associations ou institutions en lien avec la sant\u00e9 mentale des jeunes ainsi qu&rsquo;une page d\u00e9di\u00e9e \u00e0 [&hellip;]\" \/>\n<meta property=\"og:url\" content=\"https:\/\/ideopsy.fr\/index.php\/trouver-de-laide\/\" \/>\n<meta property=\"og:site_name\" content=\"IDEO\" \/>\n<meta property=\"article:modified_time\" content=\"2025-04-11T08:55:40+00:00\" \/>\n<meta property=\"og:image\" content=\"https:\/\/ideopsy.fr\/wp-content\/uploads\/2024\/07\/Banniere-page-trouver-de-laide-generale-2-1024x213.png\" \/>\n<meta name=\"twitter:card\" content=\"summary_large_image\" \/>\n<meta name=\"twitter:label1\" content=\"Dur\u00e9e de lecture estim\u00e9e\" \/>\n\t<meta name=\"twitter:data1\" content=\"2 minutes\" \/>\n<script type=\"application\/ld+json\" class=\"yoast-schema-graph\">{\"@context\":\"https:\/\/schema.org\",\"@graph\":[{\"@type\":\"WebPage\",\"@id\":\"https:\/\/ideopsy.fr\/index.php\/trouver-de-laide\/\",\"url\":\"https:\/\/ideopsy.fr\/index.php\/trouver-de-laide\/\",\"name\":\"TROUVER DE L'AIDE - IDEO\",\"isPartOf\":{\"@id\":\"https:\/\/ideopsy.fr\/#website\"},\"primaryImageOfPage\":{\"@id\":\"https:\/\/ideopsy.fr\/index.php\/trouver-de-laide\/#primaryimage\"},\"image\":{\"@id\":\"https:\/\/ideopsy.fr\/index.php\/trouver-de-laide\/#primaryimage\"},\"thumbnailUrl\":\"https:\/\/ideopsy.fr\/wp-content\/uploads\/2024\/07\/Banniere-page-trouver-de-laide-generale-2-1024x213.png\",\"datePublished\":\"2024-07-19T12:30:38+00:00\",\"dateModified\":\"2025-04-11T08:55:40+00:00\",\"breadcrumb\":{\"@id\":\"https:\/\/ideopsy.fr\/index.php\/trouver-de-laide\/#breadcrumb\"},\"inLanguage\":\"fr-FR\",\"potentialAction\":[{\"@type\":\"ReadAction\",\"target\":[\"https:\/\/ideopsy.fr\/index.php\/trouver-de-laide\/\"]}]},{\"@type\":\"ImageObject\",\"inLanguage\":\"fr-FR\",\"@id\":\"https:\/\/ideopsy.fr\/index.php\/trouver-de-laide\/#primaryimage\",\"url\":\"https:\/\/ideopsy.fr\/wp-content\/uploads\/2024\/07\/Banniere-page-trouver-de-laide-generale-2.png\",\"contentUrl\":\"https:\/\/ideopsy.fr\/wp-content\/uploads\/2024\/07\/Banniere-page-trouver-de-laide-generale-2.png\",\"width\":6000,\"height\":1250},{\"@type\":\"BreadcrumbList\",\"@id\":\"https:\/\/ideopsy.fr\/index.php\/trouver-de-laide\/#breadcrumb\",\"itemListElement\":[{\"@type\":\"ListItem\",\"position\":1,\"name\":\"Accueil\",\"item\":\"https:\/\/ideopsy.fr\/\"},{\"@type\":\"ListItem\",\"position\":2,\"name\":\"TROUVER DE L&rsquo;AIDE\"}]},{\"@type\":\"WebSite\",\"@id\":\"https:\/\/ideopsy.fr\/#website\",\"url\":\"https:\/\/ideopsy.fr\/\",\"name\":\"IDEO\",\"description\":\"sante mentale des jeunes adolescents\",\"publisher\":{\"@id\":\"https:\/\/ideopsy.fr\/#organization\"},\"potentialAction\":[{\"@type\":\"SearchAction\",\"target\":{\"@type\":\"EntryPoint\",\"urlTemplate\":\"https:\/\/ideopsy.fr\/?s={search_term_string}\"},\"query-input\":{\"@type\":\"PropertyValueSpecification\",\"valueRequired\":true,\"valueName\":\"search_term_string\"}}],\"inLanguage\":\"fr-FR\"},{\"@type\":\"Organization\",\"@id\":\"https:\/\/ideopsy.fr\/#organization\",\"name\":\"IDEO\",\"url\":\"https:\/\/ideopsy.fr\/\",\"logo\":{\"@type\":\"ImageObject\",\"inLanguage\":\"fr-FR\",\"@id\":\"https:\/\/ideopsy.fr\/#\/schema\/logo\/image\/\",\"url\":\"http:\/\/ideopsy.fr\/wp-content\/uploads\/2021\/12\/cropped-page-accueil-25-100-Logo-IDEO-officiel.jpg\",\"contentUrl\":\"http:\/\/ideopsy.fr\/wp-content\/uploads\/2021\/12\/cropped-page-accueil-25-100-Logo-IDEO-officiel.jpg\",\"width\":307,\"height\":177,\"caption\":\"IDEO\"},\"image\":{\"@id\":\"https:\/\/ideopsy.fr\/#\/schema\/logo\/image\/\"}}]}<\/script>\n<!-- \/ Yoast SEO plugin. -->","yoast_head_json":{"title":"TROUVER DE L'AIDE - IDEO","robots":{"index":"index","follow":"follow","max-snippet":"max-snippet:-1","max-image-preview":"max-image-preview:large","max-video-preview":"max-video-preview:-1"},"canonical":"https:\/\/ideopsy.fr\/index.php\/trouver-de-laide\/","og_locale":"fr_FR","og_type":"article","og_title":"TROUVER DE L'AIDE - IDEO","og_description":"Vous trouverez dans cette section, les structures \u00e0 votre disposition en fonction de vos besoins. Le mal-\u00eatre des jeunes n\u2019est pas une fatalit\u00e9 ! Pour les accompagner, le dispositif IDEO propose une CARTOGRAPHIE des associations ou institutions en lien avec la sant\u00e9 mentale des jeunes ainsi qu&rsquo;une page d\u00e9di\u00e9e \u00e0 [&hellip;]","og_url":"https:\/\/ideopsy.fr\/index.php\/trouver-de-laide\/","og_site_name":"IDEO","article_modified_time":"2025-04-11T08:55:40+00:00","og_image":[{"url":"https:\/\/ideopsy.fr\/wp-content\/uploads\/2024\/07\/Banniere-page-trouver-de-laide-generale-2-1024x213.png","type":"","width":"","height":""}],"twitter_card":"summary_large_image","twitter_misc":{"Dur\u00e9e de lecture estim\u00e9e":"2 minutes"},"schema":{"@context":"https:\/\/schema.org","@graph":[{"@type":"WebPage","@id":"https:\/\/ideopsy.fr\/index.php\/trouver-de-laide\/","url":"https:\/\/ideopsy.fr\/index.php\/trouver-de-laide\/","name":"TROUVER DE L'AIDE - IDEO","isPartOf":{"@id":"https:\/\/ideopsy.fr\/#website"},"primaryImageOfPage":{"@id":"https:\/\/ideopsy.fr\/index.php\/trouver-de-laide\/#primaryimage"},"image":{"@id":"https:\/\/ideopsy.fr\/index.php\/trouver-de-laide\/#primaryimage"},"thumbnailUrl":"https:\/\/ideopsy.fr\/wp-content\/uploads\/2024\/07\/Banniere-page-trouver-de-laide-generale-2-1024x213.png","datePublished":"2024-07-19T12:30:38+00:00","dateModified":"2025-04-11T08:55:40+00:00","breadcrumb":{"@id":"https:\/\/ideopsy.fr\/index.php\/trouver-de-laide\/#breadcrumb"},"inLanguage":"fr-FR","potentialAction":[{"@type":"ReadAction","target":["https:\/\/ideopsy.fr\/index.php\/trouver-de-laide\/"]}]},{"@type":"ImageObject","inLanguage":"fr-FR","@id":"https:\/\/ideopsy.fr\/index.php\/trouver-de-laide\/#primaryimage","url":"https:\/\/ideopsy.fr\/wp-content\/uploads\/2024\/07\/Banniere-page-trouver-de-laide-generale-2.png","contentUrl":"https:\/\/ideopsy.fr\/wp-content\/uploads\/2024\/07\/Banniere-page-trouver-de-laide-generale-2.png","width":6000,"height":1250},{"@type":"BreadcrumbList","@id":"https:\/\/ideopsy.fr\/index.php\/trouver-de-laide\/#breadcrumb","itemListElement":[{"@type":"ListItem","position":1,"name":"Accueil","item":"https:\/\/ideopsy.fr\/"},{"@type":"ListItem","position":2,"name":"TROUVER DE L&rsquo;AIDE"}]},{"@type":"WebSite","@id":"https:\/\/ideopsy.fr\/#website","url":"https:\/\/ideopsy.fr\/","name":"IDEO","description":"sante mentale des jeunes adolescents","publisher":{"@id":"https:\/\/ideopsy.fr\/#organization"},"potentialAction":[{"@type":"SearchAction","target":{"@type":"EntryPoint","urlTemplate":"https:\/\/ideopsy.fr\/?s={search_term_string}"},"query-input":{"@type":"PropertyValueSpecification","valueRequired":true,"valueName":"search_term_string"}}],"inLanguage":"fr-FR"},{"@type":"Organization","@id":"https:\/\/ideopsy.fr\/#organization","name":"IDEO","url":"https:\/\/ideopsy.fr\/","logo":{"@type":"ImageObject","inLanguage":"fr-FR","@id":"https:\/\/ideopsy.fr\/#\/schema\/logo\/image\/","url":"http:\/\/ideopsy.fr\/wp-content\/uploads\/2021\/12\/cropped-page-accueil-25-100-Logo-IDEO-officiel.jpg","contentUrl":"http:\/\/ideopsy.fr\/wp-content\/uploads\/2021\/12\/cropped-page-accueil-25-100-Logo-IDEO-officiel.jpg","width":307,"height":177,"caption":"IDEO"},"image":{"@id":"https:\/\/ideopsy.fr\/#\/schema\/logo\/image\/"}}]}},"_links":{"self":[{"href":"https:\/\/ideopsy.fr\/index.php\/wp-json\/wp\/v2\/pages\/3038","targetHints":{"allow":["GET"]}}],"collection":[{"href":"https:\/\/ideopsy.fr\/index.php\/wp-json\/wp\/v2\/pages"}],"about":[{"href":"https:\/\/ideopsy.fr\/index.php\/wp-json\/wp\/v2\/types\/page"}],"author":[{"embeddable":true,"href":"https:\/\/ideopsy.fr\/index.php\/wp-json\/wp\/v2\/users\/1"}],"replies":[{"embeddable":true,"href":"https:\/\/ideopsy.fr\/index.php\/wp-json\/wp\/v2\/comments?post=3038"}],"version-history":[{"count":5,"href":"https:\/\/ideopsy.fr\/index.php\/wp-json\/wp\/v2\/pages\/3038\/revisions"}],"predecessor-version":[{"id":3871,"href":"https:\/\/ideopsy.fr\/index.php\/wp-json\/wp\/v2\/pages\/3038\/revisions\/3871"}],"wp:attachment":[{"href":"https:\/\/ideopsy.fr\/index.php\/wp-json\/wp\/v2\/media?parent=3038"}],"curies":[{"name":"wp","href":"https:\/\/api.w.org\/{rel}","templated":true}]}}