{"id":3618,"date":"2024-08-09T22:32:51","date_gmt":"2024-08-09T20:32:51","guid":{"rendered":"https:\/\/ideopsy.fr\/?page_id=3618"},"modified":"2024-08-09T22:37:09","modified_gmt":"2024-08-09T20:37:09","slug":"qui-peut-nous-aider","status":"publish","type":"page","link":"https:\/\/ideopsy.fr\/index.php\/qui-peut-nous-aider\/","title":{"rendered":"QUI PEUT NOUS AIDER ?"},"content":{"rendered":"\n<figure class=\"wp-block-image size-large\"><img loading=\"lazy\" decoding=\"async\" width=\"1024\" height=\"213\" src=\"https:\/\/ideopsy.fr\/wp-content\/uploads\/2024\/08\/Banniere-page-QUI-PEUT-AIDER-1024x213.png\" alt=\"\" class=\"wp-image-3629\" srcset=\"https:\/\/ideopsy.fr\/wp-content\/uploads\/2024\/08\/Banniere-page-QUI-PEUT-AIDER-1024x213.png 1024w, https:\/\/ideopsy.fr\/wp-content\/uploads\/2024\/08\/Banniere-page-QUI-PEUT-AIDER-300x63.png 300w, https:\/\/ideopsy.fr\/wp-content\/uploads\/2024\/08\/Banniere-page-QUI-PEUT-AIDER-768x160.png 768w, https:\/\/ideopsy.fr\/wp-content\/uploads\/2024\/08\/Banniere-page-QUI-PEUT-AIDER-1536x320.png 1536w, https:\/\/ideopsy.fr\/wp-content\/uploads\/2024\/08\/Banniere-page-QUI-PEUT-AIDER-2048x427.png 2048w\" sizes=\"auto, (max-width: 1024px) 100vw, 1024px\" \/><\/figure>\n\n\n\n<h2 class=\"wp-block-heading\"><\/h2>\n\n\n\n<p class=\"has-text-align-center\"><strong>Que faire face \u00e0 un \u00e9l\u00e9ment qui \u00ab&nbsp;commence \u00e0 m\u2019emp\u00eacher de&nbsp;\u00bb ou qui \u00ab&nbsp;m\u2019emp\u00eache de&nbsp;\u00bb&nbsp;?<\/strong><\/p>\n\n\n\n<p class=\"has-text-align-center\"><strong>Que faire si une ou plusieurs balises restent \u00e0 l\u2019orange ou au rouge&nbsp;?<\/strong><\/p>\n\n\n\n<figure class=\"wp-block-image size-large\"><img loading=\"lazy\" decoding=\"async\" width=\"1024\" height=\"125\" src=\"https:\/\/ideopsy.fr\/wp-content\/uploads\/2024\/08\/4-8-1024x125.png\" alt=\"\" class=\"wp-image-3624\" srcset=\"https:\/\/ideopsy.fr\/wp-content\/uploads\/2024\/08\/4-8-1024x125.png 1024w, https:\/\/ideopsy.fr\/wp-content\/uploads\/2024\/08\/4-8-300x37.png 300w, https:\/\/ideopsy.fr\/wp-content\/uploads\/2024\/08\/4-8-768x94.png 768w, https:\/\/ideopsy.fr\/wp-content\/uploads\/2024\/08\/4-8-1536x188.png 1536w, https:\/\/ideopsy.fr\/wp-content\/uploads\/2024\/08\/4-8-2048x250.png 2048w\" sizes=\"auto, (max-width: 1024px) 100vw, 1024px\" \/><\/figure>\n\n\n\n<figure class=\"wp-block-image size-large\"><img loading=\"lazy\" decoding=\"async\" width=\"1024\" height=\"460\" src=\"https:\/\/ideopsy.fr\/wp-content\/uploads\/2024\/08\/5-7-1024x460.png\" alt=\"\" class=\"wp-image-3625\" srcset=\"https:\/\/ideopsy.fr\/wp-content\/uploads\/2024\/08\/5-7-1024x460.png 1024w, https:\/\/ideopsy.fr\/wp-content\/uploads\/2024\/08\/5-7-300x135.png 300w, https:\/\/ideopsy.fr\/wp-content\/uploads\/2024\/08\/5-7-768x345.png 768w, https:\/\/ideopsy.fr\/wp-content\/uploads\/2024\/08\/5-7-1536x690.png 1536w, https:\/\/ideopsy.fr\/wp-content\/uploads\/2024\/08\/5-7-2048x920.png 2048w\" sizes=\"auto, (max-width: 1024px) 100vw, 1024px\" \/><\/figure>\n\n\n\n<h2 class=\"wp-block-heading\"><\/h2>\n\n\n\n<p class=\"has-text-align-center\">(voir \u00ab\u00a0<a href=\"https:\/\/ideopsy.fr\/index.php\/comment-prendre-soin-de-notre-sante-mentale-2\/\">comment prendre soin de votre sant\u00e9 mentale<\/a>\u00a0?\u00a0\u00bb)<\/p>\n\n\n\n<figure class=\"wp-block-image size-large\"><img loading=\"lazy\" decoding=\"async\" width=\"1024\" height=\"546\" src=\"https:\/\/ideopsy.fr\/wp-content\/uploads\/2024\/08\/6-8-1024x546.png\" alt=\"\" class=\"wp-image-3626\" srcset=\"https:\/\/ideopsy.fr\/wp-content\/uploads\/2024\/08\/6-8-1024x546.png 1024w, https:\/\/ideopsy.fr\/wp-content\/uploads\/2024\/08\/6-8-300x160.png 300w, https:\/\/ideopsy.fr\/wp-content\/uploads\/2024\/08\/6-8-768x410.png 768w, https:\/\/ideopsy.fr\/wp-content\/uploads\/2024\/08\/6-8-1536x820.png 1536w, https:\/\/ideopsy.fr\/wp-content\/uploads\/2024\/08\/6-8-2048x1093.png 2048w\" sizes=\"auto, (max-width: 1024px) 100vw, 1024px\" \/><\/figure>\n\n\n\n<figure class=\"wp-block-image size-large\"><img loading=\"lazy\" decoding=\"async\" width=\"1024\" height=\"576\" src=\"https:\/\/ideopsy.fr\/wp-content\/uploads\/2024\/08\/7-8-1024x576.png\" alt=\"\" class=\"wp-image-3627\" srcset=\"https:\/\/ideopsy.fr\/wp-content\/uploads\/2024\/08\/7-8-1024x576.png 1024w, https:\/\/ideopsy.fr\/wp-content\/uploads\/2024\/08\/7-8-300x169.png 300w, https:\/\/ideopsy.fr\/wp-content\/uploads\/2024\/08\/7-8-768x432.png 768w, https:\/\/ideopsy.fr\/wp-content\/uploads\/2024\/08\/7-8-1536x864.png 1536w, https:\/\/ideopsy.fr\/wp-content\/uploads\/2024\/08\/7-8-2048x1152.png 2048w\" sizes=\"auto, (max-width: 1024px) 100vw, 1024px\" \/><\/figure>\n\n\n\n<p class=\"has-text-align-center has-medium-font-size\"><strong>Pour cela, tu trouveras <a href=\"https:\/\/ideopsy.fr\/index.php\/trouver-de-laide\/\">ici<\/a> toutes les structures ou associations sp\u00e9cialis\u00e9es qui peuvent t&rsquo;\u00e9couter, te conseiller, t\u2019aider.<\/strong><\/p>\n\n\n\n<p class=\"has-text-align-center has-accent-color has-text-color has-medium-font-size\"><em><strong>Alors n\u2019h\u00e9sites pas \u00e0 prendre contact avec eux, ils sont l\u00e0 pour \u00e7a\u00a0!<\/strong><\/em><\/p>\n","protected":false},"excerpt":{"rendered":"<p>Que faire face \u00e0 un \u00e9l\u00e9ment qui \u00ab&nbsp;commence \u00e0 m\u2019emp\u00eacher de&nbsp;\u00bb ou qui \u00ab&nbsp;m\u2019emp\u00eache de&nbsp;\u00bb&nbsp;? Que faire si une ou plusieurs balises restent \u00e0 l\u2019orange ou au rouge&nbsp;? (voir \u00ab\u00a0comment prendre soin de votre sant\u00e9 mentale\u00a0?\u00a0\u00bb) Pour cela, tu trouveras ici toutes les structures ou associations sp\u00e9cialis\u00e9es qui peuvent t&rsquo;\u00e9couter, [&hellip;]<\/p>\n","protected":false},"author":1,"featured_media":0,"parent":0,"menu_order":0,"comment_status":"closed","ping_status":"closed","template":"","meta":{"_monsterinsights_skip_tracking":false,"_monsterinsights_sitenote_active":false,"_monsterinsights_sitenote_note":"","_monsterinsights_sitenote_category":0,"_uf_show_specific_survey":0,"_uf_disable_surveys":false,"_themeisle_gutenberg_block_has_review":false,"footnotes":""},"class_list":["post-3618","page","type-page","status-publish","hentry"],"yoast_head":"<!-- This site is optimized with the Yoast SEO plugin v24.7 - https:\/\/yoast.com\/wordpress\/plugins\/seo\/ -->\n<title>QUI PEUT NOUS AIDER ? - IDEO<\/title>\n<meta name=\"robots\" content=\"index, follow, max-snippet:-1, max-image-preview:large, max-video-preview:-1\" \/>\n<link rel=\"canonical\" href=\"https:\/\/ideopsy.fr\/index.php\/qui-peut-nous-aider\/\" \/>\n<meta property=\"og:locale\" content=\"fr_FR\" \/>\n<meta property=\"og:type\" content=\"article\" \/>\n<meta property=\"og:title\" content=\"QUI PEUT NOUS AIDER ? - IDEO\" \/>\n<meta property=\"og:description\" content=\"Que faire face \u00e0 un \u00e9l\u00e9ment qui \u00ab&nbsp;commence \u00e0 m\u2019emp\u00eacher de&nbsp;\u00bb ou qui \u00ab&nbsp;m\u2019emp\u00eache de&nbsp;\u00bb&nbsp;? Que faire si une ou plusieurs balises restent \u00e0 l\u2019orange ou au rouge&nbsp;? (voir \u00ab\u00a0comment prendre soin de votre sant\u00e9 mentale\u00a0?\u00a0\u00bb) Pour cela, tu trouveras ici toutes les structures ou associations sp\u00e9cialis\u00e9es qui peuvent t&rsquo;\u00e9couter, [&hellip;]\" \/>\n<meta property=\"og:url\" content=\"https:\/\/ideopsy.fr\/index.php\/qui-peut-nous-aider\/\" \/>\n<meta property=\"og:site_name\" content=\"IDEO\" \/>\n<meta property=\"article:modified_time\" content=\"2024-08-09T20:37:09+00:00\" \/>\n<meta property=\"og:image\" content=\"https:\/\/ideopsy.fr\/wp-content\/uploads\/2024\/08\/Banniere-page-QUI-PEUT-AIDER-1024x213.png\" \/>\n<meta name=\"twitter:card\" content=\"summary_large_image\" \/>\n<script type=\"application\/ld+json\" class=\"yoast-schema-graph\">{\"@context\":\"https:\/\/schema.org\",\"@graph\":[{\"@type\":\"WebPage\",\"@id\":\"https:\/\/ideopsy.fr\/index.php\/qui-peut-nous-aider\/\",\"url\":\"https:\/\/ideopsy.fr\/index.php\/qui-peut-nous-aider\/\",\"name\":\"QUI PEUT NOUS AIDER ? - IDEO\",\"isPartOf\":{\"@id\":\"https:\/\/ideopsy.fr\/#website\"},\"primaryImageOfPage\":{\"@id\":\"https:\/\/ideopsy.fr\/index.php\/qui-peut-nous-aider\/#primaryimage\"},\"image\":{\"@id\":\"https:\/\/ideopsy.fr\/index.php\/qui-peut-nous-aider\/#primaryimage\"},\"thumbnailUrl\":\"https:\/\/ideopsy.fr\/wp-content\/uploads\/2024\/08\/Banniere-page-QUI-PEUT-AIDER-1024x213.png\",\"datePublished\":\"2024-08-09T20:32:51+00:00\",\"dateModified\":\"2024-08-09T20:37:09+00:00\",\"breadcrumb\":{\"@id\":\"https:\/\/ideopsy.fr\/index.php\/qui-peut-nous-aider\/#breadcrumb\"},\"inLanguage\":\"fr-FR\",\"potentialAction\":[{\"@type\":\"ReadAction\",\"target\":[\"https:\/\/ideopsy.fr\/index.php\/qui-peut-nous-aider\/\"]}]},{\"@type\":\"ImageObject\",\"inLanguage\":\"fr-FR\",\"@id\":\"https:\/\/ideopsy.fr\/index.php\/qui-peut-nous-aider\/#primaryimage\",\"url\":\"https:\/\/ideopsy.fr\/wp-content\/uploads\/2024\/08\/Banniere-page-QUI-PEUT-AIDER.png\",\"contentUrl\":\"https:\/\/ideopsy.fr\/wp-content\/uploads\/2024\/08\/Banniere-page-QUI-PEUT-AIDER.png\",\"width\":6000,\"height\":1250},{\"@type\":\"BreadcrumbList\",\"@id\":\"https:\/\/ideopsy.fr\/index.php\/qui-peut-nous-aider\/#breadcrumb\",\"itemListElement\":[{\"@type\":\"ListItem\",\"position\":1,\"name\":\"Accueil\",\"item\":\"https:\/\/ideopsy.fr\/\"},{\"@type\":\"ListItem\",\"position\":2,\"name\":\"QUI PEUT NOUS AIDER ?\"}]},{\"@type\":\"WebSite\",\"@id\":\"https:\/\/ideopsy.fr\/#website\",\"url\":\"https:\/\/ideopsy.fr\/\",\"name\":\"IDEO\",\"description\":\"sante mentale des jeunes adolescents\",\"publisher\":{\"@id\":\"https:\/\/ideopsy.fr\/#organization\"},\"potentialAction\":[{\"@type\":\"SearchAction\",\"target\":{\"@type\":\"EntryPoint\",\"urlTemplate\":\"https:\/\/ideopsy.fr\/?s={search_term_string}\"},\"query-input\":{\"@type\":\"PropertyValueSpecification\",\"valueRequired\":true,\"valueName\":\"search_term_string\"}}],\"inLanguage\":\"fr-FR\"},{\"@type\":\"Organization\",\"@id\":\"https:\/\/ideopsy.fr\/#organization\",\"name\":\"IDEO\",\"url\":\"https:\/\/ideopsy.fr\/\",\"logo\":{\"@type\":\"ImageObject\",\"inLanguage\":\"fr-FR\",\"@id\":\"https:\/\/ideopsy.fr\/#\/schema\/logo\/image\/\",\"url\":\"http:\/\/ideopsy.fr\/wp-content\/uploads\/2021\/12\/cropped-page-accueil-25-100-Logo-IDEO-officiel.jpg\",\"contentUrl\":\"http:\/\/ideopsy.fr\/wp-content\/uploads\/2021\/12\/cropped-page-accueil-25-100-Logo-IDEO-officiel.jpg\",\"width\":307,\"height\":177,\"caption\":\"IDEO\"},\"image\":{\"@id\":\"https:\/\/ideopsy.fr\/#\/schema\/logo\/image\/\"}}]}<\/script>\n<!-- \/ Yoast SEO plugin. -->","yoast_head_json":{"title":"QUI PEUT NOUS AIDER ? - IDEO","robots":{"index":"index","follow":"follow","max-snippet":"max-snippet:-1","max-image-preview":"max-image-preview:large","max-video-preview":"max-video-preview:-1"},"canonical":"https:\/\/ideopsy.fr\/index.php\/qui-peut-nous-aider\/","og_locale":"fr_FR","og_type":"article","og_title":"QUI PEUT NOUS AIDER ? - IDEO","og_description":"Que faire face \u00e0 un \u00e9l\u00e9ment qui \u00ab&nbsp;commence \u00e0 m\u2019emp\u00eacher de&nbsp;\u00bb ou qui \u00ab&nbsp;m\u2019emp\u00eache de&nbsp;\u00bb&nbsp;? Que faire si une ou plusieurs balises restent \u00e0 l\u2019orange ou au rouge&nbsp;? (voir \u00ab\u00a0comment prendre soin de votre sant\u00e9 mentale\u00a0?\u00a0\u00bb) Pour cela, tu trouveras ici toutes les structures ou associations sp\u00e9cialis\u00e9es qui peuvent t&rsquo;\u00e9couter, [&hellip;]","og_url":"https:\/\/ideopsy.fr\/index.php\/qui-peut-nous-aider\/","og_site_name":"IDEO","article_modified_time":"2024-08-09T20:37:09+00:00","og_image":[{"url":"https:\/\/ideopsy.fr\/wp-content\/uploads\/2024\/08\/Banniere-page-QUI-PEUT-AIDER-1024x213.png","type":"","width":"","height":""}],"twitter_card":"summary_large_image","schema":{"@context":"https:\/\/schema.org","@graph":[{"@type":"WebPage","@id":"https:\/\/ideopsy.fr\/index.php\/qui-peut-nous-aider\/","url":"https:\/\/ideopsy.fr\/index.php\/qui-peut-nous-aider\/","name":"QUI PEUT NOUS AIDER ? - IDEO","isPartOf":{"@id":"https:\/\/ideopsy.fr\/#website"},"primaryImageOfPage":{"@id":"https:\/\/ideopsy.fr\/index.php\/qui-peut-nous-aider\/#primaryimage"},"image":{"@id":"https:\/\/ideopsy.fr\/index.php\/qui-peut-nous-aider\/#primaryimage"},"thumbnailUrl":"https:\/\/ideopsy.fr\/wp-content\/uploads\/2024\/08\/Banniere-page-QUI-PEUT-AIDER-1024x213.png","datePublished":"2024-08-09T20:32:51+00:00","dateModified":"2024-08-09T20:37:09+00:00","breadcrumb":{"@id":"https:\/\/ideopsy.fr\/index.php\/qui-peut-nous-aider\/#breadcrumb"},"inLanguage":"fr-FR","potentialAction":[{"@type":"ReadAction","target":["https:\/\/ideopsy.fr\/index.php\/qui-peut-nous-aider\/"]}]},{"@type":"ImageObject","inLanguage":"fr-FR","@id":"https:\/\/ideopsy.fr\/index.php\/qui-peut-nous-aider\/#primaryimage","url":"https:\/\/ideopsy.fr\/wp-content\/uploads\/2024\/08\/Banniere-page-QUI-PEUT-AIDER.png","contentUrl":"https:\/\/ideopsy.fr\/wp-content\/uploads\/2024\/08\/Banniere-page-QUI-PEUT-AIDER.png","width":6000,"height":1250},{"@type":"BreadcrumbList","@id":"https:\/\/ideopsy.fr\/index.php\/qui-peut-nous-aider\/#breadcrumb","itemListElement":[{"@type":"ListItem","position":1,"name":"Accueil","item":"https:\/\/ideopsy.fr\/"},{"@type":"ListItem","position":2,"name":"QUI PEUT NOUS AIDER ?"}]},{"@type":"WebSite","@id":"https:\/\/ideopsy.fr\/#website","url":"https:\/\/ideopsy.fr\/","name":"IDEO","description":"sante mentale des jeunes adolescents","publisher":{"@id":"https:\/\/ideopsy.fr\/#organization"},"potentialAction":[{"@type":"SearchAction","target":{"@type":"EntryPoint","urlTemplate":"https:\/\/ideopsy.fr\/?s={search_term_string}"},"query-input":{"@type":"PropertyValueSpecification","valueRequired":true,"valueName":"search_term_string"}}],"inLanguage":"fr-FR"},{"@type":"Organization","@id":"https:\/\/ideopsy.fr\/#organization","name":"IDEO","url":"https:\/\/ideopsy.fr\/","logo":{"@type":"ImageObject","inLanguage":"fr-FR","@id":"https:\/\/ideopsy.fr\/#\/schema\/logo\/image\/","url":"http:\/\/ideopsy.fr\/wp-content\/uploads\/2021\/12\/cropped-page-accueil-25-100-Logo-IDEO-officiel.jpg","contentUrl":"http:\/\/ideopsy.fr\/wp-content\/uploads\/2021\/12\/cropped-page-accueil-25-100-Logo-IDEO-officiel.jpg","width":307,"height":177,"caption":"IDEO"},"image":{"@id":"https:\/\/ideopsy.fr\/#\/schema\/logo\/image\/"}}]}},"_links":{"self":[{"href":"https:\/\/ideopsy.fr\/index.php\/wp-json\/wp\/v2\/pages\/3618","targetHints":{"allow":["GET"]}}],"collection":[{"href":"https:\/\/ideopsy.fr\/index.php\/wp-json\/wp\/v2\/pages"}],"about":[{"href":"https:\/\/ideopsy.fr\/index.php\/wp-json\/wp\/v2\/types\/page"}],"author":[{"embeddable":true,"href":"https:\/\/ideopsy.fr\/index.php\/wp-json\/wp\/v2\/users\/1"}],"replies":[{"embeddable":true,"href":"https:\/\/ideopsy.fr\/index.php\/wp-json\/wp\/v2\/comments?post=3618"}],"version-history":[{"count":8,"href":"https:\/\/ideopsy.fr\/index.php\/wp-json\/wp\/v2\/pages\/3618\/revisions"}],"predecessor-version":[{"id":3636,"href":"https:\/\/ideopsy.fr\/index.php\/wp-json\/wp\/v2\/pages\/3618\/revisions\/3636"}],"wp:attachment":[{"href":"https:\/\/ideopsy.fr\/index.php\/wp-json\/wp\/v2\/media?parent=3618"}],"curies":[{"name":"wp","href":"https:\/\/api.w.org\/{rel}","templated":true}]}}