{"id":3879,"date":"2025-07-30T09:25:26","date_gmt":"2025-07-30T07:25:26","guid":{"rendered":"https:\/\/ideopsy.fr\/?page_id=3879"},"modified":"2025-08-01T10:25:59","modified_gmt":"2025-08-01T08:25:59","slug":"posters-2024-2025","status":"publish","type":"page","link":"https:\/\/ideopsy.fr\/index.php\/posters-2024-2025\/","title":{"rendered":"POSTERS 2024-2025"},"content":{"rendered":"\n<p class=\"has-text-align-center\"><strong>Vous trouverez dans les cat\u00e9gories ci-dessous tous les posters, ainsi que les slogans, cr\u00e9\u00e9s par les \u00e9l\u00e8ves de classe de seconde professionnelle, g\u00e9n\u00e9rale, technique et CAP, ayant b\u00e9n\u00e9fici\u00e9s de la sensibilisation IDEO<\/strong>&nbsp;<strong>durant l\u2019ann\u00e9e scolaire 2024-2025.<\/strong><\/p>\n\n\n\n<figure class=\"wp-block-gallery has-nested-images columns-default is-cropped wp-block-gallery-1 is-layout-flex wp-block-gallery-is-layout-flex\">\n<figure class=\"wp-block-image size-large\"><a href=\"https:\/\/ideopsy.fr\/index.php\/posters-2024-2025-bien-etre\/\" target=\"_blank\" rel=\"noopener\"><img loading=\"lazy\" decoding=\"async\" width=\"1024\" height=\"576\" data-id=\"1228\" src=\"https:\/\/ideopsy.fr\/wp-content\/uploads\/2024\/06\/1-2-1024x576.png\" alt=\"\" class=\"wp-image-1228\" srcset=\"https:\/\/ideopsy.fr\/wp-content\/uploads\/2024\/06\/1-2-1024x576.png 1024w, https:\/\/ideopsy.fr\/wp-content\/uploads\/2024\/06\/1-2-300x169.png 300w, https:\/\/ideopsy.fr\/wp-content\/uploads\/2024\/06\/1-2-768x432.png 768w, https:\/\/ideopsy.fr\/wp-content\/uploads\/2024\/06\/1-2-1536x864.png 1536w, https:\/\/ideopsy.fr\/wp-content\/uploads\/2024\/06\/1-2-2048x1152.png 2048w\" sizes=\"auto, (max-width: 1024px) 100vw, 1024px\" \/><\/a><\/figure>\n\n\n\n<figure class=\"wp-block-image size-large\"><a href=\"https:\/\/ideopsy.fr\/index.php\/posters-2024-2025-demander-de-laide-se-confier\/\" target=\"_blank\" rel=\"noopener\"><img loading=\"lazy\" decoding=\"async\" width=\"1024\" height=\"576\" data-id=\"1224\" src=\"https:\/\/ideopsy.fr\/wp-content\/uploads\/2024\/06\/2-1-1024x576.png\" alt=\"\" class=\"wp-image-1224\" srcset=\"https:\/\/ideopsy.fr\/wp-content\/uploads\/2024\/06\/2-1-1024x576.png 1024w, https:\/\/ideopsy.fr\/wp-content\/uploads\/2024\/06\/2-1-300x169.png 300w, https:\/\/ideopsy.fr\/wp-content\/uploads\/2024\/06\/2-1-768x432.png 768w, https:\/\/ideopsy.fr\/wp-content\/uploads\/2024\/06\/2-1-1536x864.png 1536w, https:\/\/ideopsy.fr\/wp-content\/uploads\/2024\/06\/2-1-2048x1152.png 2048w\" sizes=\"auto, (max-width: 1024px) 100vw, 1024px\" \/><\/a><\/figure>\n\n\n\n<figure class=\"wp-block-image size-large\"><a href=\"https:\/\/ideopsy.fr\/index.php\/posters-2024-2025-destigmatiser\/\" target=\"_blank\" rel=\"noopener\"><img loading=\"lazy\" decoding=\"async\" width=\"1024\" height=\"576\" data-id=\"1229\" src=\"https:\/\/ideopsy.fr\/wp-content\/uploads\/2024\/06\/3-2-1024x576.png\" alt=\"\" class=\"wp-image-1229\" srcset=\"https:\/\/ideopsy.fr\/wp-content\/uploads\/2024\/06\/3-2-1024x576.png 1024w, https:\/\/ideopsy.fr\/wp-content\/uploads\/2024\/06\/3-2-300x169.png 300w, https:\/\/ideopsy.fr\/wp-content\/uploads\/2024\/06\/3-2-768x432.png 768w, https:\/\/ideopsy.fr\/wp-content\/uploads\/2024\/06\/3-2-1536x864.png 1536w, https:\/\/ideopsy.fr\/wp-content\/uploads\/2024\/06\/3-2-2048x1152.png 2048w\" sizes=\"auto, (max-width: 1024px) 100vw, 1024px\" \/><\/a><\/figure>\n\n\n\n<figure class=\"wp-block-image size-large\"><a href=\"https:\/\/ideopsy.fr\/index.php\/posters-2024-2025-restaurer-sa-sante-mentale\/\" target=\"_blank\" rel=\"noopener\"><img loading=\"lazy\" decoding=\"async\" width=\"1024\" height=\"576\" data-id=\"1230\" src=\"https:\/\/ideopsy.fr\/wp-content\/uploads\/2024\/06\/4-2-1024x576.png\" alt=\"\" class=\"wp-image-1230\" srcset=\"https:\/\/ideopsy.fr\/wp-content\/uploads\/2024\/06\/4-2-1024x576.png 1024w, https:\/\/ideopsy.fr\/wp-content\/uploads\/2024\/06\/4-2-300x169.png 300w, https:\/\/ideopsy.fr\/wp-content\/uploads\/2024\/06\/4-2-768x432.png 768w, https:\/\/ideopsy.fr\/wp-content\/uploads\/2024\/06\/4-2-1536x864.png 1536w, https:\/\/ideopsy.fr\/wp-content\/uploads\/2024\/06\/4-2-2048x1152.png 2048w\" sizes=\"auto, (max-width: 1024px) 100vw, 1024px\" \/><\/a><\/figure>\n\n\n\n<figure class=\"wp-block-image size-large\"><a href=\"https:\/\/ideopsy.fr\/index.php\/poster-2024-2025-stress-anxiete\/\" target=\"_blank\" rel=\"noopener\"><img loading=\"lazy\" decoding=\"async\" width=\"1024\" height=\"576\" data-id=\"1225\" src=\"https:\/\/ideopsy.fr\/wp-content\/uploads\/2024\/06\/5-1-1024x576.png\" alt=\"\" class=\"wp-image-1225\" srcset=\"https:\/\/ideopsy.fr\/wp-content\/uploads\/2024\/06\/5-1-1024x576.png 1024w, https:\/\/ideopsy.fr\/wp-content\/uploads\/2024\/06\/5-1-300x169.png 300w, https:\/\/ideopsy.fr\/wp-content\/uploads\/2024\/06\/5-1-768x432.png 768w, https:\/\/ideopsy.fr\/wp-content\/uploads\/2024\/06\/5-1-1536x864.png 1536w, https:\/\/ideopsy.fr\/wp-content\/uploads\/2024\/06\/5-1-2048x1152.png 2048w\" sizes=\"auto, (max-width: 1024px) 100vw, 1024px\" \/><\/a><\/figure>\n\n\n\n<figure class=\"wp-block-image size-large\"><a href=\"https:\/\/ideopsy.fr\/index.php\/posters-2024-2025-depression\/\" target=\"_blank\" rel=\"noopener\"><img loading=\"lazy\" decoding=\"async\" width=\"1024\" height=\"576\" data-id=\"1231\" src=\"https:\/\/ideopsy.fr\/wp-content\/uploads\/2024\/06\/6-2-1024x576.png\" alt=\"\" class=\"wp-image-1231\" srcset=\"https:\/\/ideopsy.fr\/wp-content\/uploads\/2024\/06\/6-2-1024x576.png 1024w, https:\/\/ideopsy.fr\/wp-content\/uploads\/2024\/06\/6-2-300x169.png 300w, https:\/\/ideopsy.fr\/wp-content\/uploads\/2024\/06\/6-2-768x432.png 768w, https:\/\/ideopsy.fr\/wp-content\/uploads\/2024\/06\/6-2-1536x864.png 1536w, https:\/\/ideopsy.fr\/wp-content\/uploads\/2024\/06\/6-2-2048x1152.png 2048w\" sizes=\"auto, (max-width: 1024px) 100vw, 1024px\" \/><\/a><\/figure>\n\n\n\n<figure class=\"wp-block-image size-large\"><a href=\"https:\/\/ideopsy.fr\/index.php\/posters-2024-2025-autres-pathologies-symptomes\/\" target=\"_blank\" rel=\"noopener\"><img loading=\"lazy\" decoding=\"async\" width=\"1024\" height=\"576\" data-id=\"1226\" src=\"https:\/\/ideopsy.fr\/wp-content\/uploads\/2024\/06\/7-1-1024x576.png\" alt=\"\" class=\"wp-image-1226\" srcset=\"https:\/\/ideopsy.fr\/wp-content\/uploads\/2024\/06\/7-1-1024x576.png 1024w, https:\/\/ideopsy.fr\/wp-content\/uploads\/2024\/06\/7-1-300x169.png 300w, https:\/\/ideopsy.fr\/wp-content\/uploads\/2024\/06\/7-1-768x432.png 768w, https:\/\/ideopsy.fr\/wp-content\/uploads\/2024\/06\/7-1-1536x864.png 1536w, https:\/\/ideopsy.fr\/wp-content\/uploads\/2024\/06\/7-1-2048x1152.png 2048w\" sizes=\"auto, (max-width: 1024px) 100vw, 1024px\" \/><\/a><\/figure>\n\n\n\n<figure class=\"wp-block-image size-large\"><a href=\"https:\/\/ideopsy.fr\/index.php\/posters-2024-2025-consentement\/\"><img loading=\"lazy\" decoding=\"async\" width=\"1024\" height=\"576\" data-id=\"1232\" src=\"https:\/\/ideopsy.fr\/wp-content\/uploads\/2024\/06\/8-2-1024x576.png\" alt=\"\" class=\"wp-image-1232\" srcset=\"https:\/\/ideopsy.fr\/wp-content\/uploads\/2024\/06\/8-2-1024x576.png 1024w, https:\/\/ideopsy.fr\/wp-content\/uploads\/2024\/06\/8-2-300x169.png 300w, https:\/\/ideopsy.fr\/wp-content\/uploads\/2024\/06\/8-2-768x432.png 768w, https:\/\/ideopsy.fr\/wp-content\/uploads\/2024\/06\/8-2-1536x864.png 1536w, https:\/\/ideopsy.fr\/wp-content\/uploads\/2024\/06\/8-2-2048x1152.png 2048w\" sizes=\"auto, (max-width: 1024px) 100vw, 1024px\" \/><\/a><\/figure>\n\n\n\n<figure class=\"wp-block-image size-large\"><a href=\"https:\/\/ideopsy.fr\/index.php\/posters-2024-2025-sideration\/\" target=\"_blank\" rel=\"noopener\"><img loading=\"lazy\" decoding=\"async\" width=\"1024\" height=\"576\" data-id=\"1222\" src=\"https:\/\/ideopsy.fr\/wp-content\/uploads\/2024\/06\/9-1-1024x576.png\" alt=\"\" class=\"wp-image-1222\" srcset=\"https:\/\/ideopsy.fr\/wp-content\/uploads\/2024\/06\/9-1-1024x576.png 1024w, https:\/\/ideopsy.fr\/wp-content\/uploads\/2024\/06\/9-1-300x169.png 300w, https:\/\/ideopsy.fr\/wp-content\/uploads\/2024\/06\/9-1-768x432.png 768w, https:\/\/ideopsy.fr\/wp-content\/uploads\/2024\/06\/9-1-1536x864.png 1536w, https:\/\/ideopsy.fr\/wp-content\/uploads\/2024\/06\/9-1-2048x1152.png 2048w\" sizes=\"auto, (max-width: 1024px) 100vw, 1024px\" \/><\/a><\/figure>\n\n\n\n<figure class=\"wp-block-image size-large\"><img loading=\"lazy\" decoding=\"async\" width=\"1024\" height=\"576\" data-id=\"1400\" src=\"https:\/\/ideopsy.fr\/wp-content\/uploads\/2024\/06\/bouton-vide-1-1024x576.png\" alt=\"\" class=\"wp-image-1400\" srcset=\"https:\/\/ideopsy.fr\/wp-content\/uploads\/2024\/06\/bouton-vide-1-1024x576.png 1024w, https:\/\/ideopsy.fr\/wp-content\/uploads\/2024\/06\/bouton-vide-1-300x169.png 300w, https:\/\/ideopsy.fr\/wp-content\/uploads\/2024\/06\/bouton-vide-1-768x432.png 768w, https:\/\/ideopsy.fr\/wp-content\/uploads\/2024\/06\/bouton-vide-1-1536x864.png 1536w, https:\/\/ideopsy.fr\/wp-content\/uploads\/2024\/06\/bouton-vide-1-2048x1152.png 2048w\" sizes=\"auto, (max-width: 1024px) 100vw, 1024px\" \/><\/figure>\n\n\n\n<figure class=\"wp-block-image size-large\"><img loading=\"lazy\" decoding=\"async\" width=\"1024\" height=\"576\" data-id=\"1402\" src=\"https:\/\/ideopsy.fr\/wp-content\/uploads\/2024\/06\/bouton-vide-2-1024x576.png\" alt=\"\" class=\"wp-image-1402\" srcset=\"https:\/\/ideopsy.fr\/wp-content\/uploads\/2024\/06\/bouton-vide-2-1024x576.png 1024w, https:\/\/ideopsy.fr\/wp-content\/uploads\/2024\/06\/bouton-vide-2-300x169.png 300w, https:\/\/ideopsy.fr\/wp-content\/uploads\/2024\/06\/bouton-vide-2-768x432.png 768w, https:\/\/ideopsy.fr\/wp-content\/uploads\/2024\/06\/bouton-vide-2-1536x864.png 1536w, https:\/\/ideopsy.fr\/wp-content\/uploads\/2024\/06\/bouton-vide-2-2048x1152.png 2048w\" sizes=\"auto, (max-width: 1024px) 100vw, 1024px\" \/><\/figure>\n\n\n\n<figure class=\"wp-block-image size-large\"><img loading=\"lazy\" decoding=\"async\" width=\"1024\" height=\"576\" data-id=\"1403\" src=\"https:\/\/ideopsy.fr\/wp-content\/uploads\/2024\/06\/bouton-vide-3-1024x576.png\" alt=\"\" class=\"wp-image-1403\" srcset=\"https:\/\/ideopsy.fr\/wp-content\/uploads\/2024\/06\/bouton-vide-3-1024x576.png 1024w, https:\/\/ideopsy.fr\/wp-content\/uploads\/2024\/06\/bouton-vide-3-300x169.png 300w, https:\/\/ideopsy.fr\/wp-content\/uploads\/2024\/06\/bouton-vide-3-768x432.png 768w, https:\/\/ideopsy.fr\/wp-content\/uploads\/2024\/06\/bouton-vide-3-1536x864.png 1536w, https:\/\/ideopsy.fr\/wp-content\/uploads\/2024\/06\/bouton-vide-3-2048x1152.png 2048w\" sizes=\"auto, (max-width: 1024px) 100vw, 1024px\" \/><\/figure>\n<\/figure>\n\n\n\n<p><\/p>\n","protected":false},"excerpt":{"rendered":"<p>Vous trouverez dans les cat\u00e9gories ci-dessous tous les posters, ainsi que les slogans, cr\u00e9\u00e9s par les \u00e9l\u00e8ves de classe de seconde professionnelle, g\u00e9n\u00e9rale, technique et CAP, ayant b\u00e9n\u00e9fici\u00e9s de la sensibilisation IDEO&nbsp;durant l\u2019ann\u00e9e scolaire 2024-2025.<\/p>\n","protected":false},"author":2,"featured_media":0,"parent":0,"menu_order":0,"comment_status":"closed","ping_status":"closed","template":"","meta":{"_monsterinsights_skip_tracking":false,"_monsterinsights_sitenote_active":false,"_monsterinsights_sitenote_note":"","_monsterinsights_sitenote_category":0,"_uf_show_specific_survey":0,"_uf_disable_surveys":false,"_themeisle_gutenberg_block_has_review":false,"footnotes":""},"class_list":["post-3879","page","type-page","status-publish","hentry"],"yoast_head":"<!-- This site is optimized with the Yoast SEO plugin v24.7 - https:\/\/yoast.com\/wordpress\/plugins\/seo\/ -->\n<title>POSTERS 2024-2025 - IDEO<\/title>\n<meta name=\"description\" content=\"Vous trouverez sur cette page tous les posters, ainsi que les slogans, cr\u00e9\u00e9s par les \u00e9l\u00e8ves de classe de seconde professionnelle, g\u00e9n\u00e9rale, technique et CAP, ayant b\u00e9n\u00e9fici\u00e9s de la sensibilisation IDEO durant l\u2019ann\u00e9e scolaire 2023-2024.\" \/>\n<meta name=\"robots\" content=\"index, follow, max-snippet:-1, max-image-preview:large, max-video-preview:-1\" \/>\n<link rel=\"canonical\" href=\"https:\/\/ideopsy.fr\/index.php\/posters-2024-2025\/\" \/>\n<meta property=\"og:locale\" content=\"fr_FR\" \/>\n<meta property=\"og:type\" content=\"article\" \/>\n<meta property=\"og:title\" content=\"POSTERS 2024-2025 - IDEO\" \/>\n<meta property=\"og:description\" content=\"Vous trouverez sur cette page tous les posters, ainsi que les slogans, cr\u00e9\u00e9s par les \u00e9l\u00e8ves de classe de seconde professionnelle, g\u00e9n\u00e9rale, technique et CAP, ayant b\u00e9n\u00e9fici\u00e9s de la sensibilisation IDEO durant l\u2019ann\u00e9e scolaire 2023-2024.\" \/>\n<meta property=\"og:url\" content=\"https:\/\/ideopsy.fr\/index.php\/posters-2024-2025\/\" \/>\n<meta property=\"og:site_name\" content=\"IDEO\" \/>\n<meta property=\"article:modified_time\" content=\"2025-08-01T08:25:59+00:00\" \/>\n<meta property=\"og:image\" content=\"https:\/\/ideopsy.fr\/wp-content\/uploads\/2024\/06\/1-2-1024x576.png\" \/>\n<meta name=\"twitter:card\" content=\"summary_large_image\" \/>\n<meta name=\"twitter:label1\" content=\"Dur\u00e9e de lecture estim\u00e9e\" \/>\n\t<meta name=\"twitter:data1\" content=\"3 minutes\" \/>\n<script type=\"application\/ld+json\" class=\"yoast-schema-graph\">{\"@context\":\"https:\/\/schema.org\",\"@graph\":[{\"@type\":\"WebPage\",\"@id\":\"https:\/\/ideopsy.fr\/index.php\/posters-2024-2025\/\",\"url\":\"https:\/\/ideopsy.fr\/index.php\/posters-2024-2025\/\",\"name\":\"POSTERS 2024-2025 - IDEO\",\"isPartOf\":{\"@id\":\"https:\/\/ideopsy.fr\/#website\"},\"primaryImageOfPage\":{\"@id\":\"https:\/\/ideopsy.fr\/index.php\/posters-2024-2025\/#primaryimage\"},\"image\":{\"@id\":\"https:\/\/ideopsy.fr\/index.php\/posters-2024-2025\/#primaryimage\"},\"thumbnailUrl\":\"https:\/\/ideopsy.fr\/wp-content\/uploads\/2024\/06\/1-2-1024x576.png\",\"datePublished\":\"2025-07-30T07:25:26+00:00\",\"dateModified\":\"2025-08-01T08:25:59+00:00\",\"description\":\"Vous trouverez sur cette page tous les posters, ainsi que les slogans, cr\u00e9\u00e9s par les \u00e9l\u00e8ves de classe de seconde professionnelle, g\u00e9n\u00e9rale, technique et CAP, ayant b\u00e9n\u00e9fici\u00e9s de la sensibilisation IDEO durant l\u2019ann\u00e9e scolaire 2023-2024.\",\"breadcrumb\":{\"@id\":\"https:\/\/ideopsy.fr\/index.php\/posters-2024-2025\/#breadcrumb\"},\"inLanguage\":\"fr-FR\",\"potentialAction\":[{\"@type\":\"ReadAction\",\"target\":[\"https:\/\/ideopsy.fr\/index.php\/posters-2024-2025\/\"]}]},{\"@type\":\"ImageObject\",\"inLanguage\":\"fr-FR\",\"@id\":\"https:\/\/ideopsy.fr\/index.php\/posters-2024-2025\/#primaryimage\",\"url\":\"https:\/\/ideopsy.fr\/wp-content\/uploads\/2024\/06\/1-2.png\",\"contentUrl\":\"https:\/\/ideopsy.fr\/wp-content\/uploads\/2024\/06\/1-2.png\",\"width\":4000,\"height\":2250},{\"@type\":\"BreadcrumbList\",\"@id\":\"https:\/\/ideopsy.fr\/index.php\/posters-2024-2025\/#breadcrumb\",\"itemListElement\":[{\"@type\":\"ListItem\",\"position\":1,\"name\":\"Accueil\",\"item\":\"https:\/\/ideopsy.fr\/\"},{\"@type\":\"ListItem\",\"position\":2,\"name\":\"POSTERS 2024-2025\"}]},{\"@type\":\"WebSite\",\"@id\":\"https:\/\/ideopsy.fr\/#website\",\"url\":\"https:\/\/ideopsy.fr\/\",\"name\":\"IDEO\",\"description\":\"sante mentale des jeunes adolescents\",\"publisher\":{\"@id\":\"https:\/\/ideopsy.fr\/#organization\"},\"potentialAction\":[{\"@type\":\"SearchAction\",\"target\":{\"@type\":\"EntryPoint\",\"urlTemplate\":\"https:\/\/ideopsy.fr\/?s={search_term_string}\"},\"query-input\":{\"@type\":\"PropertyValueSpecification\",\"valueRequired\":true,\"valueName\":\"search_term_string\"}}],\"inLanguage\":\"fr-FR\"},{\"@type\":\"Organization\",\"@id\":\"https:\/\/ideopsy.fr\/#organization\",\"name\":\"IDEO\",\"url\":\"https:\/\/ideopsy.fr\/\",\"logo\":{\"@type\":\"ImageObject\",\"inLanguage\":\"fr-FR\",\"@id\":\"https:\/\/ideopsy.fr\/#\/schema\/logo\/image\/\",\"url\":\"http:\/\/ideopsy.fr\/wp-content\/uploads\/2021\/12\/cropped-page-accueil-25-100-Logo-IDEO-officiel.jpg\",\"contentUrl\":\"http:\/\/ideopsy.fr\/wp-content\/uploads\/2021\/12\/cropped-page-accueil-25-100-Logo-IDEO-officiel.jpg\",\"width\":307,\"height\":177,\"caption\":\"IDEO\"},\"image\":{\"@id\":\"https:\/\/ideopsy.fr\/#\/schema\/logo\/image\/\"}}]}<\/script>\n<!-- \/ Yoast SEO plugin. -->","yoast_head_json":{"title":"POSTERS 2024-2025 - IDEO","description":"Vous trouverez sur cette page tous les posters, ainsi que les slogans, cr\u00e9\u00e9s par les \u00e9l\u00e8ves de classe de seconde professionnelle, g\u00e9n\u00e9rale, technique et CAP, ayant b\u00e9n\u00e9fici\u00e9s de la sensibilisation IDEO durant l\u2019ann\u00e9e scolaire 2023-2024.","robots":{"index":"index","follow":"follow","max-snippet":"max-snippet:-1","max-image-preview":"max-image-preview:large","max-video-preview":"max-video-preview:-1"},"canonical":"https:\/\/ideopsy.fr\/index.php\/posters-2024-2025\/","og_locale":"fr_FR","og_type":"article","og_title":"POSTERS 2024-2025 - IDEO","og_description":"Vous trouverez sur cette page tous les posters, ainsi que les slogans, cr\u00e9\u00e9s par les \u00e9l\u00e8ves de classe de seconde professionnelle, g\u00e9n\u00e9rale, technique et CAP, ayant b\u00e9n\u00e9fici\u00e9s de la sensibilisation IDEO durant l\u2019ann\u00e9e scolaire 2023-2024.","og_url":"https:\/\/ideopsy.fr\/index.php\/posters-2024-2025\/","og_site_name":"IDEO","article_modified_time":"2025-08-01T08:25:59+00:00","og_image":[{"url":"https:\/\/ideopsy.fr\/wp-content\/uploads\/2024\/06\/1-2-1024x576.png","type":"","width":"","height":""}],"twitter_card":"summary_large_image","twitter_misc":{"Dur\u00e9e de lecture estim\u00e9e":"3 minutes"},"schema":{"@context":"https:\/\/schema.org","@graph":[{"@type":"WebPage","@id":"https:\/\/ideopsy.fr\/index.php\/posters-2024-2025\/","url":"https:\/\/ideopsy.fr\/index.php\/posters-2024-2025\/","name":"POSTERS 2024-2025 - IDEO","isPartOf":{"@id":"https:\/\/ideopsy.fr\/#website"},"primaryImageOfPage":{"@id":"https:\/\/ideopsy.fr\/index.php\/posters-2024-2025\/#primaryimage"},"image":{"@id":"https:\/\/ideopsy.fr\/index.php\/posters-2024-2025\/#primaryimage"},"thumbnailUrl":"https:\/\/ideopsy.fr\/wp-content\/uploads\/2024\/06\/1-2-1024x576.png","datePublished":"2025-07-30T07:25:26+00:00","dateModified":"2025-08-01T08:25:59+00:00","description":"Vous trouverez sur cette page tous les posters, ainsi que les slogans, cr\u00e9\u00e9s par les \u00e9l\u00e8ves de classe de seconde professionnelle, g\u00e9n\u00e9rale, technique et CAP, ayant b\u00e9n\u00e9fici\u00e9s de la sensibilisation IDEO durant l\u2019ann\u00e9e scolaire 2023-2024.","breadcrumb":{"@id":"https:\/\/ideopsy.fr\/index.php\/posters-2024-2025\/#breadcrumb"},"inLanguage":"fr-FR","potentialAction":[{"@type":"ReadAction","target":["https:\/\/ideopsy.fr\/index.php\/posters-2024-2025\/"]}]},{"@type":"ImageObject","inLanguage":"fr-FR","@id":"https:\/\/ideopsy.fr\/index.php\/posters-2024-2025\/#primaryimage","url":"https:\/\/ideopsy.fr\/wp-content\/uploads\/2024\/06\/1-2.png","contentUrl":"https:\/\/ideopsy.fr\/wp-content\/uploads\/2024\/06\/1-2.png","width":4000,"height":2250},{"@type":"BreadcrumbList","@id":"https:\/\/ideopsy.fr\/index.php\/posters-2024-2025\/#breadcrumb","itemListElement":[{"@type":"ListItem","position":1,"name":"Accueil","item":"https:\/\/ideopsy.fr\/"},{"@type":"ListItem","position":2,"name":"POSTERS 2024-2025"}]},{"@type":"WebSite","@id":"https:\/\/ideopsy.fr\/#website","url":"https:\/\/ideopsy.fr\/","name":"IDEO","description":"sante mentale des jeunes adolescents","publisher":{"@id":"https:\/\/ideopsy.fr\/#organization"},"potentialAction":[{"@type":"SearchAction","target":{"@type":"EntryPoint","urlTemplate":"https:\/\/ideopsy.fr\/?s={search_term_string}"},"query-input":{"@type":"PropertyValueSpecification","valueRequired":true,"valueName":"search_term_string"}}],"inLanguage":"fr-FR"},{"@type":"Organization","@id":"https:\/\/ideopsy.fr\/#organization","name":"IDEO","url":"https:\/\/ideopsy.fr\/","logo":{"@type":"ImageObject","inLanguage":"fr-FR","@id":"https:\/\/ideopsy.fr\/#\/schema\/logo\/image\/","url":"http:\/\/ideopsy.fr\/wp-content\/uploads\/2021\/12\/cropped-page-accueil-25-100-Logo-IDEO-officiel.jpg","contentUrl":"http:\/\/ideopsy.fr\/wp-content\/uploads\/2021\/12\/cropped-page-accueil-25-100-Logo-IDEO-officiel.jpg","width":307,"height":177,"caption":"IDEO"},"image":{"@id":"https:\/\/ideopsy.fr\/#\/schema\/logo\/image\/"}}]}},"_links":{"self":[{"href":"https:\/\/ideopsy.fr\/index.php\/wp-json\/wp\/v2\/pages\/3879","targetHints":{"allow":["GET"]}}],"collection":[{"href":"https:\/\/ideopsy.fr\/index.php\/wp-json\/wp\/v2\/pages"}],"about":[{"href":"https:\/\/ideopsy.fr\/index.php\/wp-json\/wp\/v2\/types\/page"}],"author":[{"embeddable":true,"href":"https:\/\/ideopsy.fr\/index.php\/wp-json\/wp\/v2\/users\/2"}],"replies":[{"embeddable":true,"href":"https:\/\/ideopsy.fr\/index.php\/wp-json\/wp\/v2\/comments?post=3879"}],"version-history":[{"count":12,"href":"https:\/\/ideopsy.fr\/index.php\/wp-json\/wp\/v2\/pages\/3879\/revisions"}],"predecessor-version":[{"id":4587,"href":"https:\/\/ideopsy.fr\/index.php\/wp-json\/wp\/v2\/pages\/3879\/revisions\/4587"}],"wp:attachment":[{"href":"https:\/\/ideopsy.fr\/index.php\/wp-json\/wp\/v2\/media?parent=3879"}],"curies":[{"name":"wp","href":"https:\/\/api.w.org\/{rel}","templated":true}]}}