{"id":620,"date":"2022-08-05T09:48:22","date_gmt":"2022-08-05T07:48:22","guid":{"rendered":"https:\/\/ideopsy.fr\/?page_id=620"},"modified":"2024-09-20T14:31:17","modified_gmt":"2024-09-20T12:31:17","slug":"rapport-dactivite-annee-scolaire-2021-2022","status":"publish","type":"page","link":"https:\/\/ideopsy.fr\/index.php\/rapport-dactivite-annee-scolaire-2021-2022\/","title":{"rendered":"R\u00e9sultats du dispositif"},"content":{"rendered":"\n<div data-wp-interactive=\"core\/file\" class=\"wp-block-file\"><object data-wp-bind--hidden=\"!state.hasPdfPreview\" hidden class=\"wp-block-file__embed\" data=\"https:\/\/ideopsy.fr\/wp-content\/uploads\/2024\/09\/Evolution-2022-2023-2024-IDEO-GT_PRO_Synthese-graphiques-pre-post-satisfaction.pdf\" type=\"application\/pdf\" style=\"width:100%;height:600px\" aria-label=\"Contenu embarqu\u00e9 Evolution-2022-2023-2024-IDEO-GT_PRO_Synthese-graphiques-pre-post-satisfaction.\"><\/object><a id=\"wp-block-file--media-d7f1662b-fef3-4184-978a-57660e8dc0a1\" href=\"https:\/\/ideopsy.fr\/wp-content\/uploads\/2024\/09\/Evolution-2022-2023-2024-IDEO-GT_PRO_Synthese-graphiques-pre-post-satisfaction.pdf\">Evolution-2022-2023-2024-IDEO-GT_PRO_Synthese-graphiques-pre-post-satisfaction<\/a><a href=\"https:\/\/ideopsy.fr\/wp-content\/uploads\/2024\/09\/Evolution-2022-2023-2024-IDEO-GT_PRO_Synthese-graphiques-pre-post-satisfaction.pdf\" class=\"wp-block-file__button wp-element-button\" download aria-describedby=\"wp-block-file--media-d7f1662b-fef3-4184-978a-57660e8dc0a1\">T\u00e9l\u00e9charger<\/a><\/div>\n\n\n\n<div data-wp-interactive=\"core\/file\" class=\"wp-block-file\"><object data-wp-bind--hidden=\"!state.hasPdfPreview\" hidden class=\"wp-block-file__embed\" data=\"https:\/\/ideopsy.fr\/wp-content\/uploads\/2023\/10\/Presentation-des-resultats-annee-scolaire-2022-2023.pdf\" type=\"application\/pdf\" style=\"width:100%;height:600px\" aria-label=\"Contenu embarqu\u00e9 Presentation-des-resultats-annee-scolaire-2022-2023.\"><\/object><a id=\"wp-block-file--media-94108244-a5f5-4d0f-88c6-67afa9446d5f\" href=\"https:\/\/ideopsy.fr\/wp-content\/uploads\/2023\/10\/Presentation-des-resultats-annee-scolaire-2022-2023.pdf\">Presentation-des-resultats-annee-scolaire-2022-2023<\/a><a href=\"https:\/\/ideopsy.fr\/wp-content\/uploads\/2023\/10\/Presentation-des-resultats-annee-scolaire-2022-2023.pdf\" class=\"wp-block-file__button wp-element-button\" download aria-describedby=\"wp-block-file--media-94108244-a5f5-4d0f-88c6-67afa9446d5f\">T\u00e9l\u00e9charger<\/a><\/div>\n\n\n\n<div data-wp-interactive=\"core\/file\" class=\"wp-block-file\"><object data-wp-bind--hidden=\"!state.hasPdfPreview\" hidden class=\"wp-block-file__embed\" data=\"https:\/\/ideopsy.fr\/wp-content\/uploads\/2023\/10\/Presentation-des-resultats-des-questionnaires-eleves-2022-2023.pdf\" type=\"application\/pdf\" style=\"width:100%;height:600px\" aria-label=\"Contenu embarqu\u00e9 Presentation-des-resultats-des-questionnaires-eleves-2022-2023.\"><\/object><a id=\"wp-block-file--media-3b495c0d-3ab0-4ca2-86af-462eb2bec406\" href=\"https:\/\/ideopsy.fr\/wp-content\/uploads\/2023\/10\/Presentation-des-resultats-des-questionnaires-eleves-2022-2023.pdf\">Presentation-des-resultats-des-questionnaires-eleves-2022-2023<\/a><a href=\"https:\/\/ideopsy.fr\/wp-content\/uploads\/2023\/10\/Presentation-des-resultats-des-questionnaires-eleves-2022-2023.pdf\" class=\"wp-block-file__button wp-element-button\" download aria-describedby=\"wp-block-file--media-3b495c0d-3ab0-4ca2-86af-462eb2bec406\">T\u00e9l\u00e9charger<\/a><\/div>\n\n\n\n<div data-wp-interactive=\"core\/file\" class=\"wp-block-file\"><object data-wp-bind--hidden=\"!state.hasPdfPreview\" hidden class=\"wp-block-file__embed\" data=\"https:\/\/ideopsy.fr\/wp-content\/uploads\/2022\/08\/2022_07_08_rapport-dactivite-IDEO-2021-2022-1.pdf\" type=\"application\/pdf\" style=\"width:100%;height:600px\" aria-label=\"Contenu embarqu\u00e9 Rapport d&apos;activit\u00e9 dispositif IDEO ann\u00e9e scolaire 2021 2022.\"><\/object><a id=\"wp-block-file--media-5bebf078-90a8-4bf9-976b-823239c19104\" href=\"https:\/\/ideopsy.fr\/wp-content\/uploads\/2022\/08\/2022_07_08_rapport-dactivite-IDEO-2021-2022-1.pdf\">Rapport d&rsquo;activit\u00e9 dispositif IDEO ann\u00e9e scolaire 2021 2022<\/a><a href=\"https:\/\/ideopsy.fr\/wp-content\/uploads\/2022\/08\/2022_07_08_rapport-dactivite-IDEO-2021-2022-1.pdf\" class=\"wp-block-file__button wp-element-button\" download aria-describedby=\"wp-block-file--media-5bebf078-90a8-4bf9-976b-823239c19104\">T\u00e9l\u00e9charger<\/a><\/div>\n\n\n\n<div data-wp-interactive=\"core\/file\" class=\"wp-block-file\"><object data-wp-bind--hidden=\"!state.hasPdfPreview\" hidden class=\"wp-block-file__embed\" data=\"https:\/\/ideopsy.fr\/wp-content\/uploads\/2022\/08\/annexes-rapport-d-activite-IDEO-2021-2022-pdf.pdf\" type=\"application\/pdf\" style=\"width:100%;height:600px\" aria-label=\"Contenu embarqu\u00e9 Annexes rapport d&apos;activit\u00e9 dispositif IDEO ann\u00e9e scolaire 2021 2022.\"><\/object><a id=\"wp-block-file--media-61f4c8ba-c984-4b27-bddf-8e0d25aa8ac9\" href=\"https:\/\/ideopsy.fr\/wp-content\/uploads\/2022\/08\/annexes-rapport-d-activite-IDEO-2021-2022-pdf.pdf\">Annexes rapport d&rsquo;activit\u00e9 dispositif IDEO ann\u00e9e scolaire 2021 2022<\/a><a href=\"https:\/\/ideopsy.fr\/wp-content\/uploads\/2022\/08\/annexes-rapport-d-activite-IDEO-2021-2022-pdf.pdf\" class=\"wp-block-file__button wp-element-button\" download aria-describedby=\"wp-block-file--media-61f4c8ba-c984-4b27-bddf-8e0d25aa8ac9\">T\u00e9l\u00e9charger<\/a><\/div>\n","protected":false},"excerpt":{"rendered":"","protected":false},"author":1,"featured_media":0,"parent":0,"menu_order":0,"comment_status":"closed","ping_status":"closed","template":"","meta":{"_monsterinsights_skip_tracking":false,"_monsterinsights_sitenote_active":false,"_monsterinsights_sitenote_note":"","_monsterinsights_sitenote_category":0,"_uf_show_specific_survey":0,"_uf_disable_surveys":false,"_themeisle_gutenberg_block_has_review":false,"footnotes":""},"class_list":["post-620","page","type-page","status-publish","hentry"],"yoast_head":"<!-- This site is optimized with the Yoast SEO plugin v24.7 - https:\/\/yoast.com\/wordpress\/plugins\/seo\/ -->\n<title>R\u00e9sultats du dispositif - IDEO<\/title>\n<meta name=\"robots\" content=\"index, follow, max-snippet:-1, max-image-preview:large, max-video-preview:-1\" \/>\n<link rel=\"canonical\" href=\"https:\/\/ideopsy.fr\/index.php\/rapport-dactivite-annee-scolaire-2021-2022\/\" \/>\n<meta property=\"og:locale\" content=\"fr_FR\" \/>\n<meta property=\"og:type\" content=\"article\" \/>\n<meta property=\"og:title\" content=\"R\u00e9sultats du dispositif - IDEO\" \/>\n<meta property=\"og:url\" content=\"https:\/\/ideopsy.fr\/index.php\/rapport-dactivite-annee-scolaire-2021-2022\/\" \/>\n<meta property=\"og:site_name\" content=\"IDEO\" \/>\n<meta property=\"article:modified_time\" content=\"2024-09-20T12:31:17+00:00\" \/>\n<meta name=\"twitter:card\" content=\"summary_large_image\" \/>\n<meta name=\"twitter:label1\" content=\"Dur\u00e9e de lecture estim\u00e9e\" \/>\n\t<meta name=\"twitter:data1\" content=\"1 minute\" \/>\n<script type=\"application\/ld+json\" class=\"yoast-schema-graph\">{\"@context\":\"https:\/\/schema.org\",\"@graph\":[{\"@type\":\"WebPage\",\"@id\":\"https:\/\/ideopsy.fr\/index.php\/rapport-dactivite-annee-scolaire-2021-2022\/\",\"url\":\"https:\/\/ideopsy.fr\/index.php\/rapport-dactivite-annee-scolaire-2021-2022\/\",\"name\":\"R\u00e9sultats du dispositif - IDEO\",\"isPartOf\":{\"@id\":\"https:\/\/ideopsy.fr\/#website\"},\"datePublished\":\"2022-08-05T07:48:22+00:00\",\"dateModified\":\"2024-09-20T12:31:17+00:00\",\"breadcrumb\":{\"@id\":\"https:\/\/ideopsy.fr\/index.php\/rapport-dactivite-annee-scolaire-2021-2022\/#breadcrumb\"},\"inLanguage\":\"fr-FR\",\"potentialAction\":[{\"@type\":\"ReadAction\",\"target\":[\"https:\/\/ideopsy.fr\/index.php\/rapport-dactivite-annee-scolaire-2021-2022\/\"]}]},{\"@type\":\"BreadcrumbList\",\"@id\":\"https:\/\/ideopsy.fr\/index.php\/rapport-dactivite-annee-scolaire-2021-2022\/#breadcrumb\",\"itemListElement\":[{\"@type\":\"ListItem\",\"position\":1,\"name\":\"Accueil\",\"item\":\"https:\/\/ideopsy.fr\/\"},{\"@type\":\"ListItem\",\"position\":2,\"name\":\"R\u00e9sultats du dispositif\"}]},{\"@type\":\"WebSite\",\"@id\":\"https:\/\/ideopsy.fr\/#website\",\"url\":\"https:\/\/ideopsy.fr\/\",\"name\":\"IDEO\",\"description\":\"sante mentale des jeunes adolescents\",\"publisher\":{\"@id\":\"https:\/\/ideopsy.fr\/#organization\"},\"potentialAction\":[{\"@type\":\"SearchAction\",\"target\":{\"@type\":\"EntryPoint\",\"urlTemplate\":\"https:\/\/ideopsy.fr\/?s={search_term_string}\"},\"query-input\":{\"@type\":\"PropertyValueSpecification\",\"valueRequired\":true,\"valueName\":\"search_term_string\"}}],\"inLanguage\":\"fr-FR\"},{\"@type\":\"Organization\",\"@id\":\"https:\/\/ideopsy.fr\/#organization\",\"name\":\"IDEO\",\"url\":\"https:\/\/ideopsy.fr\/\",\"logo\":{\"@type\":\"ImageObject\",\"inLanguage\":\"fr-FR\",\"@id\":\"https:\/\/ideopsy.fr\/#\/schema\/logo\/image\/\",\"url\":\"http:\/\/ideopsy.fr\/wp-content\/uploads\/2021\/12\/cropped-page-accueil-25-100-Logo-IDEO-officiel.jpg\",\"contentUrl\":\"http:\/\/ideopsy.fr\/wp-content\/uploads\/2021\/12\/cropped-page-accueil-25-100-Logo-IDEO-officiel.jpg\",\"width\":307,\"height\":177,\"caption\":\"IDEO\"},\"image\":{\"@id\":\"https:\/\/ideopsy.fr\/#\/schema\/logo\/image\/\"}}]}<\/script>\n<!-- \/ Yoast SEO plugin. -->","yoast_head_json":{"title":"R\u00e9sultats du dispositif - IDEO","robots":{"index":"index","follow":"follow","max-snippet":"max-snippet:-1","max-image-preview":"max-image-preview:large","max-video-preview":"max-video-preview:-1"},"canonical":"https:\/\/ideopsy.fr\/index.php\/rapport-dactivite-annee-scolaire-2021-2022\/","og_locale":"fr_FR","og_type":"article","og_title":"R\u00e9sultats du dispositif - IDEO","og_url":"https:\/\/ideopsy.fr\/index.php\/rapport-dactivite-annee-scolaire-2021-2022\/","og_site_name":"IDEO","article_modified_time":"2024-09-20T12:31:17+00:00","twitter_card":"summary_large_image","twitter_misc":{"Dur\u00e9e de lecture estim\u00e9e":"1 minute"},"schema":{"@context":"https:\/\/schema.org","@graph":[{"@type":"WebPage","@id":"https:\/\/ideopsy.fr\/index.php\/rapport-dactivite-annee-scolaire-2021-2022\/","url":"https:\/\/ideopsy.fr\/index.php\/rapport-dactivite-annee-scolaire-2021-2022\/","name":"R\u00e9sultats du dispositif - IDEO","isPartOf":{"@id":"https:\/\/ideopsy.fr\/#website"},"datePublished":"2022-08-05T07:48:22+00:00","dateModified":"2024-09-20T12:31:17+00:00","breadcrumb":{"@id":"https:\/\/ideopsy.fr\/index.php\/rapport-dactivite-annee-scolaire-2021-2022\/#breadcrumb"},"inLanguage":"fr-FR","potentialAction":[{"@type":"ReadAction","target":["https:\/\/ideopsy.fr\/index.php\/rapport-dactivite-annee-scolaire-2021-2022\/"]}]},{"@type":"BreadcrumbList","@id":"https:\/\/ideopsy.fr\/index.php\/rapport-dactivite-annee-scolaire-2021-2022\/#breadcrumb","itemListElement":[{"@type":"ListItem","position":1,"name":"Accueil","item":"https:\/\/ideopsy.fr\/"},{"@type":"ListItem","position":2,"name":"R\u00e9sultats du dispositif"}]},{"@type":"WebSite","@id":"https:\/\/ideopsy.fr\/#website","url":"https:\/\/ideopsy.fr\/","name":"IDEO","description":"sante mentale des jeunes adolescents","publisher":{"@id":"https:\/\/ideopsy.fr\/#organization"},"potentialAction":[{"@type":"SearchAction","target":{"@type":"EntryPoint","urlTemplate":"https:\/\/ideopsy.fr\/?s={search_term_string}"},"query-input":{"@type":"PropertyValueSpecification","valueRequired":true,"valueName":"search_term_string"}}],"inLanguage":"fr-FR"},{"@type":"Organization","@id":"https:\/\/ideopsy.fr\/#organization","name":"IDEO","url":"https:\/\/ideopsy.fr\/","logo":{"@type":"ImageObject","inLanguage":"fr-FR","@id":"https:\/\/ideopsy.fr\/#\/schema\/logo\/image\/","url":"http:\/\/ideopsy.fr\/wp-content\/uploads\/2021\/12\/cropped-page-accueil-25-100-Logo-IDEO-officiel.jpg","contentUrl":"http:\/\/ideopsy.fr\/wp-content\/uploads\/2021\/12\/cropped-page-accueil-25-100-Logo-IDEO-officiel.jpg","width":307,"height":177,"caption":"IDEO"},"image":{"@id":"https:\/\/ideopsy.fr\/#\/schema\/logo\/image\/"}}]}},"_links":{"self":[{"href":"https:\/\/ideopsy.fr\/index.php\/wp-json\/wp\/v2\/pages\/620","targetHints":{"allow":["GET"]}}],"collection":[{"href":"https:\/\/ideopsy.fr\/index.php\/wp-json\/wp\/v2\/pages"}],"about":[{"href":"https:\/\/ideopsy.fr\/index.php\/wp-json\/wp\/v2\/types\/page"}],"author":[{"embeddable":true,"href":"https:\/\/ideopsy.fr\/index.php\/wp-json\/wp\/v2\/users\/1"}],"replies":[{"embeddable":true,"href":"https:\/\/ideopsy.fr\/index.php\/wp-json\/wp\/v2\/comments?post=620"}],"version-history":[{"count":3,"href":"https:\/\/ideopsy.fr\/index.php\/wp-json\/wp\/v2\/pages\/620\/revisions"}],"predecessor-version":[{"id":3727,"href":"https:\/\/ideopsy.fr\/index.php\/wp-json\/wp\/v2\/pages\/620\/revisions\/3727"}],"wp:attachment":[{"href":"https:\/\/ideopsy.fr\/index.php\/wp-json\/wp\/v2\/media?parent=620"}],"curies":[{"name":"wp","href":"https:\/\/api.w.org\/{rel}","templated":true}]}}