{"id":668,"date":"2022-11-08T08:29:17","date_gmt":"2022-11-08T07:29:17","guid":{"rendered":"https:\/\/ideopsy.fr\/?page_id=668"},"modified":"2022-11-08T08:39:23","modified_gmt":"2022-11-08T07:39:23","slug":"3114-numero-national-de-prevention-du-suicide","status":"publish","type":"page","link":"https:\/\/ideopsy.fr\/index.php\/3114-numero-national-de-prevention-du-suicide\/","title":{"rendered":"3114 Num\u00e9ro national de pr\u00e9vention du suicide"},"content":{"rendered":"\n<div class=\"wp-block-image\"><figure class=\"aligncenter is-resized\"><img loading=\"lazy\" decoding=\"async\" src=\"https:\/\/3114.fr\/app\/uploads\/2021\/09\/Logo_def.png\" alt=\"\" width=\"233\" height=\"129\"\/><\/figure><\/div>\n\n\n\n<p class=\"has-text-align-center\"><a href=\"https:\/\/3114.fr\/\">https:\/\/3114.fr\/<\/a><\/p>\n\n\n\n<p>En France, chaque ann\u00e9e c\u2019est plus de <strong>9000<\/strong> morts par suicide, morts pour l\u2019essentiel \u00e9vitables. Le nombre de tentatives de suicide est estim\u00e9 \u00e0 <strong>200 000<\/strong> par an.<\/p>\n\n\n\n<p>En augmentant les connaissances et en d\u00e9mystifiant les tabous, nous pourrons contribuer \u00e0 une diminution du suicide.<\/p>\n\n\n\n<p>Faire <strong>savoir<\/strong> et en <strong>parler<\/strong>, <strong>c\u2019est d\u00e9j\u00e0 pr\u00e9venir<\/strong>.<\/p>\n\n\n\n<p><strong>Le suicide touche tout le monde<\/strong>, peu importe le genre, l\u2019\u00e2ge, les origines, la profession, etc.<\/p>\n\n\n\n<p>La vie est faite de hauts et de bas auxquels nous devons tous faire face.<\/p>\n\n\n\n<p>Parfois nos probl\u00e8mes sont si douloureux que nous avons du mal \u00e0 maintenir notre \u00e9quilibre psychique : violences sexuelles, agressions, soucis d\u2019argent, maladie, d\u00e9pendance, harc\u00e8lement, pression, deuil, etc.<\/p>\n\n\n\n<p>De nombreux jeunes sont en souffrance parce qu\u2019ils se sentent isol\u00e9s ou seuls, parce qu\u2019\u00eatre en vie est devenu trop difficile ou parce qu\u2019ils se sentent pi\u00e9g\u00e9s et incapables d\u2019\u00e9chapper \u00e0 leur situation.<\/p>\n\n\n\n<p>D\u2019autres \u00e9voquent un sentiment de vide int\u00e9rieur, de perte de sens li\u00e9 \u00e0 des probl\u00e8mes de sant\u00e9 mentale.<\/p>\n\n\n\n<p>Lorsque tous ces \u00e9l\u00e9ments s\u2019accumulent, nous remplissons tous un \u00ab\u202fsac \u00e0 dos \u00e9motionnel\u202f\u00bb qui s\u2019alourdit au fil du temps. Nous cheminons alors dans \u00ab\u202fun brouillard de souffrance\u202f\u00bb qui ne nous permet plus de voir les possibilit\u00e9s qui existent pour aller mieux.<\/p>\n\n\n\n<p>Le suicide appara\u00eet alors comme la seule option pour arr\u00eater de souffrir.<\/p>\n\n\n\n<p>Pourtant, avec de l\u2019aide et un soutien appropri\u00e9, il est possible de trouver des ressources auxquelles on n\u2019avait pas encore pens\u00e9 jusqu\u2019\u00e0 pr\u00e9sent.<\/p>\n\n\n\n<p>Si tu es en d\u00e9tresse, si tu as des pens\u00e9es suicidaires, si tu veux aider une personne en souffrance, tu peux contacter le num\u00e9ro national de pr\u00e9vention du suicide, le<strong> 3114<\/strong>.<\/p>\n\n\n\n<p><mark style=\"background-color:#3ce224\" class=\"has-inline-color has-black-color\">Le <strong>3114<\/strong> est accessible <strong>24h\/24<\/strong> et <strong>7j\/7<\/strong>, <strong>gratuitement<\/strong>, dans toute la France.<\/mark><\/p>\n\n\n\n<p>Un professionnel du soin, sp\u00e9cifiquement form\u00e9 \u00e0 la pr\u00e9vention du suicide, sera \u00e0 ton \u00e9coute.<\/p>\n","protected":false},"excerpt":{"rendered":"<p>https:\/\/3114.fr\/ En France, chaque ann\u00e9e c\u2019est plus de 9000 morts par suicide, morts pour l\u2019essentiel \u00e9vitables. Le nombre de tentatives de suicide est estim\u00e9 \u00e0 200 000 par an. En augmentant les connaissances et en d\u00e9mystifiant les tabous, nous pourrons contribuer \u00e0 une diminution du suicide. Faire savoir et en [&hellip;]<\/p>\n","protected":false},"author":1,"featured_media":0,"parent":0,"menu_order":0,"comment_status":"closed","ping_status":"closed","template":"","meta":{"_monsterinsights_skip_tracking":false,"_monsterinsights_sitenote_active":false,"_monsterinsights_sitenote_note":"","_monsterinsights_sitenote_category":0,"_uf_show_specific_survey":0,"_uf_disable_surveys":false,"_themeisle_gutenberg_block_has_review":false,"footnotes":""},"class_list":["post-668","page","type-page","status-publish","hentry"],"yoast_head":"<!-- This site is optimized with the Yoast SEO plugin v24.7 - https:\/\/yoast.com\/wordpress\/plugins\/seo\/ -->\n<title>3114 Num\u00e9ro national de pr\u00e9vention du suicide - IDEO<\/title>\n<meta name=\"robots\" content=\"index, follow, max-snippet:-1, max-image-preview:large, max-video-preview:-1\" \/>\n<link rel=\"canonical\" href=\"https:\/\/ideopsy.fr\/index.php\/3114-numero-national-de-prevention-du-suicide\/\" \/>\n<meta property=\"og:locale\" content=\"fr_FR\" \/>\n<meta property=\"og:type\" content=\"article\" \/>\n<meta property=\"og:title\" content=\"3114 Num\u00e9ro national de pr\u00e9vention du suicide - IDEO\" \/>\n<meta property=\"og:description\" content=\"https:\/\/3114.fr\/ En France, chaque ann\u00e9e c\u2019est plus de 9000 morts par suicide, morts pour l\u2019essentiel \u00e9vitables. Le nombre de tentatives de suicide est estim\u00e9 \u00e0 200 000 par an. En augmentant les connaissances et en d\u00e9mystifiant les tabous, nous pourrons contribuer \u00e0 une diminution du suicide. Faire savoir et en [&hellip;]\" \/>\n<meta property=\"og:url\" content=\"https:\/\/ideopsy.fr\/index.php\/3114-numero-national-de-prevention-du-suicide\/\" \/>\n<meta property=\"og:site_name\" content=\"IDEO\" \/>\n<meta property=\"article:modified_time\" content=\"2022-11-08T07:39:23+00:00\" \/>\n<meta property=\"og:image\" content=\"https:\/\/3114.fr\/app\/uploads\/2021\/09\/Logo_def.png\" \/>\n<meta name=\"twitter:card\" content=\"summary_large_image\" \/>\n<meta name=\"twitter:label1\" content=\"Dur\u00e9e de lecture estim\u00e9e\" \/>\n\t<meta name=\"twitter:data1\" content=\"2 minutes\" \/>\n<script type=\"application\/ld+json\" class=\"yoast-schema-graph\">{\"@context\":\"https:\/\/schema.org\",\"@graph\":[{\"@type\":\"WebPage\",\"@id\":\"https:\/\/ideopsy.fr\/index.php\/3114-numero-national-de-prevention-du-suicide\/\",\"url\":\"https:\/\/ideopsy.fr\/index.php\/3114-numero-national-de-prevention-du-suicide\/\",\"name\":\"3114 Num\u00e9ro national de pr\u00e9vention du suicide - IDEO\",\"isPartOf\":{\"@id\":\"https:\/\/ideopsy.fr\/#website\"},\"primaryImageOfPage\":{\"@id\":\"https:\/\/ideopsy.fr\/index.php\/3114-numero-national-de-prevention-du-suicide\/#primaryimage\"},\"image\":{\"@id\":\"https:\/\/ideopsy.fr\/index.php\/3114-numero-national-de-prevention-du-suicide\/#primaryimage\"},\"thumbnailUrl\":\"https:\/\/3114.fr\/app\/uploads\/2021\/09\/Logo_def.png\",\"datePublished\":\"2022-11-08T07:29:17+00:00\",\"dateModified\":\"2022-11-08T07:39:23+00:00\",\"breadcrumb\":{\"@id\":\"https:\/\/ideopsy.fr\/index.php\/3114-numero-national-de-prevention-du-suicide\/#breadcrumb\"},\"inLanguage\":\"fr-FR\",\"potentialAction\":[{\"@type\":\"ReadAction\",\"target\":[\"https:\/\/ideopsy.fr\/index.php\/3114-numero-national-de-prevention-du-suicide\/\"]}]},{\"@type\":\"ImageObject\",\"inLanguage\":\"fr-FR\",\"@id\":\"https:\/\/ideopsy.fr\/index.php\/3114-numero-national-de-prevention-du-suicide\/#primaryimage\",\"url\":\"https:\/\/3114.fr\/app\/uploads\/2021\/09\/Logo_def.png\",\"contentUrl\":\"https:\/\/3114.fr\/app\/uploads\/2021\/09\/Logo_def.png\"},{\"@type\":\"BreadcrumbList\",\"@id\":\"https:\/\/ideopsy.fr\/index.php\/3114-numero-national-de-prevention-du-suicide\/#breadcrumb\",\"itemListElement\":[{\"@type\":\"ListItem\",\"position\":1,\"name\":\"Accueil\",\"item\":\"https:\/\/ideopsy.fr\/\"},{\"@type\":\"ListItem\",\"position\":2,\"name\":\"3114 Num\u00e9ro national de pr\u00e9vention du suicide\"}]},{\"@type\":\"WebSite\",\"@id\":\"https:\/\/ideopsy.fr\/#website\",\"url\":\"https:\/\/ideopsy.fr\/\",\"name\":\"IDEO\",\"description\":\"sante mentale des jeunes adolescents\",\"publisher\":{\"@id\":\"https:\/\/ideopsy.fr\/#organization\"},\"potentialAction\":[{\"@type\":\"SearchAction\",\"target\":{\"@type\":\"EntryPoint\",\"urlTemplate\":\"https:\/\/ideopsy.fr\/?s={search_term_string}\"},\"query-input\":{\"@type\":\"PropertyValueSpecification\",\"valueRequired\":true,\"valueName\":\"search_term_string\"}}],\"inLanguage\":\"fr-FR\"},{\"@type\":\"Organization\",\"@id\":\"https:\/\/ideopsy.fr\/#organization\",\"name\":\"IDEO\",\"url\":\"https:\/\/ideopsy.fr\/\",\"logo\":{\"@type\":\"ImageObject\",\"inLanguage\":\"fr-FR\",\"@id\":\"https:\/\/ideopsy.fr\/#\/schema\/logo\/image\/\",\"url\":\"http:\/\/ideopsy.fr\/wp-content\/uploads\/2021\/12\/cropped-page-accueil-25-100-Logo-IDEO-officiel.jpg\",\"contentUrl\":\"http:\/\/ideopsy.fr\/wp-content\/uploads\/2021\/12\/cropped-page-accueil-25-100-Logo-IDEO-officiel.jpg\",\"width\":307,\"height\":177,\"caption\":\"IDEO\"},\"image\":{\"@id\":\"https:\/\/ideopsy.fr\/#\/schema\/logo\/image\/\"}}]}<\/script>\n<!-- \/ Yoast SEO plugin. -->","yoast_head_json":{"title":"3114 Num\u00e9ro national de pr\u00e9vention du suicide - IDEO","robots":{"index":"index","follow":"follow","max-snippet":"max-snippet:-1","max-image-preview":"max-image-preview:large","max-video-preview":"max-video-preview:-1"},"canonical":"https:\/\/ideopsy.fr\/index.php\/3114-numero-national-de-prevention-du-suicide\/","og_locale":"fr_FR","og_type":"article","og_title":"3114 Num\u00e9ro national de pr\u00e9vention du suicide - IDEO","og_description":"https:\/\/3114.fr\/ En France, chaque ann\u00e9e c\u2019est plus de 9000 morts par suicide, morts pour l\u2019essentiel \u00e9vitables. Le nombre de tentatives de suicide est estim\u00e9 \u00e0 200 000 par an. En augmentant les connaissances et en d\u00e9mystifiant les tabous, nous pourrons contribuer \u00e0 une diminution du suicide. Faire savoir et en [&hellip;]","og_url":"https:\/\/ideopsy.fr\/index.php\/3114-numero-national-de-prevention-du-suicide\/","og_site_name":"IDEO","article_modified_time":"2022-11-08T07:39:23+00:00","og_image":[{"url":"https:\/\/3114.fr\/app\/uploads\/2021\/09\/Logo_def.png","type":"","width":"","height":""}],"twitter_card":"summary_large_image","twitter_misc":{"Dur\u00e9e de lecture estim\u00e9e":"2 minutes"},"schema":{"@context":"https:\/\/schema.org","@graph":[{"@type":"WebPage","@id":"https:\/\/ideopsy.fr\/index.php\/3114-numero-national-de-prevention-du-suicide\/","url":"https:\/\/ideopsy.fr\/index.php\/3114-numero-national-de-prevention-du-suicide\/","name":"3114 Num\u00e9ro national de pr\u00e9vention du suicide - IDEO","isPartOf":{"@id":"https:\/\/ideopsy.fr\/#website"},"primaryImageOfPage":{"@id":"https:\/\/ideopsy.fr\/index.php\/3114-numero-national-de-prevention-du-suicide\/#primaryimage"},"image":{"@id":"https:\/\/ideopsy.fr\/index.php\/3114-numero-national-de-prevention-du-suicide\/#primaryimage"},"thumbnailUrl":"https:\/\/3114.fr\/app\/uploads\/2021\/09\/Logo_def.png","datePublished":"2022-11-08T07:29:17+00:00","dateModified":"2022-11-08T07:39:23+00:00","breadcrumb":{"@id":"https:\/\/ideopsy.fr\/index.php\/3114-numero-national-de-prevention-du-suicide\/#breadcrumb"},"inLanguage":"fr-FR","potentialAction":[{"@type":"ReadAction","target":["https:\/\/ideopsy.fr\/index.php\/3114-numero-national-de-prevention-du-suicide\/"]}]},{"@type":"ImageObject","inLanguage":"fr-FR","@id":"https:\/\/ideopsy.fr\/index.php\/3114-numero-national-de-prevention-du-suicide\/#primaryimage","url":"https:\/\/3114.fr\/app\/uploads\/2021\/09\/Logo_def.png","contentUrl":"https:\/\/3114.fr\/app\/uploads\/2021\/09\/Logo_def.png"},{"@type":"BreadcrumbList","@id":"https:\/\/ideopsy.fr\/index.php\/3114-numero-national-de-prevention-du-suicide\/#breadcrumb","itemListElement":[{"@type":"ListItem","position":1,"name":"Accueil","item":"https:\/\/ideopsy.fr\/"},{"@type":"ListItem","position":2,"name":"3114 Num\u00e9ro national de pr\u00e9vention du suicide"}]},{"@type":"WebSite","@id":"https:\/\/ideopsy.fr\/#website","url":"https:\/\/ideopsy.fr\/","name":"IDEO","description":"sante mentale des jeunes adolescents","publisher":{"@id":"https:\/\/ideopsy.fr\/#organization"},"potentialAction":[{"@type":"SearchAction","target":{"@type":"EntryPoint","urlTemplate":"https:\/\/ideopsy.fr\/?s={search_term_string}"},"query-input":{"@type":"PropertyValueSpecification","valueRequired":true,"valueName":"search_term_string"}}],"inLanguage":"fr-FR"},{"@type":"Organization","@id":"https:\/\/ideopsy.fr\/#organization","name":"IDEO","url":"https:\/\/ideopsy.fr\/","logo":{"@type":"ImageObject","inLanguage":"fr-FR","@id":"https:\/\/ideopsy.fr\/#\/schema\/logo\/image\/","url":"http:\/\/ideopsy.fr\/wp-content\/uploads\/2021\/12\/cropped-page-accueil-25-100-Logo-IDEO-officiel.jpg","contentUrl":"http:\/\/ideopsy.fr\/wp-content\/uploads\/2021\/12\/cropped-page-accueil-25-100-Logo-IDEO-officiel.jpg","width":307,"height":177,"caption":"IDEO"},"image":{"@id":"https:\/\/ideopsy.fr\/#\/schema\/logo\/image\/"}}]}},"_links":{"self":[{"href":"https:\/\/ideopsy.fr\/index.php\/wp-json\/wp\/v2\/pages\/668","targetHints":{"allow":["GET"]}}],"collection":[{"href":"https:\/\/ideopsy.fr\/index.php\/wp-json\/wp\/v2\/pages"}],"about":[{"href":"https:\/\/ideopsy.fr\/index.php\/wp-json\/wp\/v2\/types\/page"}],"author":[{"embeddable":true,"href":"https:\/\/ideopsy.fr\/index.php\/wp-json\/wp\/v2\/users\/1"}],"replies":[{"embeddable":true,"href":"https:\/\/ideopsy.fr\/index.php\/wp-json\/wp\/v2\/comments?post=668"}],"version-history":[{"count":3,"href":"https:\/\/ideopsy.fr\/index.php\/wp-json\/wp\/v2\/pages\/668\/revisions"}],"predecessor-version":[{"id":673,"href":"https:\/\/ideopsy.fr\/index.php\/wp-json\/wp\/v2\/pages\/668\/revisions\/673"}],"wp:attachment":[{"href":"https:\/\/ideopsy.fr\/index.php\/wp-json\/wp\/v2\/media?parent=668"}],"curies":[{"name":"wp","href":"https:\/\/api.w.org\/{rel}","templated":true}]}}