{"id":706,"date":"2022-11-30T08:23:52","date_gmt":"2022-11-30T07:23:52","guid":{"rendered":"https:\/\/ideopsy.fr\/?page_id=706"},"modified":"2023-11-06T07:44:54","modified_gmt":"2023-11-06T06:44:54","slug":"sensibilisation-pour-les-professionnels","status":"publish","type":"page","link":"https:\/\/ideopsy.fr\/index.php\/sensibilisation-pour-les-professionnels\/","title":{"rendered":"SENSIBILISATION POUR LES PROFESSIONNELS"},"content":{"rendered":"\n<p class=\"has-text-align-center\"><strong>Le dispositif IDEO vous propose une formation gratuite sur&nbsp;:&nbsp;<\/strong><\/p>\n\n\n\n<p class=\"has-text-align-center\" style=\"font-size:28px\"><strong>La sant\u00e9 mentale des adolescents, le rep\u00e9rage et l\u2019orientation des \u00e9l\u00e8ves en situation de souffrance psychique<\/strong><\/p>\n\n\n\n<p class=\"has-text-align-center\"><em>Formation anim\u00e9e par un psychiatre  de l\u2019EPSMA<\/em><\/p>\n\n\n\n<div data-wp-interactive=\"core\/file\" class=\"wp-block-file\"><object data-wp-bind--hidden=\"!state.hasPdfPreview\" hidden class=\"wp-block-file__embed\" data=\"https:\/\/ideopsy.fr\/wp-content\/uploads\/2023\/11\/2023-2024-Presentation-Pro.pdf\" type=\"application\/pdf\" style=\"width:100%;height:600px\" aria-label=\"Contenu embarqu\u00e9 Contenu embarqu\u00e9 2023-2024-Presentation-Pro..\"><\/object><a id=\"wp-block-file--media-b62ae180-1664-4054-8658-669675ec18a9\" href=\"https:\/\/ideopsy.fr\/wp-content\/uploads\/2023\/11\/2023-2024-Presentation-Pro.pdf\">2023-2024-Presentation-Pro<\/a><a href=\"https:\/\/ideopsy.fr\/wp-content\/uploads\/2023\/11\/2023-2024-Presentation-Pro.pdf\" class=\"wp-block-file__button\" download aria-describedby=\"wp-block-file--media-b62ae180-1664-4054-8658-669675ec18a9\">T\u00e9l\u00e9charger<\/a><\/div>\n\n\n\n<p>Pour tous renseignements compl\u00e9mentaires :&nbsp;<a href=\"mailto:pierrick.deniaud@hcs-sante.fr\" target=\"_blank\" rel=\"noreferrer noopener\">pierrick.deniaud@hcs-sante.fr<\/a><\/p>\n","protected":false},"excerpt":{"rendered":"<p>Le dispositif IDEO vous propose une formation gratuite sur&nbsp;:&nbsp; La sant\u00e9 mentale des adolescents, le rep\u00e9rage et l\u2019orientation des \u00e9l\u00e8ves en situation de souffrance psychique Formation anim\u00e9e par un psychiatre de l\u2019EPSMA Pour tous renseignements compl\u00e9mentaires :&nbsp;pierrick.deniaud@hcs-sante.fr<\/p>\n","protected":false},"author":1,"featured_media":0,"parent":0,"menu_order":0,"comment_status":"closed","ping_status":"closed","template":"","meta":{"_monsterinsights_skip_tracking":false,"_monsterinsights_sitenote_active":false,"_monsterinsights_sitenote_note":"","_monsterinsights_sitenote_category":0,"_uf_show_specific_survey":0,"_uf_disable_surveys":false,"_themeisle_gutenberg_block_has_review":false,"footnotes":""},"class_list":["post-706","page","type-page","status-publish","hentry"],"yoast_head":"<!-- This site is optimized with the Yoast SEO plugin v24.7 - https:\/\/yoast.com\/wordpress\/plugins\/seo\/ -->\n<title>SENSIBILISATION POUR LES PROFESSIONNELS - IDEO<\/title>\n<meta name=\"robots\" content=\"index, follow, max-snippet:-1, max-image-preview:large, max-video-preview:-1\" \/>\n<link rel=\"canonical\" href=\"https:\/\/ideopsy.fr\/index.php\/sensibilisation-pour-les-professionnels\/\" \/>\n<meta property=\"og:locale\" content=\"fr_FR\" \/>\n<meta property=\"og:type\" content=\"article\" \/>\n<meta property=\"og:title\" content=\"SENSIBILISATION POUR LES PROFESSIONNELS - IDEO\" \/>\n<meta property=\"og:description\" content=\"Le dispositif IDEO vous propose une formation gratuite sur&nbsp;:&nbsp; La sant\u00e9 mentale des adolescents, le rep\u00e9rage et l\u2019orientation des \u00e9l\u00e8ves en situation de souffrance psychique Formation anim\u00e9e par un psychiatre de l\u2019EPSMA Pour tous renseignements compl\u00e9mentaires :&nbsp;pierrick.deniaud@hcs-sante.fr\" \/>\n<meta property=\"og:url\" content=\"https:\/\/ideopsy.fr\/index.php\/sensibilisation-pour-les-professionnels\/\" \/>\n<meta property=\"og:site_name\" content=\"IDEO\" \/>\n<meta property=\"article:modified_time\" content=\"2023-11-06T06:44:54+00:00\" \/>\n<meta name=\"twitter:card\" content=\"summary_large_image\" \/>\n<meta name=\"twitter:label1\" content=\"Dur\u00e9e de lecture estim\u00e9e\" \/>\n\t<meta name=\"twitter:data1\" content=\"1 minute\" \/>\n<script type=\"application\/ld+json\" class=\"yoast-schema-graph\">{\"@context\":\"https:\/\/schema.org\",\"@graph\":[{\"@type\":\"WebPage\",\"@id\":\"https:\/\/ideopsy.fr\/index.php\/sensibilisation-pour-les-professionnels\/\",\"url\":\"https:\/\/ideopsy.fr\/index.php\/sensibilisation-pour-les-professionnels\/\",\"name\":\"SENSIBILISATION POUR LES PROFESSIONNELS - IDEO\",\"isPartOf\":{\"@id\":\"https:\/\/ideopsy.fr\/#website\"},\"datePublished\":\"2022-11-30T07:23:52+00:00\",\"dateModified\":\"2023-11-06T06:44:54+00:00\",\"breadcrumb\":{\"@id\":\"https:\/\/ideopsy.fr\/index.php\/sensibilisation-pour-les-professionnels\/#breadcrumb\"},\"inLanguage\":\"fr-FR\",\"potentialAction\":[{\"@type\":\"ReadAction\",\"target\":[\"https:\/\/ideopsy.fr\/index.php\/sensibilisation-pour-les-professionnels\/\"]}]},{\"@type\":\"BreadcrumbList\",\"@id\":\"https:\/\/ideopsy.fr\/index.php\/sensibilisation-pour-les-professionnels\/#breadcrumb\",\"itemListElement\":[{\"@type\":\"ListItem\",\"position\":1,\"name\":\"Accueil\",\"item\":\"https:\/\/ideopsy.fr\/\"},{\"@type\":\"ListItem\",\"position\":2,\"name\":\"SENSIBILISATION POUR LES PROFESSIONNELS\"}]},{\"@type\":\"WebSite\",\"@id\":\"https:\/\/ideopsy.fr\/#website\",\"url\":\"https:\/\/ideopsy.fr\/\",\"name\":\"IDEO\",\"description\":\"sante mentale des jeunes adolescents\",\"publisher\":{\"@id\":\"https:\/\/ideopsy.fr\/#organization\"},\"potentialAction\":[{\"@type\":\"SearchAction\",\"target\":{\"@type\":\"EntryPoint\",\"urlTemplate\":\"https:\/\/ideopsy.fr\/?s={search_term_string}\"},\"query-input\":{\"@type\":\"PropertyValueSpecification\",\"valueRequired\":true,\"valueName\":\"search_term_string\"}}],\"inLanguage\":\"fr-FR\"},{\"@type\":\"Organization\",\"@id\":\"https:\/\/ideopsy.fr\/#organization\",\"name\":\"IDEO\",\"url\":\"https:\/\/ideopsy.fr\/\",\"logo\":{\"@type\":\"ImageObject\",\"inLanguage\":\"fr-FR\",\"@id\":\"https:\/\/ideopsy.fr\/#\/schema\/logo\/image\/\",\"url\":\"http:\/\/ideopsy.fr\/wp-content\/uploads\/2021\/12\/cropped-page-accueil-25-100-Logo-IDEO-officiel.jpg\",\"contentUrl\":\"http:\/\/ideopsy.fr\/wp-content\/uploads\/2021\/12\/cropped-page-accueil-25-100-Logo-IDEO-officiel.jpg\",\"width\":307,\"height\":177,\"caption\":\"IDEO\"},\"image\":{\"@id\":\"https:\/\/ideopsy.fr\/#\/schema\/logo\/image\/\"}}]}<\/script>\n<!-- \/ Yoast SEO plugin. -->","yoast_head_json":{"title":"SENSIBILISATION POUR LES PROFESSIONNELS - IDEO","robots":{"index":"index","follow":"follow","max-snippet":"max-snippet:-1","max-image-preview":"max-image-preview:large","max-video-preview":"max-video-preview:-1"},"canonical":"https:\/\/ideopsy.fr\/index.php\/sensibilisation-pour-les-professionnels\/","og_locale":"fr_FR","og_type":"article","og_title":"SENSIBILISATION POUR LES PROFESSIONNELS - IDEO","og_description":"Le dispositif IDEO vous propose une formation gratuite sur&nbsp;:&nbsp; La sant\u00e9 mentale des adolescents, le rep\u00e9rage et l\u2019orientation des \u00e9l\u00e8ves en situation de souffrance psychique Formation anim\u00e9e par un psychiatre de l\u2019EPSMA Pour tous renseignements compl\u00e9mentaires :&nbsp;pierrick.deniaud@hcs-sante.fr","og_url":"https:\/\/ideopsy.fr\/index.php\/sensibilisation-pour-les-professionnels\/","og_site_name":"IDEO","article_modified_time":"2023-11-06T06:44:54+00:00","twitter_card":"summary_large_image","twitter_misc":{"Dur\u00e9e de lecture estim\u00e9e":"1 minute"},"schema":{"@context":"https:\/\/schema.org","@graph":[{"@type":"WebPage","@id":"https:\/\/ideopsy.fr\/index.php\/sensibilisation-pour-les-professionnels\/","url":"https:\/\/ideopsy.fr\/index.php\/sensibilisation-pour-les-professionnels\/","name":"SENSIBILISATION POUR LES PROFESSIONNELS - IDEO","isPartOf":{"@id":"https:\/\/ideopsy.fr\/#website"},"datePublished":"2022-11-30T07:23:52+00:00","dateModified":"2023-11-06T06:44:54+00:00","breadcrumb":{"@id":"https:\/\/ideopsy.fr\/index.php\/sensibilisation-pour-les-professionnels\/#breadcrumb"},"inLanguage":"fr-FR","potentialAction":[{"@type":"ReadAction","target":["https:\/\/ideopsy.fr\/index.php\/sensibilisation-pour-les-professionnels\/"]}]},{"@type":"BreadcrumbList","@id":"https:\/\/ideopsy.fr\/index.php\/sensibilisation-pour-les-professionnels\/#breadcrumb","itemListElement":[{"@type":"ListItem","position":1,"name":"Accueil","item":"https:\/\/ideopsy.fr\/"},{"@type":"ListItem","position":2,"name":"SENSIBILISATION POUR LES PROFESSIONNELS"}]},{"@type":"WebSite","@id":"https:\/\/ideopsy.fr\/#website","url":"https:\/\/ideopsy.fr\/","name":"IDEO","description":"sante mentale des jeunes adolescents","publisher":{"@id":"https:\/\/ideopsy.fr\/#organization"},"potentialAction":[{"@type":"SearchAction","target":{"@type":"EntryPoint","urlTemplate":"https:\/\/ideopsy.fr\/?s={search_term_string}"},"query-input":{"@type":"PropertyValueSpecification","valueRequired":true,"valueName":"search_term_string"}}],"inLanguage":"fr-FR"},{"@type":"Organization","@id":"https:\/\/ideopsy.fr\/#organization","name":"IDEO","url":"https:\/\/ideopsy.fr\/","logo":{"@type":"ImageObject","inLanguage":"fr-FR","@id":"https:\/\/ideopsy.fr\/#\/schema\/logo\/image\/","url":"http:\/\/ideopsy.fr\/wp-content\/uploads\/2021\/12\/cropped-page-accueil-25-100-Logo-IDEO-officiel.jpg","contentUrl":"http:\/\/ideopsy.fr\/wp-content\/uploads\/2021\/12\/cropped-page-accueil-25-100-Logo-IDEO-officiel.jpg","width":307,"height":177,"caption":"IDEO"},"image":{"@id":"https:\/\/ideopsy.fr\/#\/schema\/logo\/image\/"}}]}},"_links":{"self":[{"href":"https:\/\/ideopsy.fr\/index.php\/wp-json\/wp\/v2\/pages\/706","targetHints":{"allow":["GET"]}}],"collection":[{"href":"https:\/\/ideopsy.fr\/index.php\/wp-json\/wp\/v2\/pages"}],"about":[{"href":"https:\/\/ideopsy.fr\/index.php\/wp-json\/wp\/v2\/types\/page"}],"author":[{"embeddable":true,"href":"https:\/\/ideopsy.fr\/index.php\/wp-json\/wp\/v2\/users\/1"}],"replies":[{"embeddable":true,"href":"https:\/\/ideopsy.fr\/index.php\/wp-json\/wp\/v2\/comments?post=706"}],"version-history":[{"count":2,"href":"https:\/\/ideopsy.fr\/index.php\/wp-json\/wp\/v2\/pages\/706\/revisions"}],"predecessor-version":[{"id":1136,"href":"https:\/\/ideopsy.fr\/index.php\/wp-json\/wp\/v2\/pages\/706\/revisions\/1136"}],"wp:attachment":[{"href":"https:\/\/ideopsy.fr\/index.php\/wp-json\/wp\/v2\/media?parent=706"}],"curies":[{"name":"wp","href":"https:\/\/api.w.org\/{rel}","templated":true}]}}