{"id":79,"date":"2021-12-13T08:28:48","date_gmt":"2021-12-13T07:28:48","guid":{"rendered":"https:\/\/ideopsy.fr\/?page_id=79"},"modified":"2021-12-15T15:51:36","modified_gmt":"2021-12-15T14:51:36","slug":"fil-sante-jeunes","status":"publish","type":"page","link":"https:\/\/ideopsy.fr\/index.php\/fil-sante-jeunes\/","title":{"rendered":"FIL SANTE JEUNES"},"content":{"rendered":"\n<div class=\"wp-block-image is-style-rounded\"><figure class=\"aligncenter size-large is-resized\"><img loading=\"lazy\" decoding=\"async\" src=\"https:\/\/ideopsy.fr\/wp-content\/uploads\/2021\/12\/FSJ-1-edited.jpg\" alt=\"\" class=\"wp-image-92\" width=\"307\" height=\"192\" srcset=\"https:\/\/ideopsy.fr\/wp-content\/uploads\/2021\/12\/FSJ-1-edited.jpg 1228w, https:\/\/ideopsy.fr\/wp-content\/uploads\/2021\/12\/FSJ-1-edited-300x188.jpg 300w, https:\/\/ideopsy.fr\/wp-content\/uploads\/2021\/12\/FSJ-1-edited-1024x640.jpg 1024w, https:\/\/ideopsy.fr\/wp-content\/uploads\/2021\/12\/FSJ-1-edited-768x480.jpg 768w\" sizes=\"auto, (max-width: 307px) 100vw, 307px\" \/><figcaption><a href=\"http:\/\/filsantejeunes.com\" target=\"_blank\" rel=\"noreferrer noopener\">http:\/\/filsantejeunes.com<\/a><\/figcaption><\/figure><\/div>\n\n\n\n<p class=\"has-text-align-center has-text-color\" style=\"color:#228051\"><strong>#Ecoute #Information #Orientation #Gratuit #Anonyme #T\u00e9l\u00e9phone #Chat #Forum #Probl\u00e8meAdo #Sant\u00e9<\/strong><\/p>\n\n\n\n<div class=\"wp-block-image is-style-default\"><figure class=\"aligncenter size-large is-resized\"><img loading=\"lazy\" decoding=\"async\" src=\"http:\/\/ideopsy.fr\/wp-content\/uploads\/2021\/12\/flyer-fsj-1024x723.jpg\" alt=\"\" class=\"wp-image-137\" width=\"768\" height=\"542\" srcset=\"https:\/\/ideopsy.fr\/wp-content\/uploads\/2021\/12\/flyer-fsj-1024x723.jpg 1024w, https:\/\/ideopsy.fr\/wp-content\/uploads\/2021\/12\/flyer-fsj-300x212.jpg 300w, https:\/\/ideopsy.fr\/wp-content\/uploads\/2021\/12\/flyer-fsj-768x542.jpg 768w, https:\/\/ideopsy.fr\/wp-content\/uploads\/2021\/12\/flyer-fsj-1536x1085.jpg 1536w, https:\/\/ideopsy.fr\/wp-content\/uploads\/2021\/12\/flyer-fsj-2048x1446.jpg 2048w, https:\/\/ideopsy.fr\/wp-content\/uploads\/2021\/12\/flyer-fsj-1568x1107.jpg 1568w\" sizes=\"auto, (max-width: 768px) 100vw, 768px\" \/><\/figure><\/div>\n","protected":false},"excerpt":{"rendered":"<p>#Ecoute #Information #Orientation #Gratuit #Anonyme #T\u00e9l\u00e9phone #Chat #Forum #Probl\u00e8meAdo #Sant\u00e9<\/p>\n","protected":false},"author":1,"featured_media":0,"parent":0,"menu_order":0,"comment_status":"closed","ping_status":"closed","template":"elementor_theme","meta":{"_monsterinsights_skip_tracking":false,"_monsterinsights_sitenote_active":false,"_monsterinsights_sitenote_note":"","_monsterinsights_sitenote_category":0,"_uf_show_specific_survey":0,"_uf_disable_surveys":false,"_themeisle_gutenberg_block_has_review":false,"footnotes":""},"class_list":["post-79","page","type-page","status-publish","hentry"],"yoast_head":"<!-- This site is optimized with the Yoast SEO plugin v24.7 - https:\/\/yoast.com\/wordpress\/plugins\/seo\/ -->\n<title>FIL SANTE JEUNES - IDEO<\/title>\n<meta name=\"robots\" content=\"index, follow, max-snippet:-1, max-image-preview:large, max-video-preview:-1\" \/>\n<link rel=\"canonical\" href=\"https:\/\/ideopsy.fr\/index.php\/fil-sante-jeunes\/\" \/>\n<meta property=\"og:locale\" content=\"fr_FR\" \/>\n<meta property=\"og:type\" content=\"article\" \/>\n<meta property=\"og:title\" content=\"FIL SANTE JEUNES - IDEO\" \/>\n<meta property=\"og:description\" content=\"#Ecoute #Information #Orientation #Gratuit #Anonyme #T\u00e9l\u00e9phone #Chat #Forum #Probl\u00e8meAdo #Sant\u00e9\" \/>\n<meta property=\"og:url\" content=\"https:\/\/ideopsy.fr\/index.php\/fil-sante-jeunes\/\" \/>\n<meta property=\"og:site_name\" content=\"IDEO\" \/>\n<meta property=\"article:modified_time\" content=\"2021-12-15T14:51:36+00:00\" \/>\n<meta property=\"og:image\" content=\"https:\/\/ideopsy.fr\/wp-content\/uploads\/2021\/12\/FSJ-1-edited.jpg\" \/>\n<meta name=\"twitter:card\" content=\"summary_large_image\" \/>\n<script type=\"application\/ld+json\" class=\"yoast-schema-graph\">{\"@context\":\"https:\/\/schema.org\",\"@graph\":[{\"@type\":\"WebPage\",\"@id\":\"https:\/\/ideopsy.fr\/index.php\/fil-sante-jeunes\/\",\"url\":\"https:\/\/ideopsy.fr\/index.php\/fil-sante-jeunes\/\",\"name\":\"FIL SANTE JEUNES - IDEO\",\"isPartOf\":{\"@id\":\"https:\/\/ideopsy.fr\/#website\"},\"primaryImageOfPage\":{\"@id\":\"https:\/\/ideopsy.fr\/index.php\/fil-sante-jeunes\/#primaryimage\"},\"image\":{\"@id\":\"https:\/\/ideopsy.fr\/index.php\/fil-sante-jeunes\/#primaryimage\"},\"thumbnailUrl\":\"https:\/\/ideopsy.fr\/wp-content\/uploads\/2021\/12\/FSJ-1-edited.jpg\",\"datePublished\":\"2021-12-13T07:28:48+00:00\",\"dateModified\":\"2021-12-15T14:51:36+00:00\",\"breadcrumb\":{\"@id\":\"https:\/\/ideopsy.fr\/index.php\/fil-sante-jeunes\/#breadcrumb\"},\"inLanguage\":\"fr-FR\",\"potentialAction\":[{\"@type\":\"ReadAction\",\"target\":[\"https:\/\/ideopsy.fr\/index.php\/fil-sante-jeunes\/\"]}]},{\"@type\":\"ImageObject\",\"inLanguage\":\"fr-FR\",\"@id\":\"https:\/\/ideopsy.fr\/index.php\/fil-sante-jeunes\/#primaryimage\",\"url\":\"https:\/\/ideopsy.fr\/wp-content\/uploads\/2021\/12\/FSJ-1-edited.jpg\",\"contentUrl\":\"https:\/\/ideopsy.fr\/wp-content\/uploads\/2021\/12\/FSJ-1-edited.jpg\",\"width\":1228,\"height\":768},{\"@type\":\"BreadcrumbList\",\"@id\":\"https:\/\/ideopsy.fr\/index.php\/fil-sante-jeunes\/#breadcrumb\",\"itemListElement\":[{\"@type\":\"ListItem\",\"position\":1,\"name\":\"Accueil\",\"item\":\"https:\/\/ideopsy.fr\/\"},{\"@type\":\"ListItem\",\"position\":2,\"name\":\"FIL SANTE JEUNES\"}]},{\"@type\":\"WebSite\",\"@id\":\"https:\/\/ideopsy.fr\/#website\",\"url\":\"https:\/\/ideopsy.fr\/\",\"name\":\"IDEO\",\"description\":\"sante mentale des jeunes adolescents\",\"publisher\":{\"@id\":\"https:\/\/ideopsy.fr\/#organization\"},\"potentialAction\":[{\"@type\":\"SearchAction\",\"target\":{\"@type\":\"EntryPoint\",\"urlTemplate\":\"https:\/\/ideopsy.fr\/?s={search_term_string}\"},\"query-input\":{\"@type\":\"PropertyValueSpecification\",\"valueRequired\":true,\"valueName\":\"search_term_string\"}}],\"inLanguage\":\"fr-FR\"},{\"@type\":\"Organization\",\"@id\":\"https:\/\/ideopsy.fr\/#organization\",\"name\":\"IDEO\",\"url\":\"https:\/\/ideopsy.fr\/\",\"logo\":{\"@type\":\"ImageObject\",\"inLanguage\":\"fr-FR\",\"@id\":\"https:\/\/ideopsy.fr\/#\/schema\/logo\/image\/\",\"url\":\"http:\/\/ideopsy.fr\/wp-content\/uploads\/2021\/12\/cropped-page-accueil-25-100-Logo-IDEO-officiel.jpg\",\"contentUrl\":\"http:\/\/ideopsy.fr\/wp-content\/uploads\/2021\/12\/cropped-page-accueil-25-100-Logo-IDEO-officiel.jpg\",\"width\":307,\"height\":177,\"caption\":\"IDEO\"},\"image\":{\"@id\":\"https:\/\/ideopsy.fr\/#\/schema\/logo\/image\/\"}}]}<\/script>\n<!-- \/ Yoast SEO plugin. -->","yoast_head_json":{"title":"FIL SANTE JEUNES - IDEO","robots":{"index":"index","follow":"follow","max-snippet":"max-snippet:-1","max-image-preview":"max-image-preview:large","max-video-preview":"max-video-preview:-1"},"canonical":"https:\/\/ideopsy.fr\/index.php\/fil-sante-jeunes\/","og_locale":"fr_FR","og_type":"article","og_title":"FIL SANTE JEUNES - IDEO","og_description":"#Ecoute #Information #Orientation #Gratuit #Anonyme #T\u00e9l\u00e9phone #Chat #Forum #Probl\u00e8meAdo #Sant\u00e9","og_url":"https:\/\/ideopsy.fr\/index.php\/fil-sante-jeunes\/","og_site_name":"IDEO","article_modified_time":"2021-12-15T14:51:36+00:00","og_image":[{"url":"https:\/\/ideopsy.fr\/wp-content\/uploads\/2021\/12\/FSJ-1-edited.jpg","type":"","width":"","height":""}],"twitter_card":"summary_large_image","schema":{"@context":"https:\/\/schema.org","@graph":[{"@type":"WebPage","@id":"https:\/\/ideopsy.fr\/index.php\/fil-sante-jeunes\/","url":"https:\/\/ideopsy.fr\/index.php\/fil-sante-jeunes\/","name":"FIL SANTE JEUNES - IDEO","isPartOf":{"@id":"https:\/\/ideopsy.fr\/#website"},"primaryImageOfPage":{"@id":"https:\/\/ideopsy.fr\/index.php\/fil-sante-jeunes\/#primaryimage"},"image":{"@id":"https:\/\/ideopsy.fr\/index.php\/fil-sante-jeunes\/#primaryimage"},"thumbnailUrl":"https:\/\/ideopsy.fr\/wp-content\/uploads\/2021\/12\/FSJ-1-edited.jpg","datePublished":"2021-12-13T07:28:48+00:00","dateModified":"2021-12-15T14:51:36+00:00","breadcrumb":{"@id":"https:\/\/ideopsy.fr\/index.php\/fil-sante-jeunes\/#breadcrumb"},"inLanguage":"fr-FR","potentialAction":[{"@type":"ReadAction","target":["https:\/\/ideopsy.fr\/index.php\/fil-sante-jeunes\/"]}]},{"@type":"ImageObject","inLanguage":"fr-FR","@id":"https:\/\/ideopsy.fr\/index.php\/fil-sante-jeunes\/#primaryimage","url":"https:\/\/ideopsy.fr\/wp-content\/uploads\/2021\/12\/FSJ-1-edited.jpg","contentUrl":"https:\/\/ideopsy.fr\/wp-content\/uploads\/2021\/12\/FSJ-1-edited.jpg","width":1228,"height":768},{"@type":"BreadcrumbList","@id":"https:\/\/ideopsy.fr\/index.php\/fil-sante-jeunes\/#breadcrumb","itemListElement":[{"@type":"ListItem","position":1,"name":"Accueil","item":"https:\/\/ideopsy.fr\/"},{"@type":"ListItem","position":2,"name":"FIL SANTE JEUNES"}]},{"@type":"WebSite","@id":"https:\/\/ideopsy.fr\/#website","url":"https:\/\/ideopsy.fr\/","name":"IDEO","description":"sante mentale des jeunes adolescents","publisher":{"@id":"https:\/\/ideopsy.fr\/#organization"},"potentialAction":[{"@type":"SearchAction","target":{"@type":"EntryPoint","urlTemplate":"https:\/\/ideopsy.fr\/?s={search_term_string}"},"query-input":{"@type":"PropertyValueSpecification","valueRequired":true,"valueName":"search_term_string"}}],"inLanguage":"fr-FR"},{"@type":"Organization","@id":"https:\/\/ideopsy.fr\/#organization","name":"IDEO","url":"https:\/\/ideopsy.fr\/","logo":{"@type":"ImageObject","inLanguage":"fr-FR","@id":"https:\/\/ideopsy.fr\/#\/schema\/logo\/image\/","url":"http:\/\/ideopsy.fr\/wp-content\/uploads\/2021\/12\/cropped-page-accueil-25-100-Logo-IDEO-officiel.jpg","contentUrl":"http:\/\/ideopsy.fr\/wp-content\/uploads\/2021\/12\/cropped-page-accueil-25-100-Logo-IDEO-officiel.jpg","width":307,"height":177,"caption":"IDEO"},"image":{"@id":"https:\/\/ideopsy.fr\/#\/schema\/logo\/image\/"}}]}},"_links":{"self":[{"href":"https:\/\/ideopsy.fr\/index.php\/wp-json\/wp\/v2\/pages\/79","targetHints":{"allow":["GET"]}}],"collection":[{"href":"https:\/\/ideopsy.fr\/index.php\/wp-json\/wp\/v2\/pages"}],"about":[{"href":"https:\/\/ideopsy.fr\/index.php\/wp-json\/wp\/v2\/types\/page"}],"author":[{"embeddable":true,"href":"https:\/\/ideopsy.fr\/index.php\/wp-json\/wp\/v2\/users\/1"}],"replies":[{"embeddable":true,"href":"https:\/\/ideopsy.fr\/index.php\/wp-json\/wp\/v2\/comments?post=79"}],"version-history":[{"count":9,"href":"https:\/\/ideopsy.fr\/index.php\/wp-json\/wp\/v2\/pages\/79\/revisions"}],"predecessor-version":[{"id":180,"href":"https:\/\/ideopsy.fr\/index.php\/wp-json\/wp\/v2\/pages\/79\/revisions\/180"}],"wp:attachment":[{"href":"https:\/\/ideopsy.fr\/index.php\/wp-json\/wp\/v2\/media?parent=79"}],"curies":[{"name":"wp","href":"https:\/\/api.w.org\/{rel}","templated":true}]}}