{"id":86,"date":"2021-12-14T08:27:39","date_gmt":"2021-12-14T07:27:39","guid":{"rendered":"https:\/\/ideopsy.fr\/?page_id=86"},"modified":"2023-01-18T16:21:24","modified_gmt":"2023-01-18T15:21:24","slug":"maison-de-ladolescence-de-laube","status":"publish","type":"page","link":"https:\/\/ideopsy.fr\/index.php\/maison-de-ladolescence-de-laube\/","title":{"rendered":"MAISON DE L&rsquo;ADOLESCENCE DE L&rsquo;AUBE"},"content":{"rendered":"\n<div class=\"wp-block-image\"><figure class=\"aligncenter size-full\"><img loading=\"lazy\" decoding=\"async\" width=\"220\" height=\"146\" src=\"https:\/\/ideopsy.fr\/wp-content\/uploads\/2021\/12\/MDA-Aube.jpg\" alt=\"\" class=\"wp-image-87\"\/><\/figure><\/div>\n\n\n\n<p class=\"has-text-align-center has-text-color\" style=\"color:#228051\"><strong>#Adolescents #Informer #Accueillir #Echanger #Conseiller #Aider #Ecouter<\/strong><\/p>\n\n\n\n<p class=\"has-text-align-center\"><a rel=\"noreferrer noopener\" href=\"http:\/\/www.maison-adolescence-aube.fr\/\" target=\"_blank\">http:\/\/www.maison-adolescence-aube.fr\/<\/a><\/p>\n\n\n\n<p><\/p>\n\n\n\n<p class=\"has-text-align-center has-black-color has-text-color\">La Maison de l\u2019adolescence de l\u2019Aube, propose un <strong>accueil gratuit et confidentiel des jeunes de 11 \u00e0 21 ans, et\/ou leur famille<\/strong> et\/ou les professionnels qui les c\u00f4toient. Toutes les personnes sont re\u00e7ues par un bin\u00f4me d\u2019infirmier (\u00e8re) et \u00e9ducateur (trice) sp\u00e9cialis\u00e9(e)s. Ce bin\u00f4me tente de construire avec les personnes re\u00e7ues, les r\u00e9ponses \u00e0 <strong>toutes les questions qui se posent \u00e0 l\u2019adolescence <\/strong>(\u00e9ducation, scolarit\u00e9, sant\u00e9 physique ou psychique, juridique, relations familiales, loisirs, relations amicales ou amoureuses, addictions avec ou sans produits, les tristesses, les angoisses, les col\u00e8res, l\u2019alimentation, le sommeil, les projets\u2026).<\/p>\n\n\n\n<p class=\"has-text-align-center has-black-color has-text-color\">Il oriente et accompagne vers des partenaires sp\u00e9cialis\u00e9s si n\u00e9cessaire.<\/p>\n\n\n\n<p class=\"has-text-align-center has-black-color has-text-color\">La Maison de l\u2019adolescence de l\u2019Aube propose aussi des groupes d\u2019\u00e9changes pour parents, deux Consultations Jeunes Consommateurs et une permanence juridique par mois. Bient\u00f4t une permanence Centre de Sant\u00e9 Sexuelle.<\/p>\n\n\n\n<p class=\"has-text-align-center has-black-color has-text-color\"><strong>Confidentiel&nbsp;: Sauf en cas de maltraitance, ce qui se dit \u00e0 la Maison de l\u2019adolescence reste \u00e0 la Maison de l\u2019adolescence.<\/strong> Toutefois, s\u2019il para\u00eet n\u00e9cessaire de contacter des personnes \u00e0 l\u2019ext\u00e9rieur pour mieux r\u00e9pondre \u00e0 la question, cela ne se fait qu\u2019avec l\u2019autorisation express des personnes re\u00e7ues, m\u00eame quand il s\u2019agit des parents. Si quelqu\u2019un refuse de donner son nom, ses coordonn\u00e9es, il en a parfaitement le droit.<\/p>\n\n\n\n<p class=\"has-text-align-center has-black-color has-text-color\">Les entretiens sont propos\u00e9s avec ou sans prise de rdv. Compte-tenu de la fr\u00e9quentation, il est cependant plus sage de prendre rdv.<\/p>\n\n\n\n<div class=\"wp-block-group\"><div class=\"wp-block-group__inner-container is-layout-flow wp-block-group-is-layout-flow\">\n<div class=\"wp-block-columns is-layout-flex wp-container-core-columns-is-layout-9d6595d7 wp-block-columns-is-layout-flex\">\n<div class=\"wp-block-column is-layout-flow wp-block-column-is-layout-flow\">\n<figure class=\"wp-block-image size-large is-resized\"><img loading=\"lazy\" decoding=\"async\" src=\"https:\/\/ideopsy.fr\/wp-content\/uploads\/2023\/01\/Diapositive1-10-1024x576.jpg\" alt=\"\" class=\"wp-image-834\" width=\"459\" height=\"258\" srcset=\"https:\/\/ideopsy.fr\/wp-content\/uploads\/2023\/01\/Diapositive1-10-1024x576.jpg 1024w, https:\/\/ideopsy.fr\/wp-content\/uploads\/2023\/01\/Diapositive1-10-300x169.jpg 300w, https:\/\/ideopsy.fr\/wp-content\/uploads\/2023\/01\/Diapositive1-10-768x432.jpg 768w, https:\/\/ideopsy.fr\/wp-content\/uploads\/2023\/01\/Diapositive1-10.jpg 1280w\" sizes=\"auto, (max-width: 459px) 100vw, 459px\" \/><\/figure>\n\n\n\n<figure class=\"wp-block-image size-large is-resized\"><img loading=\"lazy\" decoding=\"async\" src=\"https:\/\/ideopsy.fr\/wp-content\/uploads\/2023\/01\/Diapositive4-6-1024x576.jpg\" alt=\"\" class=\"wp-image-838\" width=\"470\" height=\"264\" srcset=\"https:\/\/ideopsy.fr\/wp-content\/uploads\/2023\/01\/Diapositive4-6-1024x576.jpg 1024w, https:\/\/ideopsy.fr\/wp-content\/uploads\/2023\/01\/Diapositive4-6-300x169.jpg 300w, https:\/\/ideopsy.fr\/wp-content\/uploads\/2023\/01\/Diapositive4-6-768x432.jpg 768w, https:\/\/ideopsy.fr\/wp-content\/uploads\/2023\/01\/Diapositive4-6.jpg 1280w\" sizes=\"auto, (max-width: 470px) 100vw, 470px\" \/><\/figure>\n\n\n\n<figure class=\"wp-block-image size-large is-resized\"><img loading=\"lazy\" decoding=\"async\" src=\"https:\/\/ideopsy.fr\/wp-content\/uploads\/2023\/01\/Diapositive6-6-1024x576.jpg\" alt=\"\" class=\"wp-image-841\" width=\"436\" height=\"245\" srcset=\"https:\/\/ideopsy.fr\/wp-content\/uploads\/2023\/01\/Diapositive6-6-1024x576.jpg 1024w, https:\/\/ideopsy.fr\/wp-content\/uploads\/2023\/01\/Diapositive6-6-300x169.jpg 300w, https:\/\/ideopsy.fr\/wp-content\/uploads\/2023\/01\/Diapositive6-6-768x432.jpg 768w, https:\/\/ideopsy.fr\/wp-content\/uploads\/2023\/01\/Diapositive6-6.jpg 1280w\" sizes=\"auto, (max-width: 436px) 100vw, 436px\" \/><\/figure>\n\n\n\n<figure class=\"wp-block-image size-large is-resized\"><img loading=\"lazy\" decoding=\"async\" src=\"https:\/\/ideopsy.fr\/wp-content\/uploads\/2023\/01\/Diapositive8-6-1024x576.jpg\" alt=\"\" class=\"wp-image-843\" width=\"469\" height=\"264\" srcset=\"https:\/\/ideopsy.fr\/wp-content\/uploads\/2023\/01\/Diapositive8-6-1024x576.jpg 1024w, https:\/\/ideopsy.fr\/wp-content\/uploads\/2023\/01\/Diapositive8-6-300x169.jpg 300w, https:\/\/ideopsy.fr\/wp-content\/uploads\/2023\/01\/Diapositive8-6-768x432.jpg 768w, https:\/\/ideopsy.fr\/wp-content\/uploads\/2023\/01\/Diapositive8-6.jpg 1280w\" sizes=\"auto, (max-width: 469px) 100vw, 469px\" \/><\/figure>\n\n\n\n<figure class=\"wp-block-image size-large is-resized\"><img loading=\"lazy\" decoding=\"async\" src=\"https:\/\/ideopsy.fr\/wp-content\/uploads\/2023\/01\/Diapositive9-3-1024x576.jpg\" alt=\"\" class=\"wp-image-844\" width=\"454\" height=\"255\" srcset=\"https:\/\/ideopsy.fr\/wp-content\/uploads\/2023\/01\/Diapositive9-3-1024x576.jpg 1024w, https:\/\/ideopsy.fr\/wp-content\/uploads\/2023\/01\/Diapositive9-3-300x169.jpg 300w, https:\/\/ideopsy.fr\/wp-content\/uploads\/2023\/01\/Diapositive9-3-768x432.jpg 768w, https:\/\/ideopsy.fr\/wp-content\/uploads\/2023\/01\/Diapositive9-3.jpg 1280w\" sizes=\"auto, (max-width: 454px) 100vw, 454px\" \/><\/figure>\n<\/div>\n\n\n\n<div class=\"wp-block-column is-layout-flow wp-block-column-is-layout-flow\">\n<figure class=\"wp-block-image size-large is-resized\"><img loading=\"lazy\" decoding=\"async\" src=\"https:\/\/ideopsy.fr\/wp-content\/uploads\/2023\/01\/Diapositive2-10-1024x576.jpg\" alt=\"\" class=\"wp-image-835\" width=\"486\" height=\"273\" srcset=\"https:\/\/ideopsy.fr\/wp-content\/uploads\/2023\/01\/Diapositive2-10-1024x576.jpg 1024w, https:\/\/ideopsy.fr\/wp-content\/uploads\/2023\/01\/Diapositive2-10-300x169.jpg 300w, https:\/\/ideopsy.fr\/wp-content\/uploads\/2023\/01\/Diapositive2-10-768x432.jpg 768w, https:\/\/ideopsy.fr\/wp-content\/uploads\/2023\/01\/Diapositive2-10.jpg 1280w\" sizes=\"auto, (max-width: 486px) 100vw, 486px\" \/><\/figure>\n\n\n\n<figure class=\"wp-block-image size-large is-resized\"><img loading=\"lazy\" decoding=\"async\" src=\"https:\/\/ideopsy.fr\/wp-content\/uploads\/2023\/01\/Diapositive3-6-1024x576.jpg\" alt=\"\" class=\"wp-image-837\" width=\"503\" height=\"283\" srcset=\"https:\/\/ideopsy.fr\/wp-content\/uploads\/2023\/01\/Diapositive3-6-1024x576.jpg 1024w, https:\/\/ideopsy.fr\/wp-content\/uploads\/2023\/01\/Diapositive3-6-300x169.jpg 300w, https:\/\/ideopsy.fr\/wp-content\/uploads\/2023\/01\/Diapositive3-6-768x432.jpg 768w, https:\/\/ideopsy.fr\/wp-content\/uploads\/2023\/01\/Diapositive3-6.jpg 1280w\" sizes=\"auto, (max-width: 503px) 100vw, 503px\" \/><\/figure>\n\n\n\n<figure class=\"wp-block-image size-large is-resized\"><img loading=\"lazy\" decoding=\"async\" src=\"https:\/\/ideopsy.fr\/wp-content\/uploads\/2023\/01\/Diapositive5-6-1024x576.jpg\" alt=\"\" class=\"wp-image-840\" width=\"487\" height=\"274\" srcset=\"https:\/\/ideopsy.fr\/wp-content\/uploads\/2023\/01\/Diapositive5-6-1024x576.jpg 1024w, https:\/\/ideopsy.fr\/wp-content\/uploads\/2023\/01\/Diapositive5-6-300x169.jpg 300w, https:\/\/ideopsy.fr\/wp-content\/uploads\/2023\/01\/Diapositive5-6-768x432.jpg 768w, https:\/\/ideopsy.fr\/wp-content\/uploads\/2023\/01\/Diapositive5-6.jpg 1280w\" sizes=\"auto, (max-width: 487px) 100vw, 487px\" \/><\/figure>\n\n\n\n<figure class=\"wp-block-image size-large is-resized\"><img loading=\"lazy\" decoding=\"async\" src=\"https:\/\/ideopsy.fr\/wp-content\/uploads\/2023\/01\/Diapositive7-6-1024x576.jpg\" alt=\"\" class=\"wp-image-842\" width=\"493\" height=\"277\" srcset=\"https:\/\/ideopsy.fr\/wp-content\/uploads\/2023\/01\/Diapositive7-6-1024x576.jpg 1024w, https:\/\/ideopsy.fr\/wp-content\/uploads\/2023\/01\/Diapositive7-6-300x169.jpg 300w, https:\/\/ideopsy.fr\/wp-content\/uploads\/2023\/01\/Diapositive7-6-768x432.jpg 768w, https:\/\/ideopsy.fr\/wp-content\/uploads\/2023\/01\/Diapositive7-6.jpg 1280w\" sizes=\"auto, (max-width: 493px) 100vw, 493px\" \/><\/figure>\n<\/div>\n<\/div>\n<\/div><\/div>\n\n\n\n<figure class=\"wp-block-image size-large\"><img loading=\"lazy\" decoding=\"async\" width=\"1024\" height=\"552\" src=\"https:\/\/ideopsy.fr\/wp-content\/uploads\/2022\/09\/coordonnees-M2A_page-0001-1024x552.jpg\" alt=\"\" class=\"wp-image-635\" srcset=\"https:\/\/ideopsy.fr\/wp-content\/uploads\/2022\/09\/coordonnees-M2A_page-0001-1024x552.jpg 1024w, https:\/\/ideopsy.fr\/wp-content\/uploads\/2022\/09\/coordonnees-M2A_page-0001-300x162.jpg 300w, https:\/\/ideopsy.fr\/wp-content\/uploads\/2022\/09\/coordonnees-M2A_page-0001-768x414.jpg 768w, https:\/\/ideopsy.fr\/wp-content\/uploads\/2022\/09\/coordonnees-M2A_page-0001.jpg 1433w\" sizes=\"auto, (max-width: 1024px) 100vw, 1024px\" \/><\/figure>\n","protected":false},"excerpt":{"rendered":"<p>#Adolescents #Informer #Accueillir #Echanger #Conseiller #Aider #Ecouter http:\/\/www.maison-adolescence-aube.fr\/ La Maison de l\u2019adolescence de l\u2019Aube, propose un accueil gratuit et confidentiel des jeunes de 11 \u00e0 21 ans, et\/ou leur famille et\/ou les professionnels qui les c\u00f4toient. Toutes les personnes sont re\u00e7ues par un bin\u00f4me d\u2019infirmier (\u00e8re) et \u00e9ducateur (trice) sp\u00e9cialis\u00e9(e)s. [&hellip;]<\/p>\n","protected":false},"author":1,"featured_media":0,"parent":0,"menu_order":0,"comment_status":"closed","ping_status":"closed","template":"","meta":{"_monsterinsights_skip_tracking":false,"_monsterinsights_sitenote_active":false,"_monsterinsights_sitenote_note":"","_monsterinsights_sitenote_category":0,"_uf_show_specific_survey":0,"_uf_disable_surveys":false,"_themeisle_gutenberg_block_has_review":false,"footnotes":""},"class_list":["post-86","page","type-page","status-publish","hentry"],"yoast_head":"<!-- This site is optimized with the Yoast SEO plugin v24.7 - https:\/\/yoast.com\/wordpress\/plugins\/seo\/ -->\n<title>MAISON DE L&#039;ADOLESCENCE DE L&#039;AUBE - IDEO<\/title>\n<meta name=\"robots\" content=\"index, follow, max-snippet:-1, max-image-preview:large, max-video-preview:-1\" \/>\n<link rel=\"canonical\" href=\"https:\/\/ideopsy.fr\/index.php\/maison-de-ladolescence-de-laube\/\" \/>\n<meta property=\"og:locale\" content=\"fr_FR\" \/>\n<meta property=\"og:type\" content=\"article\" \/>\n<meta property=\"og:title\" content=\"MAISON DE L&#039;ADOLESCENCE DE L&#039;AUBE - IDEO\" \/>\n<meta property=\"og:description\" content=\"#Adolescents #Informer #Accueillir #Echanger #Conseiller #Aider #Ecouter http:\/\/www.maison-adolescence-aube.fr\/ La Maison de l\u2019adolescence de l\u2019Aube, propose un accueil gratuit et confidentiel des jeunes de 11 \u00e0 21 ans, et\/ou leur famille et\/ou les professionnels qui les c\u00f4toient. Toutes les personnes sont re\u00e7ues par un bin\u00f4me d\u2019infirmier (\u00e8re) et \u00e9ducateur (trice) sp\u00e9cialis\u00e9(e)s. [&hellip;]\" \/>\n<meta property=\"og:url\" content=\"https:\/\/ideopsy.fr\/index.php\/maison-de-ladolescence-de-laube\/\" \/>\n<meta property=\"og:site_name\" content=\"IDEO\" \/>\n<meta property=\"article:modified_time\" content=\"2023-01-18T15:21:24+00:00\" \/>\n<meta property=\"og:image\" content=\"https:\/\/ideopsy.fr\/wp-content\/uploads\/2021\/12\/MDA-Aube.jpg\" \/>\n<meta name=\"twitter:card\" content=\"summary_large_image\" \/>\n<meta name=\"twitter:label1\" content=\"Dur\u00e9e de lecture estim\u00e9e\" \/>\n\t<meta name=\"twitter:data1\" content=\"4 minutes\" \/>\n<script type=\"application\/ld+json\" class=\"yoast-schema-graph\">{\"@context\":\"https:\/\/schema.org\",\"@graph\":[{\"@type\":\"WebPage\",\"@id\":\"https:\/\/ideopsy.fr\/index.php\/maison-de-ladolescence-de-laube\/\",\"url\":\"https:\/\/ideopsy.fr\/index.php\/maison-de-ladolescence-de-laube\/\",\"name\":\"MAISON DE L'ADOLESCENCE DE L'AUBE - IDEO\",\"isPartOf\":{\"@id\":\"https:\/\/ideopsy.fr\/#website\"},\"primaryImageOfPage\":{\"@id\":\"https:\/\/ideopsy.fr\/index.php\/maison-de-ladolescence-de-laube\/#primaryimage\"},\"image\":{\"@id\":\"https:\/\/ideopsy.fr\/index.php\/maison-de-ladolescence-de-laube\/#primaryimage\"},\"thumbnailUrl\":\"https:\/\/ideopsy.fr\/wp-content\/uploads\/2021\/12\/MDA-Aube.jpg\",\"datePublished\":\"2021-12-14T07:27:39+00:00\",\"dateModified\":\"2023-01-18T15:21:24+00:00\",\"breadcrumb\":{\"@id\":\"https:\/\/ideopsy.fr\/index.php\/maison-de-ladolescence-de-laube\/#breadcrumb\"},\"inLanguage\":\"fr-FR\",\"potentialAction\":[{\"@type\":\"ReadAction\",\"target\":[\"https:\/\/ideopsy.fr\/index.php\/maison-de-ladolescence-de-laube\/\"]}]},{\"@type\":\"ImageObject\",\"inLanguage\":\"fr-FR\",\"@id\":\"https:\/\/ideopsy.fr\/index.php\/maison-de-ladolescence-de-laube\/#primaryimage\",\"url\":\"https:\/\/ideopsy.fr\/wp-content\/uploads\/2021\/12\/MDA-Aube.jpg\",\"contentUrl\":\"https:\/\/ideopsy.fr\/wp-content\/uploads\/2021\/12\/MDA-Aube.jpg\",\"width\":220,\"height\":146},{\"@type\":\"BreadcrumbList\",\"@id\":\"https:\/\/ideopsy.fr\/index.php\/maison-de-ladolescence-de-laube\/#breadcrumb\",\"itemListElement\":[{\"@type\":\"ListItem\",\"position\":1,\"name\":\"Accueil\",\"item\":\"https:\/\/ideopsy.fr\/\"},{\"@type\":\"ListItem\",\"position\":2,\"name\":\"MAISON DE L&rsquo;ADOLESCENCE DE L&rsquo;AUBE\"}]},{\"@type\":\"WebSite\",\"@id\":\"https:\/\/ideopsy.fr\/#website\",\"url\":\"https:\/\/ideopsy.fr\/\",\"name\":\"IDEO\",\"description\":\"sante mentale des jeunes adolescents\",\"publisher\":{\"@id\":\"https:\/\/ideopsy.fr\/#organization\"},\"potentialAction\":[{\"@type\":\"SearchAction\",\"target\":{\"@type\":\"EntryPoint\",\"urlTemplate\":\"https:\/\/ideopsy.fr\/?s={search_term_string}\"},\"query-input\":{\"@type\":\"PropertyValueSpecification\",\"valueRequired\":true,\"valueName\":\"search_term_string\"}}],\"inLanguage\":\"fr-FR\"},{\"@type\":\"Organization\",\"@id\":\"https:\/\/ideopsy.fr\/#organization\",\"name\":\"IDEO\",\"url\":\"https:\/\/ideopsy.fr\/\",\"logo\":{\"@type\":\"ImageObject\",\"inLanguage\":\"fr-FR\",\"@id\":\"https:\/\/ideopsy.fr\/#\/schema\/logo\/image\/\",\"url\":\"http:\/\/ideopsy.fr\/wp-content\/uploads\/2021\/12\/cropped-page-accueil-25-100-Logo-IDEO-officiel.jpg\",\"contentUrl\":\"http:\/\/ideopsy.fr\/wp-content\/uploads\/2021\/12\/cropped-page-accueil-25-100-Logo-IDEO-officiel.jpg\",\"width\":307,\"height\":177,\"caption\":\"IDEO\"},\"image\":{\"@id\":\"https:\/\/ideopsy.fr\/#\/schema\/logo\/image\/\"}}]}<\/script>\n<!-- \/ Yoast SEO plugin. -->","yoast_head_json":{"title":"MAISON DE L'ADOLESCENCE DE L'AUBE - IDEO","robots":{"index":"index","follow":"follow","max-snippet":"max-snippet:-1","max-image-preview":"max-image-preview:large","max-video-preview":"max-video-preview:-1"},"canonical":"https:\/\/ideopsy.fr\/index.php\/maison-de-ladolescence-de-laube\/","og_locale":"fr_FR","og_type":"article","og_title":"MAISON DE L'ADOLESCENCE DE L'AUBE - IDEO","og_description":"#Adolescents #Informer #Accueillir #Echanger #Conseiller #Aider #Ecouter http:\/\/www.maison-adolescence-aube.fr\/ La Maison de l\u2019adolescence de l\u2019Aube, propose un accueil gratuit et confidentiel des jeunes de 11 \u00e0 21 ans, et\/ou leur famille et\/ou les professionnels qui les c\u00f4toient. Toutes les personnes sont re\u00e7ues par un bin\u00f4me d\u2019infirmier (\u00e8re) et \u00e9ducateur (trice) sp\u00e9cialis\u00e9(e)s. [&hellip;]","og_url":"https:\/\/ideopsy.fr\/index.php\/maison-de-ladolescence-de-laube\/","og_site_name":"IDEO","article_modified_time":"2023-01-18T15:21:24+00:00","og_image":[{"url":"https:\/\/ideopsy.fr\/wp-content\/uploads\/2021\/12\/MDA-Aube.jpg","type":"","width":"","height":""}],"twitter_card":"summary_large_image","twitter_misc":{"Dur\u00e9e de lecture estim\u00e9e":"4 minutes"},"schema":{"@context":"https:\/\/schema.org","@graph":[{"@type":"WebPage","@id":"https:\/\/ideopsy.fr\/index.php\/maison-de-ladolescence-de-laube\/","url":"https:\/\/ideopsy.fr\/index.php\/maison-de-ladolescence-de-laube\/","name":"MAISON DE L'ADOLESCENCE DE L'AUBE - IDEO","isPartOf":{"@id":"https:\/\/ideopsy.fr\/#website"},"primaryImageOfPage":{"@id":"https:\/\/ideopsy.fr\/index.php\/maison-de-ladolescence-de-laube\/#primaryimage"},"image":{"@id":"https:\/\/ideopsy.fr\/index.php\/maison-de-ladolescence-de-laube\/#primaryimage"},"thumbnailUrl":"https:\/\/ideopsy.fr\/wp-content\/uploads\/2021\/12\/MDA-Aube.jpg","datePublished":"2021-12-14T07:27:39+00:00","dateModified":"2023-01-18T15:21:24+00:00","breadcrumb":{"@id":"https:\/\/ideopsy.fr\/index.php\/maison-de-ladolescence-de-laube\/#breadcrumb"},"inLanguage":"fr-FR","potentialAction":[{"@type":"ReadAction","target":["https:\/\/ideopsy.fr\/index.php\/maison-de-ladolescence-de-laube\/"]}]},{"@type":"ImageObject","inLanguage":"fr-FR","@id":"https:\/\/ideopsy.fr\/index.php\/maison-de-ladolescence-de-laube\/#primaryimage","url":"https:\/\/ideopsy.fr\/wp-content\/uploads\/2021\/12\/MDA-Aube.jpg","contentUrl":"https:\/\/ideopsy.fr\/wp-content\/uploads\/2021\/12\/MDA-Aube.jpg","width":220,"height":146},{"@type":"BreadcrumbList","@id":"https:\/\/ideopsy.fr\/index.php\/maison-de-ladolescence-de-laube\/#breadcrumb","itemListElement":[{"@type":"ListItem","position":1,"name":"Accueil","item":"https:\/\/ideopsy.fr\/"},{"@type":"ListItem","position":2,"name":"MAISON DE L&rsquo;ADOLESCENCE DE L&rsquo;AUBE"}]},{"@type":"WebSite","@id":"https:\/\/ideopsy.fr\/#website","url":"https:\/\/ideopsy.fr\/","name":"IDEO","description":"sante mentale des jeunes adolescents","publisher":{"@id":"https:\/\/ideopsy.fr\/#organization"},"potentialAction":[{"@type":"SearchAction","target":{"@type":"EntryPoint","urlTemplate":"https:\/\/ideopsy.fr\/?s={search_term_string}"},"query-input":{"@type":"PropertyValueSpecification","valueRequired":true,"valueName":"search_term_string"}}],"inLanguage":"fr-FR"},{"@type":"Organization","@id":"https:\/\/ideopsy.fr\/#organization","name":"IDEO","url":"https:\/\/ideopsy.fr\/","logo":{"@type":"ImageObject","inLanguage":"fr-FR","@id":"https:\/\/ideopsy.fr\/#\/schema\/logo\/image\/","url":"http:\/\/ideopsy.fr\/wp-content\/uploads\/2021\/12\/cropped-page-accueil-25-100-Logo-IDEO-officiel.jpg","contentUrl":"http:\/\/ideopsy.fr\/wp-content\/uploads\/2021\/12\/cropped-page-accueil-25-100-Logo-IDEO-officiel.jpg","width":307,"height":177,"caption":"IDEO"},"image":{"@id":"https:\/\/ideopsy.fr\/#\/schema\/logo\/image\/"}}]}},"_links":{"self":[{"href":"https:\/\/ideopsy.fr\/index.php\/wp-json\/wp\/v2\/pages\/86","targetHints":{"allow":["GET"]}}],"collection":[{"href":"https:\/\/ideopsy.fr\/index.php\/wp-json\/wp\/v2\/pages"}],"about":[{"href":"https:\/\/ideopsy.fr\/index.php\/wp-json\/wp\/v2\/types\/page"}],"author":[{"embeddable":true,"href":"https:\/\/ideopsy.fr\/index.php\/wp-json\/wp\/v2\/users\/1"}],"replies":[{"embeddable":true,"href":"https:\/\/ideopsy.fr\/index.php\/wp-json\/wp\/v2\/comments?post=86"}],"version-history":[{"count":13,"href":"https:\/\/ideopsy.fr\/index.php\/wp-json\/wp\/v2\/pages\/86\/revisions"}],"predecessor-version":[{"id":845,"href":"https:\/\/ideopsy.fr\/index.php\/wp-json\/wp\/v2\/pages\/86\/revisions\/845"}],"wp:attachment":[{"href":"https:\/\/ideopsy.fr\/index.php\/wp-json\/wp\/v2\/media?parent=86"}],"curies":[{"name":"wp","href":"https:\/\/api.w.org\/{rel}","templated":true}]}}