{"id":99,"date":"2021-12-15T08:10:56","date_gmt":"2021-12-15T07:10:56","guid":{"rendered":"https:\/\/ideopsy.fr\/?page_id=99"},"modified":"2022-08-03T09:56:53","modified_gmt":"2022-08-03T07:56:53","slug":"centre-medico-psycho-pedagogique","status":"publish","type":"page","link":"https:\/\/ideopsy.fr\/index.php\/centre-medico-psycho-pedagogique\/","title":{"rendered":"CENTRE MEDICO-PSYCHO-PEDAGOGIQUE"},"content":{"rendered":"\n<div class=\"wp-block-image\"><figure class=\"aligncenter size-full\"><img loading=\"lazy\" decoding=\"async\" width=\"177\" height=\"203\" src=\"https:\/\/ideopsy.fr\/wp-content\/uploads\/2021\/12\/image.png\" alt=\"\" class=\"wp-image-100\"\/><\/figure><\/div>\n\n\n\n<p class=\"has-text-align-center has-text-color\" style=\"color:#228051\"><strong>#AvisSp\u00e9cialis\u00e9 #m\u00e9decinPsychiatre #Th\u00e9rapie #Soins #Psychoth\u00e9rapie #Accompagnement #TroublesApprentissages<\/strong><\/p>\n\n\n\n<p class=\"has-text-align-left has-black-color has-text-color\">Le Centre M\u00e9dico-Psycho P\u00e9dagogique&nbsp; de l\u2019Aube est un lieu d\u2019accueil, d\u2019\u00e9coute, de pr\u00e9vention et de soins, pour des enfants et adolescents \u00e2g\u00e9s de 3 \u00e0 18 ans, confront\u00e9s \u00e0 des situations complexes:<\/p>\n\n\n\n<ul class=\"has-black-color has-text-color wp-block-list\"><li>Difficult\u00e9s psychologiques li\u00e9es \u00e0 l\u2019environnement scolaire, familial&#8230;<\/li><\/ul>\n\n\n\n<ul class=\"has-black-color has-text-color wp-block-list\"><li>Difficult\u00e9s li\u00e9es \u00e0 certains \u00e9v\u00e8nements difficiles (deuil, s\u00e9parations, conflits familiaux\u2026)<\/li><\/ul>\n\n\n\n<ul class=\"has-black-color has-text-color wp-block-list\"><li>Difficult\u00e9s scolaires ou d\u2019apprentissage &#8230;<\/li><\/ul>\n\n\n\n<p class=\"has-text-align-center has-black-color has-text-color\">L\u2019 \u00e9quipe pluridisciplinaire est compos\u00e9e de m\u00e9decins, psychologues, orthophonistes, psychomotriciens, psychop\u00e9dagogues .<\/p>\n\n\n\n<p><\/p>\n\n\n\n<figure class=\"wp-block-image size-large\"><img loading=\"lazy\" decoding=\"async\" width=\"1024\" height=\"558\" src=\"https:\/\/ideopsy.fr\/wp-content\/uploads\/2022\/08\/coordonnees-CMPP-1-1024x558.jpg\" alt=\"\" class=\"wp-image-593\" srcset=\"https:\/\/ideopsy.fr\/wp-content\/uploads\/2022\/08\/coordonnees-CMPP-1-1024x558.jpg 1024w, https:\/\/ideopsy.fr\/wp-content\/uploads\/2022\/08\/coordonnees-CMPP-1-300x163.jpg 300w, https:\/\/ideopsy.fr\/wp-content\/uploads\/2022\/08\/coordonnees-CMPP-1-768x418.jpg 768w, https:\/\/ideopsy.fr\/wp-content\/uploads\/2022\/08\/coordonnees-CMPP-1-1536x836.jpg 1536w, https:\/\/ideopsy.fr\/wp-content\/uploads\/2022\/08\/coordonnees-CMPP-1-2048x1115.jpg 2048w\" sizes=\"auto, (max-width: 1024px) 100vw, 1024px\" \/><\/figure>\n\n\n\n<p class=\"has-text-align-center has-text-color\" style=\"color:#0013a3\"><\/p>\n","protected":false},"excerpt":{"rendered":"<p>#AvisSp\u00e9cialis\u00e9 #m\u00e9decinPsychiatre #Th\u00e9rapie #Soins #Psychoth\u00e9rapie #Accompagnement #TroublesApprentissages Le Centre M\u00e9dico-Psycho P\u00e9dagogique&nbsp; de l\u2019Aube est un lieu d\u2019accueil, d\u2019\u00e9coute, de pr\u00e9vention et de soins, pour des enfants et adolescents \u00e2g\u00e9s de 3 \u00e0 18 ans, confront\u00e9s \u00e0 des situations complexes: Difficult\u00e9s psychologiques li\u00e9es \u00e0 l\u2019environnement scolaire, familial&#8230; Difficult\u00e9s li\u00e9es \u00e0 certains [&hellip;]<\/p>\n","protected":false},"author":1,"featured_media":0,"parent":0,"menu_order":0,"comment_status":"closed","ping_status":"closed","template":"","meta":{"_monsterinsights_skip_tracking":false,"_monsterinsights_sitenote_active":false,"_monsterinsights_sitenote_note":"","_monsterinsights_sitenote_category":0,"_uf_show_specific_survey":0,"_uf_disable_surveys":false,"_themeisle_gutenberg_block_has_review":false,"footnotes":""},"class_list":["post-99","page","type-page","status-publish","hentry"],"yoast_head":"<!-- This site is optimized with the Yoast SEO plugin v24.7 - https:\/\/yoast.com\/wordpress\/plugins\/seo\/ -->\n<title>CENTRE MEDICO-PSYCHO-PEDAGOGIQUE - IDEO<\/title>\n<meta name=\"robots\" content=\"index, follow, max-snippet:-1, max-image-preview:large, max-video-preview:-1\" \/>\n<link rel=\"canonical\" href=\"https:\/\/ideopsy.fr\/index.php\/centre-medico-psycho-pedagogique\/\" \/>\n<meta property=\"og:locale\" content=\"fr_FR\" \/>\n<meta property=\"og:type\" content=\"article\" \/>\n<meta property=\"og:title\" content=\"CENTRE MEDICO-PSYCHO-PEDAGOGIQUE - IDEO\" \/>\n<meta property=\"og:description\" content=\"#AvisSp\u00e9cialis\u00e9 #m\u00e9decinPsychiatre #Th\u00e9rapie #Soins #Psychoth\u00e9rapie #Accompagnement #TroublesApprentissages Le Centre M\u00e9dico-Psycho P\u00e9dagogique&nbsp; de l\u2019Aube est un lieu d\u2019accueil, d\u2019\u00e9coute, de pr\u00e9vention et de soins, pour des enfants et adolescents \u00e2g\u00e9s de 3 \u00e0 18 ans, confront\u00e9s \u00e0 des situations complexes: Difficult\u00e9s psychologiques li\u00e9es \u00e0 l\u2019environnement scolaire, familial&#8230; Difficult\u00e9s li\u00e9es \u00e0 certains [&hellip;]\" \/>\n<meta property=\"og:url\" content=\"https:\/\/ideopsy.fr\/index.php\/centre-medico-psycho-pedagogique\/\" \/>\n<meta property=\"og:site_name\" content=\"IDEO\" \/>\n<meta property=\"article:modified_time\" content=\"2022-08-03T07:56:53+00:00\" \/>\n<meta property=\"og:image\" content=\"https:\/\/ideopsy.fr\/wp-content\/uploads\/2021\/12\/image.png\" \/>\n<meta name=\"twitter:card\" content=\"summary_large_image\" \/>\n<meta name=\"twitter:label1\" content=\"Dur\u00e9e de lecture estim\u00e9e\" \/>\n\t<meta name=\"twitter:data1\" content=\"1 minute\" \/>\n<script type=\"application\/ld+json\" class=\"yoast-schema-graph\">{\"@context\":\"https:\/\/schema.org\",\"@graph\":[{\"@type\":\"WebPage\",\"@id\":\"https:\/\/ideopsy.fr\/index.php\/centre-medico-psycho-pedagogique\/\",\"url\":\"https:\/\/ideopsy.fr\/index.php\/centre-medico-psycho-pedagogique\/\",\"name\":\"CENTRE MEDICO-PSYCHO-PEDAGOGIQUE - IDEO\",\"isPartOf\":{\"@id\":\"https:\/\/ideopsy.fr\/#website\"},\"primaryImageOfPage\":{\"@id\":\"https:\/\/ideopsy.fr\/index.php\/centre-medico-psycho-pedagogique\/#primaryimage\"},\"image\":{\"@id\":\"https:\/\/ideopsy.fr\/index.php\/centre-medico-psycho-pedagogique\/#primaryimage\"},\"thumbnailUrl\":\"https:\/\/ideopsy.fr\/wp-content\/uploads\/2021\/12\/image.png\",\"datePublished\":\"2021-12-15T07:10:56+00:00\",\"dateModified\":\"2022-08-03T07:56:53+00:00\",\"breadcrumb\":{\"@id\":\"https:\/\/ideopsy.fr\/index.php\/centre-medico-psycho-pedagogique\/#breadcrumb\"},\"inLanguage\":\"fr-FR\",\"potentialAction\":[{\"@type\":\"ReadAction\",\"target\":[\"https:\/\/ideopsy.fr\/index.php\/centre-medico-psycho-pedagogique\/\"]}]},{\"@type\":\"ImageObject\",\"inLanguage\":\"fr-FR\",\"@id\":\"https:\/\/ideopsy.fr\/index.php\/centre-medico-psycho-pedagogique\/#primaryimage\",\"url\":\"https:\/\/ideopsy.fr\/wp-content\/uploads\/2021\/12\/image.png\",\"contentUrl\":\"https:\/\/ideopsy.fr\/wp-content\/uploads\/2021\/12\/image.png\",\"width\":177,\"height\":203},{\"@type\":\"BreadcrumbList\",\"@id\":\"https:\/\/ideopsy.fr\/index.php\/centre-medico-psycho-pedagogique\/#breadcrumb\",\"itemListElement\":[{\"@type\":\"ListItem\",\"position\":1,\"name\":\"Accueil\",\"item\":\"https:\/\/ideopsy.fr\/\"},{\"@type\":\"ListItem\",\"position\":2,\"name\":\"CENTRE MEDICO-PSYCHO-PEDAGOGIQUE\"}]},{\"@type\":\"WebSite\",\"@id\":\"https:\/\/ideopsy.fr\/#website\",\"url\":\"https:\/\/ideopsy.fr\/\",\"name\":\"IDEO\",\"description\":\"sante mentale des jeunes adolescents\",\"publisher\":{\"@id\":\"https:\/\/ideopsy.fr\/#organization\"},\"potentialAction\":[{\"@type\":\"SearchAction\",\"target\":{\"@type\":\"EntryPoint\",\"urlTemplate\":\"https:\/\/ideopsy.fr\/?s={search_term_string}\"},\"query-input\":{\"@type\":\"PropertyValueSpecification\",\"valueRequired\":true,\"valueName\":\"search_term_string\"}}],\"inLanguage\":\"fr-FR\"},{\"@type\":\"Organization\",\"@id\":\"https:\/\/ideopsy.fr\/#organization\",\"name\":\"IDEO\",\"url\":\"https:\/\/ideopsy.fr\/\",\"logo\":{\"@type\":\"ImageObject\",\"inLanguage\":\"fr-FR\",\"@id\":\"https:\/\/ideopsy.fr\/#\/schema\/logo\/image\/\",\"url\":\"http:\/\/ideopsy.fr\/wp-content\/uploads\/2021\/12\/cropped-page-accueil-25-100-Logo-IDEO-officiel.jpg\",\"contentUrl\":\"http:\/\/ideopsy.fr\/wp-content\/uploads\/2021\/12\/cropped-page-accueil-25-100-Logo-IDEO-officiel.jpg\",\"width\":307,\"height\":177,\"caption\":\"IDEO\"},\"image\":{\"@id\":\"https:\/\/ideopsy.fr\/#\/schema\/logo\/image\/\"}}]}<\/script>\n<!-- \/ Yoast SEO plugin. -->","yoast_head_json":{"title":"CENTRE MEDICO-PSYCHO-PEDAGOGIQUE - IDEO","robots":{"index":"index","follow":"follow","max-snippet":"max-snippet:-1","max-image-preview":"max-image-preview:large","max-video-preview":"max-video-preview:-1"},"canonical":"https:\/\/ideopsy.fr\/index.php\/centre-medico-psycho-pedagogique\/","og_locale":"fr_FR","og_type":"article","og_title":"CENTRE MEDICO-PSYCHO-PEDAGOGIQUE - IDEO","og_description":"#AvisSp\u00e9cialis\u00e9 #m\u00e9decinPsychiatre #Th\u00e9rapie #Soins #Psychoth\u00e9rapie #Accompagnement #TroublesApprentissages Le Centre M\u00e9dico-Psycho P\u00e9dagogique&nbsp; de l\u2019Aube est un lieu d\u2019accueil, d\u2019\u00e9coute, de pr\u00e9vention et de soins, pour des enfants et adolescents \u00e2g\u00e9s de 3 \u00e0 18 ans, confront\u00e9s \u00e0 des situations complexes: Difficult\u00e9s psychologiques li\u00e9es \u00e0 l\u2019environnement scolaire, familial&#8230; Difficult\u00e9s li\u00e9es \u00e0 certains [&hellip;]","og_url":"https:\/\/ideopsy.fr\/index.php\/centre-medico-psycho-pedagogique\/","og_site_name":"IDEO","article_modified_time":"2022-08-03T07:56:53+00:00","og_image":[{"url":"https:\/\/ideopsy.fr\/wp-content\/uploads\/2021\/12\/image.png","type":"","width":"","height":""}],"twitter_card":"summary_large_image","twitter_misc":{"Dur\u00e9e de lecture estim\u00e9e":"1 minute"},"schema":{"@context":"https:\/\/schema.org","@graph":[{"@type":"WebPage","@id":"https:\/\/ideopsy.fr\/index.php\/centre-medico-psycho-pedagogique\/","url":"https:\/\/ideopsy.fr\/index.php\/centre-medico-psycho-pedagogique\/","name":"CENTRE MEDICO-PSYCHO-PEDAGOGIQUE - IDEO","isPartOf":{"@id":"https:\/\/ideopsy.fr\/#website"},"primaryImageOfPage":{"@id":"https:\/\/ideopsy.fr\/index.php\/centre-medico-psycho-pedagogique\/#primaryimage"},"image":{"@id":"https:\/\/ideopsy.fr\/index.php\/centre-medico-psycho-pedagogique\/#primaryimage"},"thumbnailUrl":"https:\/\/ideopsy.fr\/wp-content\/uploads\/2021\/12\/image.png","datePublished":"2021-12-15T07:10:56+00:00","dateModified":"2022-08-03T07:56:53+00:00","breadcrumb":{"@id":"https:\/\/ideopsy.fr\/index.php\/centre-medico-psycho-pedagogique\/#breadcrumb"},"inLanguage":"fr-FR","potentialAction":[{"@type":"ReadAction","target":["https:\/\/ideopsy.fr\/index.php\/centre-medico-psycho-pedagogique\/"]}]},{"@type":"ImageObject","inLanguage":"fr-FR","@id":"https:\/\/ideopsy.fr\/index.php\/centre-medico-psycho-pedagogique\/#primaryimage","url":"https:\/\/ideopsy.fr\/wp-content\/uploads\/2021\/12\/image.png","contentUrl":"https:\/\/ideopsy.fr\/wp-content\/uploads\/2021\/12\/image.png","width":177,"height":203},{"@type":"BreadcrumbList","@id":"https:\/\/ideopsy.fr\/index.php\/centre-medico-psycho-pedagogique\/#breadcrumb","itemListElement":[{"@type":"ListItem","position":1,"name":"Accueil","item":"https:\/\/ideopsy.fr\/"},{"@type":"ListItem","position":2,"name":"CENTRE MEDICO-PSYCHO-PEDAGOGIQUE"}]},{"@type":"WebSite","@id":"https:\/\/ideopsy.fr\/#website","url":"https:\/\/ideopsy.fr\/","name":"IDEO","description":"sante mentale des jeunes adolescents","publisher":{"@id":"https:\/\/ideopsy.fr\/#organization"},"potentialAction":[{"@type":"SearchAction","target":{"@type":"EntryPoint","urlTemplate":"https:\/\/ideopsy.fr\/?s={search_term_string}"},"query-input":{"@type":"PropertyValueSpecification","valueRequired":true,"valueName":"search_term_string"}}],"inLanguage":"fr-FR"},{"@type":"Organization","@id":"https:\/\/ideopsy.fr\/#organization","name":"IDEO","url":"https:\/\/ideopsy.fr\/","logo":{"@type":"ImageObject","inLanguage":"fr-FR","@id":"https:\/\/ideopsy.fr\/#\/schema\/logo\/image\/","url":"http:\/\/ideopsy.fr\/wp-content\/uploads\/2021\/12\/cropped-page-accueil-25-100-Logo-IDEO-officiel.jpg","contentUrl":"http:\/\/ideopsy.fr\/wp-content\/uploads\/2021\/12\/cropped-page-accueil-25-100-Logo-IDEO-officiel.jpg","width":307,"height":177,"caption":"IDEO"},"image":{"@id":"https:\/\/ideopsy.fr\/#\/schema\/logo\/image\/"}}]}},"_links":{"self":[{"href":"https:\/\/ideopsy.fr\/index.php\/wp-json\/wp\/v2\/pages\/99","targetHints":{"allow":["GET"]}}],"collection":[{"href":"https:\/\/ideopsy.fr\/index.php\/wp-json\/wp\/v2\/pages"}],"about":[{"href":"https:\/\/ideopsy.fr\/index.php\/wp-json\/wp\/v2\/types\/page"}],"author":[{"embeddable":true,"href":"https:\/\/ideopsy.fr\/index.php\/wp-json\/wp\/v2\/users\/1"}],"replies":[{"embeddable":true,"href":"https:\/\/ideopsy.fr\/index.php\/wp-json\/wp\/v2\/comments?post=99"}],"version-history":[{"count":8,"href":"https:\/\/ideopsy.fr\/index.php\/wp-json\/wp\/v2\/pages\/99\/revisions"}],"predecessor-version":[{"id":594,"href":"https:\/\/ideopsy.fr\/index.php\/wp-json\/wp\/v2\/pages\/99\/revisions\/594"}],"wp:attachment":[{"href":"https:\/\/ideopsy.fr\/index.php\/wp-json\/wp\/v2\/media?parent=99"}],"curies":[{"name":"wp","href":"https:\/\/api.w.org\/{rel}","templated":true}]}}